{"id":10738,"date":"2023-03-07T11:16:09","date_gmt":"2023-03-07T10:16:09","guid":{"rendered":"https:\/\/hotel-webdesign.com\/offre-referencement-hotel-2"},"modified":"2026-01-14T19:21:38","modified_gmt":"2026-01-14T17:21:38","slug":"community-manager-for-hotels","status":"publish","type":"page","link":"https:\/\/hotel-webdesign.com\/en\/community-manager-for-hotels\/","title":{"rendered":"Community Manager for Hotels"},"content":{"rendered":"<div id=\"fws_69d225a297733\"  data-column-margin=\"default\" data-midnight=\"dark\"  class=\"wpb_row vc_row-fluid vc_row full-width-section\"  style=\"padding-top: 0px; padding-bottom: 0px; \"><div class=\"row-bg-wrap\" data-bg-animation=\"none\" data-bg-animation-delay=\"\" data-bg-overlay=\"false\"><div class=\"inner-wrap row-bg-layer\" ><div class=\"row-bg viewport-desktop\"  style=\"\"><\/div><\/div><\/div><div class=\"row_col_wrap_12 col span_12 dark left\">\n\t<div  class=\"vc_col-sm-12 wpb_column column_container vc_column_container col no-extra-padding inherit_tablet inherit_phone\"  data-padding-pos=\"all\" data-has-bg-color=\"false\" data-bg-color=\"\" data-bg-opacity=\"1\" data-animation=\"\" data-delay=\"0\" >\n\t\t<div class=\"vc_column-inner\" >\n\t\t\t<div class=\"wpb_wrapper\">\n\t\t\t\t<div class=\"row pricing-table five-cols\" data-style=\"default\"><div class=\"pricing-column no-highlight extra-color-2\">\n\t\t\t<h3>features-<\/h3>\n          <div class=\"pricing-column-content\">\n\t\t\t<h4> <span class=\"dollar-sign\">$<\/span> -- <\/h4>\n\t\t\t<span class=\"interval\">Per Month<\/span>\n<div class=\"wpb_text_column wpb_content_element\" >\n\t<ul>\n<li>Number of<br \/>\nmonthly publications<br \/>\n(all networks combined)<\/li>\n<li>Networks<br \/>\nsocial<\/li>\n<li>Customer validation<br \/>\nbefore publication<\/li>\n<li>News<br \/>\nof the establishment<\/li>\n<li>News<br \/>\ntourist &amp; local<\/li>\n<li>Creation<br \/>\nvisuals (image &amp; video)<\/li>\n<li>Writing &amp; editing<br \/>\noptimised hashtags<\/li>\n<li>Publication<br \/>\nstories<\/li>\n<li>Response<br \/>\nto comments<\/li>\n<li>Games<br \/>\ncompetition<\/li>\n<li>Reporting<br \/>\n&amp; follow-up<\/li>\n<\/ul>\n<\/div>\n\n\n\n<\/div><\/div>\n<div class=\"pricing-column no-highlight accent-color\">\n\t\t\t<h3>Starter Offer<\/h3>\n          <div class=\"pricing-column-content\">\n\t\t\t<h4> <span class=\"dollar-sign\">\u20ac<\/span> 199 <\/h4>\n\t\t\t<span class=\"interval\">Per month, 12-month commitment<\/span>\n<div class=\"wpb_text_column wpb_content_element\" >\n\t<ul class=\"features\">\n<li><span style=\"color: #333333;font-size: 150%\">4<\/span><\/li>\n<li><span style=\"color: #333333;font-size: 120%\">FACEBOOK<br \/>\n+ INSTAGRAM<\/span><\/li>\n<li><span style=\"font-size: 120%;color: #333333\">AT<br \/>\nCHOICE<\/span><\/li>\n<li><strong><span style=\"color: #339966;font-size: 150%\">\u2713<\/span><\/strong><\/li>\n<li><strong><span style=\"color: #339966;font-size: 150%\">\u2713<\/span><\/strong><\/li>\n<li><strong><span style=\"color: #339966;font-size: 150%\">\u2713<\/span><\/strong><\/li>\n<li><strong><span style=\"color: #339966;font-size: 150%\">\u2713<\/span><\/strong><\/li>\n<li><span style=\"font-size: 150%\">-<\/span><\/li>\n<li><span style=\"font-size: 150%\">-<\/span><\/li>\n<li><span style=\"font-size: 150%\">-<\/span><\/li>\n<li><span style=\"font-size: 120%;color: #333333\">REPORT (SUMMARY)<\/span><\/li>\n<\/ul>\n<\/div>\n\n\n\n<\/div><\/div>\n<div class=\"pricing-column highlight accent-color\">\n\t\t\t<h3>Performance range<span class=\"highlight-reason\">Popular offer<\/span><\/h3>\n          <div class=\"pricing-column-content\">\n\t\t\t<h4> <span class=\"dollar-sign\">\u20ac<\/span> 449 <\/h4>\n\t\t\t<span class=\"interval\">Per month, 12-month commitment<\/span>\n<div class=\"wpb_text_column wpb_content_element\" >\n\t<ul class=\"features\">\n<li><span style=\"font-size: 150%;color: #333333\">8<\/span><\/li>\n<li><span style=\"font-size: 120%;color: #333333\">FB + INSTA<br \/>\n<span style=\"font-size: 95%\">(TIKTOK OPTIONAL)<\/span><\/span><\/li>\n<li><span style=\"font-size: 120%;color: #333333\">AT<br \/>\nCHOICE<\/span><\/li>\n<li><strong><span style=\"color: #339966;font-size: 150%\">\u2713<\/span><\/strong><\/li>\n<li><strong><span style=\"color: #339966;font-size: 150%\">\u2713<\/span><\/strong><\/li>\n<li><strong><span style=\"color: #339966;font-size: 150%\">\u2713<\/span><\/strong><\/li>\n<li><strong><span style=\"color: #339966;font-size: 150%\">\u2713<\/span><\/strong><\/li>\n<li><strong><span style=\"color: #339966;font-size: 150%\">\u2713<\/span><\/strong><\/li>\n<li><span style=\"font-size: 120%;color: #333333\">1 TIME<br \/>\nPER WEEK<\/span><\/li>\n<li><span style=\"font-size: 150%\">-<\/span><\/li>\n<li><span style=\"font-size: 120%;color: #333333\">PERSONALISED REPORT<\/span><\/li>\n<\/ul>\n<\/div>\n\n\n\n<\/div><\/div>\n<div class=\"pricing-column no-highlight accent-color\">\n\t\t\t<h3>Expert range<\/h3>\n          <div class=\"pricing-column-content\">\n\t\t\t<h4> <span class=\"dollar-sign\">\u20ac<\/span> 899 <\/h4>\n\t\t\t<span class=\"interval\">Per month, 12-month commitment<\/span>\n<div class=\"wpb_text_column wpb_content_element\" >\n\t<ul class=\"features\">\n<li><span style=\"font-size: 150%;color: #333333\">12<\/span><\/li>\n<li><span style=\"font-size: 120%;color: #333333\">FB + INSTA + TIKTOK<\/span><\/li>\n<li><span style=\"font-size: 120%;color: #333333\">AT<br \/>\nCHOICE<\/span><\/li>\n<li><strong><span style=\"color: #339966;font-size: 150%\">\u2713<\/span><\/strong><\/li>\n<li><strong><span style=\"color: #339966;font-size: 150%\">\u2713<\/span><\/strong><\/li>\n<li><strong><span style=\"color: #339966;font-size: 150%\">\u2713<\/span><\/strong><\/li>\n<li><strong><span style=\"color: #339966;font-size: 150%\">\u2713<\/span><\/strong><\/li>\n<li><strong><span style=\"color: #339966;font-size: 150%\">\u2713<\/span><\/strong><\/li>\n<li><strong><span style=\"color: #339966;font-size: 150%\">\u2713<\/span><\/strong><\/li>\n<li><span style=\"font-size: 120%;color: #333333\">2 TIMES<br \/>\nPER YEAR<\/span><\/li>\n<li><span style=\"font-size: 120%;color: #333333\">DETAILED REPORT + RECO<\/span><\/li>\n<\/ul>\n<\/div>\n\n\n\n<\/div><\/div>\n<div class=\"pricing-column no-highlight accent-color\">\n\t\t\t<h3>Excellence range<\/h3>\n          <div class=\"pricing-column-content\">\n\t\t\t<h4> <span class=\"dollar-sign\">\u20ac<\/span> 1499 <\/h4>\n\t\t\t<span class=\"interval\">Per month, 12-month commitment<\/span>\n<div class=\"wpb_text_column wpb_content_element\" >\n\t<ul class=\"features\">\n<li><span style=\"font-size: 150%;color: #333333\">16<\/span><\/li>\n<li><span style=\"font-size: 120%;color: #333333\">FB + INSTA + TIKTOK<\/span><\/li>\n<li><span style=\"font-size: 120%;color: #333333\">AT<br \/>\nCHOICE<\/span><\/li>\n<li><strong><span style=\"color: #339966;font-size: 150%\">\u2713<\/span><\/strong><\/li>\n<li><strong><span style=\"color: #339966;font-size: 150%\">\u2713<\/span><\/strong><\/li>\n<li><strong><span style=\"color: #339966;font-size: 150%\">\u2713<\/span><\/strong><\/li>\n<li><strong><span style=\"color: #339966;font-size: 150%\">\u2713<\/span><\/strong><\/li>\n<li><strong><span style=\"color: #339966;font-size: 150%\">\u2713<\/span><\/strong><\/li>\n<li><strong><span style=\"color: #339966;font-size: 150%\">\u2713<\/span><\/strong><\/li>\n<li><span style=\"font-size: 120%;color: #333333\">3 TIMES<br \/>\nPER YEAR<\/span><\/li>\n<li><span style=\"font-size: 120%;color: #333333\">STRATEGY + ADVANCED REPORTING<\/span><\/li>\n<\/ul>\n<\/div>\n\n\n\n<\/div><\/div><\/div>\n\t\t\t<\/div> \n\t\t<\/div>\n\t<\/div> \n<\/div><\/div>\n\n\t\t<div id=\"fws_69d225a29b1d2\"  data-column-margin=\"default\" data-midnight=\"dark\"  class=\"wpb_row vc_row-fluid vc_row details\"  style=\"padding-top: 30px; padding-bottom: 0px; \"><div class=\"row-bg-wrap\" data-bg-animation=\"none\" data-bg-animation-delay=\"\" data-bg-overlay=\"false\"><div class=\"inner-wrap row-bg-layer\" ><div class=\"row-bg viewport-desktop\"  style=\"\"><\/div><\/div><\/div><div class=\"row_col_wrap_12 col span_12 dark left\">\n\t<div  class=\"vc_col-sm-6 wpb_column column_container vc_column_container col no-extra-padding inherit_tablet inherit_phone\"  data-padding-pos=\"all\" data-has-bg-color=\"false\" data-bg-color=\"\" data-bg-opacity=\"1\" data-animation=\"\" data-delay=\"0\" >\n\t\t<div class=\"vc_column-inner\" >\n\t\t\t<div class=\"wpb_wrapper\">\n\t\t\t\t\n<div class=\"wpb_text_column wpb_content_element\" >\n\t<h2 style=\"text-align: center; color: #acb9ca;\">Our collaborative method for managing your social networks<\/h2>\n<\/div>\n\n\n\n\n<div class=\"wpb_text_column wpb_content_element\" >\n\t<p class=\"\">Our team will work with you right from the start to ensure that your production is regular, consistent with your image and conversion-oriented (site visits, calls, requests, bookings):<\/p>\n<ul>\n<li class=\"\">\n<p class=\"\"><strong>Editorial plan &amp; timetable<\/strong> A monthly (and seasonal) schedule with themes tailored to your establishment and your tourist area.<\/p>\n<\/li>\n<li class=\"\">\n<p class=\"\"><strong>Social media graphic charter<\/strong> : your identity (colours, typeface, photo style) for harmonised publications.<\/p>\n<\/li>\n<li class=\"\">\n<p class=\"\"><strong>Gathering information<\/strong> You send us offers, events, highlights and new products. We'll add them to the calendar.<\/p>\n<\/li>\n<li class=\"\">\n<p class=\"\"><strong>Copywriting &amp; optimisation<\/strong> The texts are adapted to the network, with relevant hashtags and calls to action (book, call, discover).<\/p>\n<\/li>\n<li class=\"\">\n<p class=\"\"><strong>Interaction &amp; moderation<\/strong> Depending on the formula, we respond to comments to maintain a professional and responsive presence.<\/p>\n<\/li>\n<\/ul>\n<p><img loading=\"lazy\" decoding=\"async\" class=\"size-full wp-image-8401 alignnone\" style=\"display: none;\" src=\"https:\/\/hotel-webdesign.com\/wp-content\/uploads\/2022\/05\/referencement-hotel.png\" alt=\"\" width=\"262\" height=\"86\" \/><\/p>\n<\/div>\n\n\n\n\n\t\t\t<\/div> \n\t\t<\/div>\n\t<\/div> \n\n\n\t<div  class=\"vc_col-sm-6 wpb_column column_container vc_column_container col no-extra-padding inherit_tablet inherit_phone\"  data-padding-pos=\"all\" data-has-bg-color=\"false\" data-bg-color=\"\" data-bg-opacity=\"1\" data-animation=\"\" data-delay=\"0\" >\n\t\t<div class=\"vc_column-inner\" >\n\t\t\t<div class=\"wpb_wrapper\">\n\t\t\t\t\n<div class=\"wpb_text_column wpb_content_element\" >\n\t<h2 style=\"text-align: center; color: #acb9ca;\">General terms and conditions<\/h2>\n<\/div>\n\n\n\n\n<div class=\"wpb_text_column wpb_content_element\" >\n\t<ul>\n<li class=\"\">\n<p class=\"\"><strong>Content rights<\/strong> Copyright: the elements supplied by the customer must be free of copyright. The customer guarantees not to infringe the rights of third parties. Failing this, the agency reserves the right not to publish.<\/p>\n<\/li>\n<li class=\"\">\n<p class=\"\"><strong>Compliance with legislation<\/strong> Content that complies with French and European legislation (intellectual property, image rights, data protection).<\/p>\n<\/li>\n<li class=\"\">\n<p class=\"\"><strong>On-site production<\/strong> Video shoots, photo shoots, travel and on-site photography not included (additional estimate required).<\/p>\n<\/li>\n<li class=\"\">\n<p class=\"\"><strong>Recovery and conservation<\/strong> Archiving: at the end of the contract, the content created remains available to the customer. Archiving is possible 3 months after the end of the contract.<\/p>\n<\/li>\n<li class=\"\">\n<p class=\"\"><strong>Renewal<\/strong> 12-month contract, tacitly renewable. Termination by written notice 30 days before renewal.<\/p>\n<\/li>\n<li class=\"\">\n<p class=\"\"><strong>Collaborative engagement<\/strong> The customer undertakes to validate and transmit the information within a reasonable time.<\/p>\n<\/li>\n<\/ul>\n<p><img loading=\"lazy\" decoding=\"async\" class=\"size-full wp-image-8401 alignnone\" style=\"display: none;\" src=\"https:\/\/hotel-webdesign.com\/wp-content\/uploads\/2022\/05\/referencement-hotel.png\" alt=\"\" width=\"262\" height=\"86\" \/><\/p>\n<\/div>\n\n\n\n\n\t\t\t<\/div> \n\t\t<\/div>\n\t<\/div> \n<\/div><\/div>","protected":false},"excerpt":{"rendered":"features- $ -- Per Month Number of monthly posts (all networks combined) Social networks Client approval before publishing Establishment news Tourist &amp; local news Creation of visuals (image &amp; video)...","protected":false},"author":1,"featured_media":10766,"parent":0,"menu_order":0,"comment_status":"closed","ping_status":"closed","template":"","meta":{"footnotes":""},"class_list":["post-10738","page","type-page","status-publish","has-post-thumbnail"],"yoast_head":"<!-- This site is optimized with the Yoast SEO plugin v27.1.1 - https:\/\/yoast.com\/product\/yoast-seo-wordpress\/ -->\n<title>Community Manager pour H\u00f4tels | Cr\u00e9ation Site H\u00f4tellerie &amp; Tourisme | Hotel Web Design<\/title>\n<meta name=\"description\" content=\"Community manager pour h\u00f4tel, gestion des reseaux sociaux pour h\u00f4tels, \u00e9tablissements h\u00f4teliers et restaurateurs.\" \/>\n<meta name=\"robots\" content=\"index, follow, max-snippet:-1, max-image-preview:large, max-video-preview:-1\" \/>\n<link rel=\"canonical\" href=\"https:\/\/hotel-webdesign.com\/en\/community-manager-for-hotels\/\" \/>\n<meta property=\"og:locale\" content=\"en_GB\" \/>\n<meta property=\"og:type\" content=\"article\" \/>\n<meta property=\"og:title\" content=\"Community Manager pour H\u00f4tels | Cr\u00e9ation Site H\u00f4tellerie &amp; Tourisme | Hotel Web Design\" \/>\n<meta property=\"og:description\" content=\"Community manager pour h\u00f4tel, gestion des reseaux sociaux pour h\u00f4tels, \u00e9tablissements h\u00f4teliers et restaurateurs.\" \/>\n<meta property=\"og:url\" content=\"https:\/\/hotel-webdesign.com\/en\/community-manager-for-hotels\/\" \/>\n<meta property=\"og:site_name\" content=\"Cr\u00e9ation Site H\u00f4tellerie &amp; Tourisme | Hotel Web Design\" \/>\n<meta property=\"article:publisher\" content=\"https:\/\/www.facebook.com\/hotelwebd\" \/>\n<meta property=\"article:modified_time\" content=\"2026-01-14T17:21:38+00:00\" \/>\n<meta property=\"og:image\" content=\"https:\/\/hotel-webdesign.com\/wp-content\/uploads\/2023\/03\/community-managemer-hotel-reseaux-sociaux.jpg\" \/>\n\t<meta property=\"og:image:width\" content=\"960\" \/>\n\t<meta property=\"og:image:height\" content=\"638\" \/>\n\t<meta property=\"og:image:type\" content=\"image\/jpeg\" \/>\n<script type=\"application\/ld+json\" class=\"yoast-schema-graph\">{\"@context\":\"https:\/\/schema.org\",\"@graph\":[{\"@type\":\"WebPage\",\"@id\":\"https:\/\/hotel-webdesign.com\/community-manager-pour-hotels\/\",\"url\":\"https:\/\/hotel-webdesign.com\/community-manager-pour-hotels\/\",\"name\":\"Community Manager pour H\u00f4tels | Cr\u00e9ation Site H\u00f4tellerie &amp; Tourisme | Hotel Web Design\",\"isPartOf\":{\"@id\":\"https:\/\/hotel-webdesign.com\/#website\"},\"primaryImageOfPage\":{\"@id\":\"https:\/\/hotel-webdesign.com\/community-manager-pour-hotels\/#primaryimage\"},\"image\":{\"@id\":\"https:\/\/hotel-webdesign.com\/community-manager-pour-hotels\/#primaryimage\"},\"thumbnailUrl\":\"https:\/\/hotel-webdesign.com\/wp-content\/uploads\/2023\/03\/community-managemer-hotel-reseaux-sociaux.jpg\",\"datePublished\":\"2023-03-07T10:16:09+00:00\",\"dateModified\":\"2026-01-14T17:21:38+00:00\",\"description\":\"Community manager pour h\u00f4tel, gestion des reseaux sociaux pour h\u00f4tels, \u00e9tablissements h\u00f4teliers et restaurateurs.\",\"breadcrumb\":{\"@id\":\"https:\/\/hotel-webdesign.com\/community-manager-pour-hotels\/#breadcrumb\"},\"inLanguage\":\"en-GB\",\"potentialAction\":[{\"@type\":\"ReadAction\",\"target\":[\"https:\/\/hotel-webdesign.com\/community-manager-pour-hotels\/\"]}]},{\"@type\":\"ImageObject\",\"inLanguage\":\"en-GB\",\"@id\":\"https:\/\/hotel-webdesign.com\/community-manager-pour-hotels\/#primaryimage\",\"url\":\"https:\/\/hotel-webdesign.com\/wp-content\/uploads\/2023\/03\/community-managemer-hotel-reseaux-sociaux.jpg\",\"contentUrl\":\"https:\/\/hotel-webdesign.com\/wp-content\/uploads\/2023\/03\/community-managemer-hotel-reseaux-sociaux.jpg\",\"width\":960,\"height\":638},{\"@type\":\"BreadcrumbList\",\"@id\":\"https:\/\/hotel-webdesign.com\/community-manager-pour-hotels\/#breadcrumb\",\"itemListElement\":[{\"@type\":\"ListItem\",\"position\":1,\"name\":\"Accueil\",\"item\":\"https:\/\/hotel-webdesign.com\/es\/\"},{\"@type\":\"ListItem\",\"position\":2,\"name\":\"Community Manager pour H\u00f4tels\"}]},{\"@type\":\"WebSite\",\"@id\":\"https:\/\/hotel-webdesign.com\/#website\",\"url\":\"https:\/\/hotel-webdesign.com\/\",\"name\":\"Hotel Web Design\",\"description\":\"Agence Web H\u00f4tels Restaurants\",\"publisher\":{\"@id\":\"https:\/\/hotel-webdesign.com\/#organization\"},\"alternateName\":\"Agence Web Hotels Restaurants\",\"potentialAction\":[{\"@type\":\"SearchAction\",\"target\":{\"@type\":\"EntryPoint\",\"urlTemplate\":\"https:\/\/hotel-webdesign.com\/?s={search_term_string}\"},\"query-input\":{\"@type\":\"PropertyValueSpecification\",\"valueRequired\":true,\"valueName\":\"search_term_string\"}}],\"inLanguage\":\"en-GB\"},{\"@type\":\"Organization\",\"@id\":\"https:\/\/hotel-webdesign.com\/#organization\",\"name\":\"Hotel Web Design\",\"url\":\"https:\/\/hotel-webdesign.com\/\",\"logo\":{\"@type\":\"ImageObject\",\"inLanguage\":\"en-GB\",\"@id\":\"https:\/\/hotel-webdesign.com\/#\/schema\/logo\/image\/\",\"url\":\"https:\/\/hotel-webdesign.com\/wp-content\/uploads\/2019\/11\/Hotel-Web-Design-logo-v2-version-grise.png\",\"contentUrl\":\"https:\/\/hotel-webdesign.com\/wp-content\/uploads\/2019\/11\/Hotel-Web-Design-logo-v2-version-grise.png\",\"width\":497,\"height\":181,\"caption\":\"Hotel Web Design\"},\"image\":{\"@id\":\"https:\/\/hotel-webdesign.com\/#\/schema\/logo\/image\/\"},\"sameAs\":[\"https:\/\/www.facebook.com\/hotelwebd\"]}]}<\/script>\n<!-- \/ Yoast SEO plugin. -->","yoast_head_json":{"title":"Community Manager for Hotels | Hotel Web Design","description":"Community manager for hotels, social network management for hotels, hotels and restaurants.","robots":{"index":"index","follow":"follow","max-snippet":"max-snippet:-1","max-image-preview":"max-image-preview:large","max-video-preview":"max-video-preview:-1"},"canonical":"https:\/\/hotel-webdesign.com\/en\/community-manager-for-hotels\/","og_locale":"en_GB","og_type":"article","og_title":"Community Manager pour H\u00f4tels | Cr\u00e9ation Site H\u00f4tellerie &amp; Tourisme | Hotel Web Design","og_description":"Community manager pour h\u00f4tel, gestion des reseaux sociaux pour h\u00f4tels, \u00e9tablissements h\u00f4teliers et restaurateurs.","og_url":"https:\/\/hotel-webdesign.com\/en\/community-manager-for-hotels\/","og_site_name":"Cr\u00e9ation Site H\u00f4tellerie &amp; Tourisme | Hotel Web Design","article_publisher":"https:\/\/www.facebook.com\/hotelwebd","article_modified_time":"2026-01-14T17:21:38+00:00","og_image":[{"width":960,"height":638,"url":"https:\/\/hotel-webdesign.com\/wp-content\/uploads\/2023\/03\/community-managemer-hotel-reseaux-sociaux.jpg","type":"image\/jpeg"}],"schema":{"@context":"https:\/\/schema.org","@graph":[{"@type":"WebPage","@id":"https:\/\/hotel-webdesign.com\/community-manager-pour-hotels\/","url":"https:\/\/hotel-webdesign.com\/community-manager-pour-hotels\/","name":"Community Manager for Hotels | Hotel Web Design","isPartOf":{"@id":"https:\/\/hotel-webdesign.com\/#website"},"primaryImageOfPage":{"@id":"https:\/\/hotel-webdesign.com\/community-manager-pour-hotels\/#primaryimage"},"image":{"@id":"https:\/\/hotel-webdesign.com\/community-manager-pour-hotels\/#primaryimage"},"thumbnailUrl":"https:\/\/hotel-webdesign.com\/wp-content\/uploads\/2023\/03\/community-managemer-hotel-reseaux-sociaux.jpg","datePublished":"2023-03-07T10:16:09+00:00","dateModified":"2026-01-14T17:21:38+00:00","description":"Community manager for hotels, social network management for hotels, hotels and restaurants.","breadcrumb":{"@id":"https:\/\/hotel-webdesign.com\/community-manager-pour-hotels\/#breadcrumb"},"inLanguage":"en-GB","potentialAction":[{"@type":"ReadAction","target":["https:\/\/hotel-webdesign.com\/community-manager-pour-hotels\/"]}]},{"@type":"ImageObject","inLanguage":"en-GB","@id":"https:\/\/hotel-webdesign.com\/community-manager-pour-hotels\/#primaryimage","url":"https:\/\/hotel-webdesign.com\/wp-content\/uploads\/2023\/03\/community-managemer-hotel-reseaux-sociaux.jpg","contentUrl":"https:\/\/hotel-webdesign.com\/wp-content\/uploads\/2023\/03\/community-managemer-hotel-reseaux-sociaux.jpg","width":960,"height":638},{"@type":"BreadcrumbList","@id":"https:\/\/hotel-webdesign.com\/community-manager-pour-hotels\/#breadcrumb","itemListElement":[{"@type":"ListItem","position":1,"name":"Accueil","item":"https:\/\/hotel-webdesign.com\/es\/"},{"@type":"ListItem","position":2,"name":"Community Manager pour H\u00f4tels"}]},{"@type":"WebSite","@id":"https:\/\/hotel-webdesign.com\/#website","url":"https:\/\/hotel-webdesign.com\/","name":"Hotel Web Design","description":"Web Agency Hotels Restaurants","publisher":{"@id":"https:\/\/hotel-webdesign.com\/#organization"},"alternateName":"Agence Web Hotels Restaurants","potentialAction":[{"@type":"SearchAction","target":{"@type":"EntryPoint","urlTemplate":"https:\/\/hotel-webdesign.com\/?s={search_term_string}"},"query-input":{"@type":"PropertyValueSpecification","valueRequired":true,"valueName":"search_term_string"}}],"inLanguage":"en-GB"},{"@type":"Organization","@id":"https:\/\/hotel-webdesign.com\/#organization","name":"Hotel Web Design","url":"https:\/\/hotel-webdesign.com\/","logo":{"@type":"ImageObject","inLanguage":"en-GB","@id":"https:\/\/hotel-webdesign.com\/#\/schema\/logo\/image\/","url":"https:\/\/hotel-webdesign.com\/wp-content\/uploads\/2019\/11\/Hotel-Web-Design-logo-v2-version-grise.png","contentUrl":"https:\/\/hotel-webdesign.com\/wp-content\/uploads\/2019\/11\/Hotel-Web-Design-logo-v2-version-grise.png","width":497,"height":181,"caption":"Hotel Web Design"},"image":{"@id":"https:\/\/hotel-webdesign.com\/#\/schema\/logo\/image\/"},"sameAs":["https:\/\/www.facebook.com\/hotelwebd"]}]}},"_links":{"self":[{"href":"https:\/\/hotel-webdesign.com\/en\/wp-json\/wp\/v2\/pages\/10738","targetHints":{"allow":["GET"]}}],"collection":[{"href":"https:\/\/hotel-webdesign.com\/en\/wp-json\/wp\/v2\/pages"}],"about":[{"href":"https:\/\/hotel-webdesign.com\/en\/wp-json\/wp\/v2\/types\/page"}],"author":[{"embeddable":true,"href":"https:\/\/hotel-webdesign.com\/en\/wp-json\/wp\/v2\/users\/1"}],"replies":[{"embeddable":true,"href":"https:\/\/hotel-webdesign.com\/en\/wp-json\/wp\/v2\/comments?post=10738"}],"version-history":[{"count":49,"href":"https:\/\/hotel-webdesign.com\/en\/wp-json\/wp\/v2\/pages\/10738\/revisions"}],"predecessor-version":[{"id":16884,"href":"https:\/\/hotel-webdesign.com\/en\/wp-json\/wp\/v2\/pages\/10738\/revisions\/16884"}],"wp:featuredmedia":[{"embeddable":true,"href":"https:\/\/hotel-webdesign.com\/en\/wp-json\/wp\/v2\/media\/10766"}],"wp:attachment":[{"href":"https:\/\/hotel-webdesign.com\/en\/wp-json\/wp\/v2\/media?parent=10738"}],"curies":[{"name":"wp","href":"https:\/\/api.w.org\/{rel}","templated":true}]}}