{"id":3289,"date":"2019-02-26T16:19:53","date_gmt":"2019-02-26T15:19:53","guid":{"rendered":"https:\/\/hotel-webdesign.com\/?page_id=3289"},"modified":"2025-08-13T09:34:53","modified_gmt":"2025-08-13T07:34:53","slug":"hotel-referencing-offer","status":"publish","type":"page","link":"https:\/\/hotel-webdesign.com\/en\/offre-referencement-hotel\/","title":{"rendered":"Natural referencing offer for hotels"},"content":{"rendered":"<div id=\"fws_69e4eb27c9510\"  data-column-margin=\"default\" data-midnight=\"dark\"  class=\"wpb_row vc_row-fluid vc_row full-width-section\"  style=\"padding-top: 0px; padding-bottom: 0px; \"><div class=\"row-bg-wrap\" data-bg-animation=\"none\" data-bg-animation-delay=\"\" data-bg-overlay=\"false\"><div class=\"inner-wrap row-bg-layer\" ><div class=\"row-bg viewport-desktop\"  style=\"\"><\/div><\/div><\/div><div class=\"row_col_wrap_12 col span_12 dark left\">\n\t<div  class=\"vc_col-sm-12 wpb_column column_container vc_column_container col no-extra-padding inherit_tablet inherit_phone\"  data-padding-pos=\"all\" data-has-bg-color=\"false\" data-bg-color=\"\" data-bg-opacity=\"1\" data-animation=\"\" data-delay=\"0\" >\n\t\t<div class=\"vc_column-inner\" >\n\t\t\t<div class=\"wpb_wrapper\">\n\t\t\t\t<div class=\"row pricing-table four-cols\" data-style=\"default\"><div class=\"pricing-column no-highlight extra-color-2\">\n\t\t\t<h3>features-<\/h3>\n          <div class=\"pricing-column-content\">\n\t\t\t<h4> <span class=\"dollar-sign\">$<\/span> -- <\/h4>\n\t\t\t<span class=\"interval\">Per Month<\/span>\n<div class=\"wpb_text_column wpb_content_element\" >\n\t<ul>\n<li>Number of referral links (annual)<\/li>\n<li>Tying quality<br \/>\n(Domain Authority)<\/li>\n<li>Main choice of positioning keywords<\/li>\n<li>Getting to grips with Google Webmasters Tools &amp; Analytics account<\/li>\n<li>Natural referencing report for your site<\/li>\n<li>Monitoring positioning on the keywords of your choice<\/li>\n<li><span style=\"line-height: 1.5\">Maintenance \/ checking &amp; updating Google Maps - My Business<\/span><\/li>\n<li>Complete audit of your website<br \/>\n(content, text, meshing, tags)<\/li>\n<li>Quarterly referencing report for a competitor of your choice<\/li>\n<li>Campaign reporting<\/li>\n<\/ul>\n<\/div>\n\n\n\n<\/div><\/div><div class=\"pricing-column no-highlight accent-color\">\n\t\t\t<h3>Essential range<\/h3>\n          <div class=\"pricing-column-content\">\n\t\t\t<h4> <span class=\"dollar-sign\">\u20ac<\/span> 79.90 <\/h4>\n\t\t\t<span class=\"interval\">Per month, 12-month commitment<\/span>\n<div class=\"wpb_text_column wpb_content_element\" >\n\t<ul class=\"features\">\n<li><span style=\"color: #333333;font-size: 200%\">10<\/span><\/li>\n<li><span style=\"color: #333333;font-size: 200%\">5 - 25<\/span><\/li>\n<li><span style=\"color: #333333;font-size: 200%\">2 \u00e0 3<\/span><\/li>\n<li><strong><span style=\"color: #339966;font-size: 200%\">\u2713<\/span><\/strong><\/li>\n<li><strong><span style=\"color: #339966;font-size: 200%\">\u2713<\/span><\/strong><\/li>\n<li><strong><span style=\"color: #339966;font-size: 200%\">\u2713<\/span><\/strong><\/li>\n<li><span style=\"font-size: 200%\">-<\/span><\/li>\n<li><span style=\"font-size: 200%\">-<\/span><\/li>\n<li><span style=\"font-size: 200%\">-<\/span><\/li>\n<li><span style=\"font-size: 200%;color: #333333\">Continuous<\/span><\/li>\n<\/ul>\n<\/div>\n\n\n\n<\/div><\/div><div class=\"pricing-column highlight accent-color\">\n\t\t\t<h3>Performance range<span class=\"highlight-reason\">Popular offer<\/span><\/h3>\n          <div class=\"pricing-column-content\">\n\t\t\t<h4> <span class=\"dollar-sign\">\u20ac<\/span> 139.90 <\/h4>\n\t\t\t<span class=\"interval\">Per month, 12-month commitment<\/span>\n<div class=\"wpb_text_column wpb_content_element\" >\n\t<ul class=\"features\">\n<li><span style=\"font-size: 200%;color: #333333\">18<\/span><\/li>\n<li><span style=\"font-size: 200%;color: #333333\">10 - 35<\/span><\/li>\n<li><span style=\"color: #333333;font-size: 200%\">2 \u00e0 4<\/span><\/li>\n<li><strong><span style=\"color: #339966;font-size: 200%\">\u2713<\/span><\/strong><\/li>\n<li><strong><span style=\"color: #339966;font-size: 200%\">\u2713<\/span><\/strong><\/li>\n<li><strong><span style=\"color: #339966;font-size: 200%\">\u2713<\/span><\/strong><\/li>\n<li><strong><span style=\"color: #339966;font-size: 200%\">\u2713<\/span><\/strong><\/li>\n<li><strong><span style=\"color: #339966;font-size: 200%\">\u2713<\/span><\/strong><\/li>\n<li><span style=\"font-size: 200%\">-<\/span><\/li>\n<li><span style=\"font-size: 200%;color: #333333\">Continuous<\/span><\/li>\n<\/ul>\n<\/div>\n\n\n\n<\/div><\/div><div class=\"pricing-column no-highlight accent-color\">\n\t\t\t<h3>Premium range<\/h3>\n          <div class=\"pricing-column-content\">\n\t\t\t<h4> <span class=\"dollar-sign\">\u20ac<\/span> 189.00 <\/h4>\n\t\t\t<span class=\"interval\">Per month, 12-month commitment<\/span>\n<div class=\"wpb_text_column wpb_content_element\" >\n\t<ul class=\"features\">\n<li><span style=\"font-size: 200%;color: #333333\">24<\/span><\/li>\n<li><span style=\"font-size: 200%;color: #333333\">15 - 60<\/span><\/li>\n<li><span style=\"color: #333333;font-size: 200%\">3 \u00e0 5<\/span><\/li>\n<li><strong><span style=\"color: #339966;font-size: 200%\">\u2713<\/span><\/strong><\/li>\n<li><strong><span style=\"color: #339966;font-size: 200%\">\u2713<\/span><\/strong><\/li>\n<li><strong><span style=\"color: #339966;font-size: 200%\">\u2713<\/span><\/strong><\/li>\n<li><strong><span style=\"color: #339966;font-size: 200%\">\u2713<\/span><\/strong><\/li>\n<li><strong><span style=\"color: #339966;font-size: 200%\">\u2713<\/span><\/strong><\/li>\n<li><strong><span style=\"color: #339966;font-size: 200%\">\u2713<\/span><\/strong><\/li>\n<li><span style=\"font-size: 200%;color: #333333\">Continuous<\/span><\/li>\n<\/ul>\n<\/div>\n\n\n\n<\/div><\/div><\/div>\n\t\t\t<\/div> \n\t\t<\/div>\n\t<\/div> \n<\/div><\/div>\n\t\t<div id=\"fws_69e4eb27cb713\"  data-column-margin=\"default\" data-midnight=\"dark\"  class=\"wpb_row vc_row-fluid vc_row\"  style=\"padding-top: 30px; padding-bottom: 0px; \"><div class=\"row-bg-wrap\" data-bg-animation=\"none\" data-bg-animation-delay=\"\" data-bg-overlay=\"false\"><div class=\"inner-wrap row-bg-layer\" ><div class=\"row-bg viewport-desktop\"  style=\"\"><\/div><\/div><\/div><div class=\"row_col_wrap_12 col span_12 dark left\">\n\t<div  class=\"vc_col-sm-6 wpb_column column_container vc_column_container col no-extra-padding inherit_tablet inherit_phone\"  data-padding-pos=\"all\" data-has-bg-color=\"false\" data-bg-color=\"\" data-bg-opacity=\"1\" data-animation=\"\" data-delay=\"0\" >\n\t\t<div class=\"vc_column-inner\" >\n\t\t\t<div class=\"wpb_wrapper\">\n\t\t\t\t\n<div class=\"wpb_text_column wpb_content_element\" >\n\t<h2 style=\"text-align: center; color: #acb9ca;\">Definitions<\/h2>\n<\/div>\n\n\n\n\n<div class=\"wpb_text_column wpb_content_element\" >\n\t<p><strong><span style=\"color: #acb9ca;\">Number of referral links<br \/>\n<\/span><\/strong>The number of annual links that we will insert on different sites to increase your referencing.<\/p>\n<p>The number of links to a website is an important factor in SEO, as search engines such as Google consider links to be votes of confidence in the site. In other words, the more links a site has from other quality sites, the more likely it is to be considered a quality site and the more likely it is to rank at the top of search results for relevant keywords.<\/p>\n<p>However, the effectiveness of campaigns is not based solely on the number of links, but also on their quality. Links from reputable and relevant sites (e.g. hotels) carry more weight than links from less relevant or poor-quality sites.<\/p>\n<p><strong><span style=\"color: #acb9ca;\">Main choice of positioning keywords<br \/>\n<\/span><\/strong>The keywords you want to rank for as a priority. Note that the greater the number of keywords you choose, the less effective your referencing will be for each keyword, as the number of referencing links created for each keyword will be divided by the number of keywords to be positioned.<\/p>\n<p><strong><span style=\"color: #acb9ca;\">Domain Authority<\/span><\/strong><\/p>\n<p>Domain Authority is a measure of a website's reputation. It is a numerical score that indicates how reliable, useful and important a site is considered to be by search engines such as Google.<\/p>\n<p>The Domain Authority score is determined by a number of factors, such as the number and quality of links pointing to the site, the quality of the content, the user-friendliness of the interface and other SEO factors.<\/p>\n<p>The higher a site's Domain Authority score, the more likely it is to rank at the top of search results for relevant keywords.<\/p>\n<p><strong><span style=\"color: #acb9ca;\">Monitoring - performance report<br \/>\n<\/span><\/strong>Your website is analysed from various angles: quality and quantity of keywords, tagging, loading time, backlinks. The professional tools we use are developed by independent companies.<\/p>\n<p><strong><span style=\"color: #acb9ca;\">Webmasters Tools account<br \/>\n<\/span><\/strong>A dedicated interface lets you see which keywords are triggering your site to appear on Google, as well as the click-through rate and average position.<\/p>\n<\/div>\n\n\n\n\n\t\t\t<\/div> \n\t\t<\/div>\n\t<\/div> \n\n\t<div  class=\"vc_col-sm-6 wpb_column column_container vc_column_container col no-extra-padding inherit_tablet inherit_phone\"  data-padding-pos=\"all\" data-has-bg-color=\"false\" data-bg-color=\"\" data-bg-opacity=\"1\" data-animation=\"\" data-delay=\"0\" >\n\t\t<div class=\"vc_column-inner\" >\n\t\t\t<div class=\"wpb_wrapper\">\n\t\t\t\t\n<div class=\"wpb_text_column wpb_content_element\" >\n\t<h2 style=\"text-align: center; color: #acb9ca;\">Organic Hotel SEO<\/h2>\n<\/div>\n\n\n\n\n<div class=\"wpb_text_column wpb_content_element\" >\n\t<p>Search engine optimisation (SEO) campaigns are efforts to improve the visibility and relevance of a website in the organic search results of a search engine (such as Google, Bing, Yahoo, etc.).<\/p>\n<p>This is done by optimising various aspects of the website, such as the keywords used in the content, the structure of the website, the meta tags, the backlinks (links from other websites), etc., so that the site is seen as more relevant to the search queries relevant to your business.<\/p>\n<p>The main aim of these campaigns is to achieve a higher ranking in natural search results, which can lead to increased traffic and sales for your website. SEO campaigns are often a key part of a company's digital marketing strategy to improve their online visibility.<\/p>\n<p><img loading=\"lazy\" decoding=\"async\" class=\"size-full wp-image-8401 alignnone\" style=\"display: none;\" src=\"https:\/\/hotel-webdesign.com\/wp-content\/uploads\/2022\/05\/referencement-hotel.png\" alt=\"\" width=\"262\" height=\"86\" \/><\/p>\n<\/div>\n\n\n\n\n<div class=\"wpb_text_column wpb_content_element\" >\n\t<h2 style=\"text-align: center; color: #acb9ca;\">Hotel Search Engine Marketing (SEM)<\/h2>\n<\/div>\n\n\n\n\n<div class=\"wpb_text_column wpb_content_element\" >\n\t<p>Google Ads\" paid search campaigns (different from the offers above), also known as PPC (Pay-Per-Click) campaigns, are efforts to attract visitors to a website by paying for the adverts that appear in Google's paid search results.<\/p>\n<p>Google Ads campaigns enable you to appear quickly at the top of Google search results, in the form of sponsored ads. These campaigns are based on a pay-per-click auction model, the amount of which is determined by the competitiveness of your sector and the keywords you choose.<\/p>\n<p>When we create a paid search campaign, we choose specific keywords that match the search queries you want to target. You then create ads that will appear at the top or bottom of the search results page depending on the bids and the relevance of your ad to the targeted keywords.<\/p>\n<p>The main aim of these campaigns is to drive quality traffic to your website and increase sales by using targeted advertising that is relevant to users' searches. Paid search campaigns are often an essential digital marketing strategy for businesses looking to increase their online visibility quickly and effectively.<\/p>\n<p>Our Google Ads packages include setting up and configuring the account with keyword proposals at the start of the contract, as well as monthly maintenance to monitor and adjust keywords if necessary. Performance reports are available online.<\/p>\n<p><img loading=\"lazy\" decoding=\"async\" class=\"wp-image-8403 alignleft\" src=\"https:\/\/hotel-webdesign.com\/wp-content\/uploads\/2022\/05\/google-hotel-ads-certified-partner-1.png\" alt=\"\" width=\"240\" height=\"67\" \/><img loading=\"lazy\" decoding=\"async\" class=\"wp-image-3245 alignleft\" style=\"max-width: 140px;\" src=\"https:\/\/hotel-webdesign.com\/wp-content\/uploads\/2019\/02\/hotel-restaurant-google-seo-2-300x175.png\" alt=\"\" width=\"130\" height=\"76\" \/><\/p>\n<p>&nbsp;<\/p>\n<p><img loading=\"lazy\" decoding=\"async\" class=\"size-full wp-image-8401 alignnone\" style=\"display: none;\" src=\"https:\/\/hotel-webdesign.com\/wp-content\/uploads\/2022\/05\/referencement-hotel.png\" alt=\"\" width=\"262\" height=\"86\" \/><\/p>\n<\/div>\n\n\n\n\n\t\t\t<\/div> \n\t\t<\/div>\n\t<\/div> \n<\/div><\/div>","protected":false},"excerpt":{"rendered":"features- $ -- Per Month Number of referencing links (annual) Link quality (Domain Authority) Main choice of positioning keywords Google Webmasters Tools account...","protected":false},"author":1,"featured_media":0,"parent":0,"menu_order":0,"comment_status":"closed","ping_status":"closed","template":"","meta":{"footnotes":""},"class_list":["post-3289","page","type-page","status-publish"],"yoast_head":"<!-- This site is optimized with the Yoast SEO plugin v27.4 - https:\/\/yoast.com\/product\/yoast-seo-wordpress\/ -->\n<title>Offre R\u00e9f\u00e9rencement Naturel H\u00f4tels | Cr\u00e9ation Site H\u00f4tellerie &amp; Tourisme | Hotel Web Design<\/title>\n<meta name=\"description\" content=\"Offres de r\u00e9f\u00e9rencement pour h\u00f4tel restaurant gites et chambres d&#039;h\u00f4tes. R\u00e9f\u00e9rencement naturel et Google Ads avec Hotel Web Design\" \/>\n<meta name=\"robots\" content=\"index, follow, max-snippet:-1, max-image-preview:large, max-video-preview:-1\" \/>\n<link rel=\"canonical\" href=\"https:\/\/hotel-webdesign.com\/en\/hotel-referencing-offer\/\" \/>\n<meta property=\"og:locale\" content=\"en_GB\" \/>\n<meta property=\"og:type\" content=\"article\" \/>\n<meta property=\"og:title\" content=\"Offre R\u00e9f\u00e9rencement Naturel H\u00f4tels | Cr\u00e9ation Site H\u00f4tellerie &amp; Tourisme | Hotel Web Design\" \/>\n<meta property=\"og:description\" content=\"Offres de r\u00e9f\u00e9rencement pour h\u00f4tel restaurant gites et chambres d&#039;h\u00f4tes. R\u00e9f\u00e9rencement naturel et Google Ads avec Hotel Web Design\" \/>\n<meta property=\"og:url\" content=\"https:\/\/hotel-webdesign.com\/en\/hotel-referencing-offer\/\" \/>\n<meta property=\"og:site_name\" content=\"Cr\u00e9ation Site H\u00f4tellerie &amp; Tourisme | Hotel Web Design\" \/>\n<meta property=\"article:publisher\" content=\"https:\/\/www.facebook.com\/hotelwebd\" \/>\n<meta property=\"article:modified_time\" content=\"2025-08-13T07:34:53+00:00\" \/>\n<meta property=\"og:image\" content=\"https:\/\/hotel-webdesign.com\/wp-content\/uploads\/2022\/05\/referencement-hotel.png\" \/>\n<script type=\"application\/ld+json\" class=\"yoast-schema-graph\">{\"@context\":\"https:\\\/\\\/schema.org\",\"@graph\":[{\"@type\":\"WebPage\",\"@id\":\"https:\\\/\\\/hotel-webdesign.com\\\/en\\\/wp-json\\\/wp\\\/v2\\\/pages\\\/3289\",\"url\":\"https:\\\/\\\/hotel-webdesign.com\\\/en\\\/wp-json\\\/wp\\\/v2\\\/pages\\\/3289\",\"name\":\"Offre R\u00e9f\u00e9rencement Naturel H\u00f4tels | Cr\u00e9ation Site H\u00f4tellerie &amp; Tourisme | Hotel Web Design\",\"isPartOf\":{\"@id\":\"https:\\\/\\\/hotel-webdesign.com\\\/#website\"},\"primaryImageOfPage\":{\"@id\":\"https:\\\/\\\/hotel-webdesign.com\\\/offre-referencement-hotel\\\/#primaryimage\"},\"image\":{\"@id\":\"https:\\\/\\\/hotel-webdesign.com\\\/offre-referencement-hotel\\\/#primaryimage\"},\"thumbnailUrl\":\"https:\\\/\\\/hotel-webdesign.com\\\/wp-content\\\/uploads\\\/2022\\\/05\\\/referencement-hotel.png\",\"datePublished\":\"2019-02-26T15:19:53+00:00\",\"dateModified\":\"2025-08-13T07:34:53+00:00\",\"description\":\"Offres de r\u00e9f\u00e9rencement pour h\u00f4tel restaurant gites et chambres d'h\u00f4tes. R\u00e9f\u00e9rencement naturel et Google Ads avec Hotel Web Design\",\"breadcrumb\":{\"@id\":\"https:\\\/\\\/hotel-webdesign.com\\\/offre-referencement-hotel\\\/#breadcrumb\"},\"inLanguage\":\"en-GB\",\"potentialAction\":[{\"@type\":\"ReadAction\",\"target\":[\"https:\\\/\\\/hotel-webdesign.com\\\/offre-referencement-hotel\\\/\"]}]},{\"@type\":\"ImageObject\",\"inLanguage\":\"en-GB\",\"@id\":\"https:\\\/\\\/hotel-webdesign.com\\\/offre-referencement-hotel\\\/#primaryimage\",\"url\":\"https:\\\/\\\/hotel-webdesign.com\\\/wp-content\\\/uploads\\\/2022\\\/05\\\/referencement-hotel.png\",\"contentUrl\":\"https:\\\/\\\/hotel-webdesign.com\\\/wp-content\\\/uploads\\\/2022\\\/05\\\/referencement-hotel.png\"},{\"@type\":\"BreadcrumbList\",\"@id\":\"https:\\\/\\\/hotel-webdesign.com\\\/offre-referencement-hotel\\\/#breadcrumb\",\"itemListElement\":[{\"@type\":\"ListItem\",\"position\":1,\"name\":\"Accueil\",\"item\":\"https:\\\/\\\/hotel-webdesign.com\\\/es\\\/\"},{\"@type\":\"ListItem\",\"position\":2,\"name\":\"Offre R\u00e9f\u00e9rencement Naturel H\u00f4tels\"}]},{\"@type\":\"WebSite\",\"@id\":\"https:\\\/\\\/hotel-webdesign.com\\\/#website\",\"url\":\"https:\\\/\\\/hotel-webdesign.com\\\/\",\"name\":\"Hotel Web Design\",\"description\":\"Agence Web H\u00f4tels Restaurants\",\"publisher\":{\"@id\":\"https:\\\/\\\/hotel-webdesign.com\\\/#organization\"},\"alternateName\":\"Agence Web Hotels Restaurants\",\"potentialAction\":[{\"@type\":\"SearchAction\",\"target\":{\"@type\":\"EntryPoint\",\"urlTemplate\":\"https:\\\/\\\/hotel-webdesign.com\\\/?s={search_term_string}\"},\"query-input\":{\"@type\":\"PropertyValueSpecification\",\"valueRequired\":true,\"valueName\":\"search_term_string\"}}],\"inLanguage\":\"en-GB\"},{\"@type\":\"Organization\",\"@id\":\"https:\\\/\\\/hotel-webdesign.com\\\/#organization\",\"name\":\"Hotel Web Design\",\"url\":\"https:\\\/\\\/hotel-webdesign.com\\\/\",\"logo\":{\"@type\":\"ImageObject\",\"inLanguage\":\"en-GB\",\"@id\":\"https:\\\/\\\/hotel-webdesign.com\\\/#\\\/schema\\\/logo\\\/image\\\/\",\"url\":\"https:\\\/\\\/hotel-webdesign.com\\\/wp-content\\\/uploads\\\/2019\\\/11\\\/Hotel-Web-Design-logo-v2-version-grise.png\",\"contentUrl\":\"https:\\\/\\\/hotel-webdesign.com\\\/wp-content\\\/uploads\\\/2019\\\/11\\\/Hotel-Web-Design-logo-v2-version-grise.png\",\"width\":497,\"height\":181,\"caption\":\"Hotel Web Design\"},\"image\":{\"@id\":\"https:\\\/\\\/hotel-webdesign.com\\\/#\\\/schema\\\/logo\\\/image\\\/\"},\"sameAs\":[\"https:\\\/\\\/www.facebook.com\\\/hotelwebd\"]}]}<\/script>\n<!-- \/ Yoast SEO plugin. -->","yoast_head_json":{"title":"| Hotel Web Design | Natural Search Engine Optimisation for Hotels","description":"Search engine optimisation offers for hotels, restaurants, gites and bed and breakfasts. Search engine optimisation and Google Ads with Hotel Web Design","robots":{"index":"index","follow":"follow","max-snippet":"max-snippet:-1","max-image-preview":"max-image-preview:large","max-video-preview":"max-video-preview:-1"},"canonical":"https:\/\/hotel-webdesign.com\/en\/hotel-referencing-offer\/","og_locale":"en_GB","og_type":"article","og_title":"Offre R\u00e9f\u00e9rencement Naturel H\u00f4tels | Cr\u00e9ation Site H\u00f4tellerie &amp; Tourisme | Hotel Web Design","og_description":"Offres de r\u00e9f\u00e9rencement pour h\u00f4tel restaurant gites et chambres d'h\u00f4tes. R\u00e9f\u00e9rencement naturel et Google Ads avec Hotel Web Design","og_url":"https:\/\/hotel-webdesign.com\/en\/hotel-referencing-offer\/","og_site_name":"Cr\u00e9ation Site H\u00f4tellerie &amp; Tourisme | Hotel Web Design","article_publisher":"https:\/\/www.facebook.com\/hotelwebd","article_modified_time":"2025-08-13T07:34:53+00:00","og_image":[{"url":"https:\/\/hotel-webdesign.com\/wp-content\/uploads\/2022\/05\/referencement-hotel.png","type":"","width":"","height":""}],"schema":{"@context":"https:\/\/schema.org","@graph":[{"@type":"WebPage","@id":"https:\/\/hotel-webdesign.com\/en\/wp-json\/wp\/v2\/pages\/3289","url":"https:\/\/hotel-webdesign.com\/en\/wp-json\/wp\/v2\/pages\/3289","name":"| Hotel Web Design | Natural Search Engine Optimisation for Hotels","isPartOf":{"@id":"https:\/\/hotel-webdesign.com\/#website"},"primaryImageOfPage":{"@id":"https:\/\/hotel-webdesign.com\/offre-referencement-hotel\/#primaryimage"},"image":{"@id":"https:\/\/hotel-webdesign.com\/offre-referencement-hotel\/#primaryimage"},"thumbnailUrl":"https:\/\/hotel-webdesign.com\/wp-content\/uploads\/2022\/05\/referencement-hotel.png","datePublished":"2019-02-26T15:19:53+00:00","dateModified":"2025-08-13T07:34:53+00:00","description":"Search engine optimisation offers for hotels, restaurants, gites and bed and breakfasts. Search engine optimisation and Google Ads with Hotel Web Design","breadcrumb":{"@id":"https:\/\/hotel-webdesign.com\/offre-referencement-hotel\/#breadcrumb"},"inLanguage":"en-GB","potentialAction":[{"@type":"ReadAction","target":["https:\/\/hotel-webdesign.com\/offre-referencement-hotel\/"]}]},{"@type":"ImageObject","inLanguage":"en-GB","@id":"https:\/\/hotel-webdesign.com\/offre-referencement-hotel\/#primaryimage","url":"https:\/\/hotel-webdesign.com\/wp-content\/uploads\/2022\/05\/referencement-hotel.png","contentUrl":"https:\/\/hotel-webdesign.com\/wp-content\/uploads\/2022\/05\/referencement-hotel.png"},{"@type":"BreadcrumbList","@id":"https:\/\/hotel-webdesign.com\/offre-referencement-hotel\/#breadcrumb","itemListElement":[{"@type":"ListItem","position":1,"name":"Accueil","item":"https:\/\/hotel-webdesign.com\/es\/"},{"@type":"ListItem","position":2,"name":"Offre R\u00e9f\u00e9rencement Naturel H\u00f4tels"}]},{"@type":"WebSite","@id":"https:\/\/hotel-webdesign.com\/#website","url":"https:\/\/hotel-webdesign.com\/","name":"Hotel Web Design","description":"Web Agency Hotels Restaurants","publisher":{"@id":"https:\/\/hotel-webdesign.com\/#organization"},"alternateName":"Agence Web Hotels Restaurants","potentialAction":[{"@type":"SearchAction","target":{"@type":"EntryPoint","urlTemplate":"https:\/\/hotel-webdesign.com\/?s={search_term_string}"},"query-input":{"@type":"PropertyValueSpecification","valueRequired":true,"valueName":"search_term_string"}}],"inLanguage":"en-GB"},{"@type":"Organization","@id":"https:\/\/hotel-webdesign.com\/#organization","name":"Hotel Web Design","url":"https:\/\/hotel-webdesign.com\/","logo":{"@type":"ImageObject","inLanguage":"en-GB","@id":"https:\/\/hotel-webdesign.com\/#\/schema\/logo\/image\/","url":"https:\/\/hotel-webdesign.com\/wp-content\/uploads\/2019\/11\/Hotel-Web-Design-logo-v2-version-grise.png","contentUrl":"https:\/\/hotel-webdesign.com\/wp-content\/uploads\/2019\/11\/Hotel-Web-Design-logo-v2-version-grise.png","width":497,"height":181,"caption":"Hotel Web Design"},"image":{"@id":"https:\/\/hotel-webdesign.com\/#\/schema\/logo\/image\/"},"sameAs":["https:\/\/www.facebook.com\/hotelwebd"]}]}},"_links":{"self":[{"href":"https:\/\/hotel-webdesign.com\/en\/wp-json\/wp\/v2\/pages\/3289","targetHints":{"allow":["GET"]}}],"collection":[{"href":"https:\/\/hotel-webdesign.com\/en\/wp-json\/wp\/v2\/pages"}],"about":[{"href":"https:\/\/hotel-webdesign.com\/en\/wp-json\/wp\/v2\/types\/page"}],"author":[{"embeddable":true,"href":"https:\/\/hotel-webdesign.com\/en\/wp-json\/wp\/v2\/users\/1"}],"replies":[{"embeddable":true,"href":"https:\/\/hotel-webdesign.com\/en\/wp-json\/wp\/v2\/comments?post=3289"}],"version-history":[{"count":30,"href":"https:\/\/hotel-webdesign.com\/en\/wp-json\/wp\/v2\/pages\/3289\/revisions"}],"predecessor-version":[{"id":14538,"href":"https:\/\/hotel-webdesign.com\/en\/wp-json\/wp\/v2\/pages\/3289\/revisions\/14538"}],"wp:attachment":[{"href":"https:\/\/hotel-webdesign.com\/en\/wp-json\/wp\/v2\/media?parent=3289"}],"curies":[{"name":"wp","href":"https:\/\/api.w.org\/{rel}","templated":true}]}}