{"id":333,"date":"2020-12-24T13:40:40","date_gmt":"2020-12-24T12:40:40","guid":{"rendered":"https:\/\/hotel-webdesign.com\/?page_id=333"},"modified":"2021-02-08T20:49:32","modified_gmt":"2021-02-08T19:49:32","slug":"photo-report-hotel-restaurant","status":"publish","type":"page","link":"https:\/\/hotel-webdesign.com\/en\/reportage-photo-hotel-restaurant\/","title":{"rendered":"Photo coverage for hotels and restaurants"},"content":{"rendered":"<div id=\"fws_69ebde09ba33f\"  data-column-margin=\"default\" data-midnight=\"dark\"  class=\"wpb_row vc_row-fluid vc_row full-width-content vc_row-o-equal-height vc_row-flex vc_row-o-content-middle\"  style=\"padding-top: 0px; padding-bottom: 0px; \"><div class=\"row-bg-wrap\" data-bg-animation=\"none\" data-bg-animation-delay=\"\" data-bg-overlay=\"true\"><div class=\"inner-wrap row-bg-layer\" ><div class=\"row-bg viewport-desktop\"  style=\"\"><\/div><\/div><div class=\"row-bg-overlay row-bg-layer\" style=\"background-color:#acb9ca;  opacity: 1; \"><\/div><\/div><div class=\"row_col_wrap_12 col span_12 dark left\">\n\t<div  class=\"vc_col-sm-6 wpb_column column_container vc_column_container col centered-text has-animation padding-1-percent inherit_tablet inherit_phone\"  data-padding-pos=\"all\" data-has-bg-color=\"false\" data-bg-color=\"\" data-bg-opacity=\"1\" data-animation=\"fade-in-from-left\" data-delay=\"0\" >\n\t\t<div class=\"vc_column-inner\" >\n\t\t\t<div class=\"wpb_wrapper\">\n\t\t\t\t\n<div class=\"wpb_text_column wpb_content_element\" >\n\t<h2 style=\"text-align: center;\"><span style=\"color: #ffffff; font-size: 20px !important;\">WHY TAKE PHOTOS<\/span><\/h2>\n<\/div>\n\n\n\n\n\t\t\t<\/div> \n\t\t<\/div>\n\t<\/div> \n\n\t<div  class=\"vc_col-sm-6 wpb_column column_container vc_column_container col centered-text has-animation no-extra-padding inherit_tablet inherit_phone\"  data-padding-pos=\"all\" data-has-bg-color=\"false\" data-bg-color=\"\" data-bg-opacity=\"1\" data-animation=\"fade-in-from-right\" data-delay=\"0\" >\n\t\t<div class=\"vc_column-inner\" >\n\t\t\t<div class=\"wpb_wrapper\">\n\t\t\t\t\n<div class=\"wpb_text_column wpb_content_element\" >\n\t<h2 style=\"text-align: center;\"><span class=\"Apple-style-span\" style=\"color: #ffffff; font-size: 20px !important;\">OUR PORTFOLIO<\/span><\/h2>\n<\/div>\n\n\n\n\n\t\t\t<\/div> \n\t\t<\/div>\n\t<\/div> \n<\/div><\/div>\n\t\t<div id=\"fws_69ebde09bb95b\"  data-column-margin=\"default\" data-midnight=\"dark\"  class=\"wpb_row vc_row-fluid vc_row full-width-section\"  style=\"padding-top: 60px; padding-bottom: 100px; \"><div class=\"row-bg-wrap\" data-bg-animation=\"none\" data-bg-animation-delay=\"\" data-bg-overlay=\"false\"><div class=\"inner-wrap row-bg-layer\" ><div class=\"row-bg viewport-desktop\"  style=\"\"><\/div><\/div><\/div><div class=\"nectar-shape-divider-wrap no-color\" style=\" height:80px;\"  data-height=\"80\" data-front=\"true\" data-style=\"waves\" data-position=\"bottom\" ><svg class=\"nectar-shape-divider\" aria-hidden=\"true\" fill=\"\" xmlns=\"http:\/\/www.w3.org\/2000\/svg\" viewbox=\"0 0 1000 300\" preserveaspectratio=\"none\"> <path d=\"M 1000 300 l 1 -230.29 c -217 -12.71 -300.47 129.15 -404 156.29 c -103 27 -174 -30 -257 -29 c -80 1 -130.09 37.07 -214 70 c -61.23 24 -108 15.61 -126 10.61 v 22.39 z\"><\/path> <\/svg><\/div><div class=\"row_col_wrap_12 col span_12 dark left\">\n\t<div  class=\"vc_col-sm-6 wpb_column column_container vc_column_container col boxed has-animation no-extra-padding inherit_tablet inherit_phone\"  data-padding-pos=\"all\" data-has-bg-color=\"false\" data-bg-color=\"\" data-bg-opacity=\"1\" data-animation=\"fade-in-from-left\" data-delay=\"0\" >\n\t\t<div class=\"vc_column-inner\" >\n\t\t\t<div class=\"wpb_wrapper\">\n\t\t\t\t\n<div class=\"wpb_text_column wpb_content_element\" >\n\t<div class=\"nectar-fancy-ul\" data-list-icon=\"icon-salient-thin-line\" data-animation=\"true\" data-animation-delay=\"0\" data-color=\"accent-color\" data-spacing=\"default\" data-alignment=\"left\"> <\/p>\n<ul>\n<li><i class=\"icon-tiny fa fa-check accent-color\"><\/i>Beautiful photos inspire\u00a0<strong>trust<\/strong>. This is a key factor in getting more direct bookings.<\/li>\n<li><i class=\"icon-tiny fa fa-check accent-color\"><\/i>The visual aspect of websites created these days focuses much more on the <strong>graphic<\/strong>\u00a0than ever before. Quality photos are essential.<\/li>\n<li><i class=\"icon-tiny fa fa-check accent-color\"><\/i>You get a digital copy of all your shots, <strong>watermark-free and in HD.<\/strong><\/li>\n<li><i class=\"icon-tiny fa fa-check accent-color\"><\/i>Our photographer specialises in creating <strong>portfolios in architecture \/ <\/strong>indoor shots<\/li>\n<li><i class=\"icon-tiny fa fa-check accent-color\"><\/i>The <strong>rights are assigned<\/strong>You can then use your photos as you wish to promote your establishment.<\/li>\n<li><i class=\"icon-tiny fa fa-check accent-color\"><\/i> Contact us today to discuss your project<\/li>\n<\/ul>\n<p> <\/div>\n<\/div>\n\n\n\n\n\t\t\t<\/div> \n\t\t<\/div>\n\t<\/div> \n\n\t<div  class=\"vc_col-sm-6 wpb_column column_container vc_column_container col boxed has-animation no-extra-padding inherit_tablet inherit_phone\"  data-padding-pos=\"all\" data-has-bg-color=\"false\" data-bg-color=\"\" data-bg-opacity=\"1\" data-animation=\"fade-in-from-right\" data-delay=\"0\" >\n\t\t<div class=\"vc_column-inner\" >\n\t\t\t<div class=\"wpb_wrapper\">\n\t\t\t\t\n\t<div class=\"wpb_gallery wpb_content_element clearfix\">\n\t\t<div class=\"wpb_wrapper\"><div class=\"wpb_gallery_slides wpb_flexslider flex-gallery flexslider\" data-onclick=\"link_no\" data-interval=\"5\" data-flex_fx=\"fade\"><ul class=\"slides\" data-d-autorotate=\"\"><li><img decoding=\"async\" class=\"skip-lazy\" src=\"https:\/\/hotel-webdesign.com\/wp-content\/uploads\/2017\/12\/suite-600x400.jpg\" width=\"600\" height=\"400\" alt=\"suite\" title=\"suite\" loading=\"lazy\" \/><\/li><li><img decoding=\"async\" class=\"skip-lazy\" src=\"https:\/\/hotel-webdesign.com\/wp-content\/uploads\/2017\/12\/tabke-600x400.jpg\" width=\"600\" height=\"400\" alt=\"tabke\" title=\"tabke\" loading=\"lazy\" \/><\/li><li><img decoding=\"async\" class=\"skip-lazy\" src=\"https:\/\/hotel-webdesign.com\/wp-content\/uploads\/2017\/12\/champ-600x400.jpg\" width=\"600\" height=\"400\" alt=\"field\" title=\"field\" loading=\"lazy\" \/><\/li><li><img decoding=\"async\" class=\"skip-lazy\" src=\"https:\/\/hotel-webdesign.com\/wp-content\/uploads\/2017\/12\/table1-600x400.jpg\" width=\"600\" height=\"400\" alt=\"table1\" title=\"table1\" loading=\"lazy\" \/><\/li><li><img decoding=\"async\" class=\"skip-lazy\" src=\"https:\/\/hotel-webdesign.com\/wp-content\/uploads\/2017\/12\/armoire-600x400.jpg\" width=\"600\" height=\"400\" alt=\"cabinet\" title=\"cabinet\" loading=\"lazy\" \/><\/li><li><img decoding=\"async\" class=\"skip-lazy\" src=\"https:\/\/hotel-webdesign.com\/wp-content\/uploads\/2017\/12\/sdb-600x400.jpg\" width=\"600\" height=\"400\" alt=\"bathroom\" title=\"bathroom\" loading=\"lazy\" \/><\/li><li><img decoding=\"async\" class=\"skip-lazy\" src=\"https:\/\/hotel-webdesign.com\/wp-content\/uploads\/2017\/12\/arnaude-600x400.jpg\" width=\"600\" height=\"400\" alt=\"arnaude\" title=\"arnaude\" loading=\"lazy\" \/><\/li><li><img decoding=\"async\" class=\"skip-lazy\" src=\"https:\/\/hotel-webdesign.com\/wp-content\/uploads\/2017\/12\/ch1-600x400.jpg\" width=\"600\" height=\"400\" alt=\"ch1\" title=\"ch1\" loading=\"lazy\" \/><\/li><\/ul><\/div>\n\t\t<\/div> \n\t<\/div> \n\t\t\t<\/div> \n\t\t<\/div>\n\t<\/div> \n<\/div><\/div>","protected":false},"excerpt":{"rendered":"WHY MAKE PHOTOS OUR PORTFOLIO Beautiful photos inspire confidence. It's a vital element in getting more direct bookings. The visual aspect of today's websites is a key factor in...","protected":false},"author":1,"featured_media":0,"parent":0,"menu_order":0,"comment_status":"closed","ping_status":"closed","template":"","meta":{"footnotes":""},"class_list":["post-333","page","type-page","status-publish"],"yoast_head":"<!-- This site is optimized with the Yoast SEO plugin v27.4 - https:\/\/yoast.com\/product\/yoast-seo-wordpress\/ -->\n<title>Reportage photos pour h\u00f4tels et restaurants - Hotel Web Design<\/title>\n<meta name=\"description\" content=\"Reportage photo pour h\u00f4tels et restaurant, cr\u00e9ation d&#039;un portfolio de photos pour h\u00f4tellerie restauration et tourisme\" \/>\n<meta name=\"robots\" content=\"index, follow, max-snippet:-1, max-image-preview:large, max-video-preview:-1\" \/>\n<link rel=\"canonical\" href=\"https:\/\/hotel-webdesign.com\/en\/services__trashed\/photo-report-hotel-restaurant\/\" \/>\n<meta property=\"og:locale\" content=\"en_GB\" \/>\n<meta property=\"og:type\" content=\"article\" \/>\n<meta property=\"og:title\" content=\"Reportage photos pour h\u00f4tels et restaurants - Hotel Web Design\" \/>\n<meta property=\"og:description\" content=\"Reportage photo pour h\u00f4tels et restaurant, cr\u00e9ation d&#039;un portfolio de photos pour h\u00f4tellerie restauration et tourisme\" \/>\n<meta property=\"og:url\" content=\"https:\/\/hotel-webdesign.com\/en\/services__trashed\/photo-report-hotel-restaurant\/\" \/>\n<meta property=\"og:site_name\" content=\"Cr\u00e9ation Site H\u00f4tellerie &amp; Tourisme | Hotel Web Design\" \/>\n<meta property=\"article:publisher\" content=\"https:\/\/www.facebook.com\/hotelwebd\" \/>\n<meta property=\"article:modified_time\" content=\"2021-02-08T19:49:32+00:00\" \/>\n<meta property=\"og:image\" content=\"https:\/\/hotel-webdesign.com\/wp-content\/uploads\/2021\/05\/2-Home-version-noir.jpg\" \/>\n\t<meta property=\"og:image:width\" content=\"2185\" \/>\n\t<meta property=\"og:image:height\" content=\"1966\" \/>\n\t<meta property=\"og:image:type\" content=\"image\/jpeg\" \/>\n<script type=\"application\/ld+json\" class=\"yoast-schema-graph\">{\"@context\":\"https:\\\/\\\/schema.org\",\"@graph\":[{\"@type\":\"WebPage\",\"@id\":\"https:\\\/\\\/hotel-webdesign.com\\\/en\\\/wp-json\\\/wp\\\/v2\\\/pages\\\/333\",\"url\":\"https:\\\/\\\/hotel-webdesign.com\\\/en\\\/wp-json\\\/wp\\\/v2\\\/pages\\\/333\",\"name\":\"Reportage photos pour h\u00f4tels et restaurants - Hotel Web Design\",\"isPartOf\":{\"@id\":\"https:\\\/\\\/hotel-webdesign.com\\\/#website\"},\"datePublished\":\"2020-12-24T12:40:40+00:00\",\"dateModified\":\"2021-02-08T19:49:32+00:00\",\"description\":\"Reportage photo pour h\u00f4tels et restaurant, cr\u00e9ation d'un portfolio de photos pour h\u00f4tellerie restauration et tourisme\",\"breadcrumb\":{\"@id\":\"https:\\\/\\\/hotel-webdesign.com\\\/services__trashed\\\/reportage-photo-hotel-restaurant\\\/#breadcrumb\"},\"inLanguage\":\"en-GB\",\"potentialAction\":[{\"@type\":\"ReadAction\",\"target\":[\"https:\\\/\\\/hotel-webdesign.com\\\/services__trashed\\\/reportage-photo-hotel-restaurant\\\/\"]}]},{\"@type\":\"BreadcrumbList\",\"@id\":\"https:\\\/\\\/hotel-webdesign.com\\\/services__trashed\\\/reportage-photo-hotel-restaurant\\\/#breadcrumb\",\"itemListElement\":[{\"@type\":\"ListItem\",\"position\":1,\"name\":\"Accueil\",\"item\":\"https:\\\/\\\/hotel-webdesign.com\\\/es\\\/\"},{\"@type\":\"ListItem\",\"position\":2,\"name\":\"Reportage photos pour h\u00f4tels et restaurants\"}]},{\"@type\":\"WebSite\",\"@id\":\"https:\\\/\\\/hotel-webdesign.com\\\/#website\",\"url\":\"https:\\\/\\\/hotel-webdesign.com\\\/\",\"name\":\"Hotel Web Design\",\"description\":\"Agence Web H\u00f4tels Restaurants\",\"publisher\":{\"@id\":\"https:\\\/\\\/hotel-webdesign.com\\\/#organization\"},\"alternateName\":\"Agence Web Hotels Restaurants\",\"potentialAction\":[{\"@type\":\"SearchAction\",\"target\":{\"@type\":\"EntryPoint\",\"urlTemplate\":\"https:\\\/\\\/hotel-webdesign.com\\\/?s={search_term_string}\"},\"query-input\":{\"@type\":\"PropertyValueSpecification\",\"valueRequired\":true,\"valueName\":\"search_term_string\"}}],\"inLanguage\":\"en-GB\"},{\"@type\":\"Organization\",\"@id\":\"https:\\\/\\\/hotel-webdesign.com\\\/#organization\",\"name\":\"Hotel Web Design\",\"url\":\"https:\\\/\\\/hotel-webdesign.com\\\/\",\"logo\":{\"@type\":\"ImageObject\",\"inLanguage\":\"en-GB\",\"@id\":\"https:\\\/\\\/hotel-webdesign.com\\\/#\\\/schema\\\/logo\\\/image\\\/\",\"url\":\"https:\\\/\\\/hotel-webdesign.com\\\/wp-content\\\/uploads\\\/2019\\\/11\\\/Hotel-Web-Design-logo-v2-version-grise.png\",\"contentUrl\":\"https:\\\/\\\/hotel-webdesign.com\\\/wp-content\\\/uploads\\\/2019\\\/11\\\/Hotel-Web-Design-logo-v2-version-grise.png\",\"width\":497,\"height\":181,\"caption\":\"Hotel Web Design\"},\"image\":{\"@id\":\"https:\\\/\\\/hotel-webdesign.com\\\/#\\\/schema\\\/logo\\\/image\\\/\"},\"sameAs\":[\"https:\\\/\\\/www.facebook.com\\\/hotelwebd\"]}]}<\/script>\n<!-- \/ Yoast SEO plugin. -->","yoast_head_json":{"title":"Photo reportage for hotels and restaurants - Hotel Web Design","description":"Photo reportage for hotels and restaurants, creation of a photo portfolio for hotels, restaurants and tourism","robots":{"index":"index","follow":"follow","max-snippet":"max-snippet:-1","max-image-preview":"max-image-preview:large","max-video-preview":"max-video-preview:-1"},"canonical":"https:\/\/hotel-webdesign.com\/en\/services__trashed\/photo-report-hotel-restaurant\/","og_locale":"en_GB","og_type":"article","og_title":"Reportage photos pour h\u00f4tels et restaurants - Hotel Web Design","og_description":"Reportage photo pour h\u00f4tels et restaurant, cr\u00e9ation d'un portfolio de photos pour h\u00f4tellerie restauration et tourisme","og_url":"https:\/\/hotel-webdesign.com\/en\/services__trashed\/photo-report-hotel-restaurant\/","og_site_name":"Cr\u00e9ation Site H\u00f4tellerie &amp; Tourisme | Hotel Web Design","article_publisher":"https:\/\/www.facebook.com\/hotelwebd","article_modified_time":"2021-02-08T19:49:32+00:00","og_image":[{"width":2185,"height":1966,"url":"https:\/\/hotel-webdesign.com\/wp-content\/uploads\/2021\/05\/2-Home-version-noir.jpg","type":"image\/jpeg"}],"schema":{"@context":"https:\/\/schema.org","@graph":[{"@type":"WebPage","@id":"https:\/\/hotel-webdesign.com\/en\/wp-json\/wp\/v2\/pages\/333","url":"https:\/\/hotel-webdesign.com\/en\/wp-json\/wp\/v2\/pages\/333","name":"Photo reportage for hotels and restaurants - Hotel Web Design","isPartOf":{"@id":"https:\/\/hotel-webdesign.com\/#website"},"datePublished":"2020-12-24T12:40:40+00:00","dateModified":"2021-02-08T19:49:32+00:00","description":"Photo reportage for hotels and restaurants, creation of a photo portfolio for hotels, restaurants and tourism","breadcrumb":{"@id":"https:\/\/hotel-webdesign.com\/services__trashed\/reportage-photo-hotel-restaurant\/#breadcrumb"},"inLanguage":"en-GB","potentialAction":[{"@type":"ReadAction","target":["https:\/\/hotel-webdesign.com\/services__trashed\/reportage-photo-hotel-restaurant\/"]}]},{"@type":"BreadcrumbList","@id":"https:\/\/hotel-webdesign.com\/services__trashed\/reportage-photo-hotel-restaurant\/#breadcrumb","itemListElement":[{"@type":"ListItem","position":1,"name":"Accueil","item":"https:\/\/hotel-webdesign.com\/es\/"},{"@type":"ListItem","position":2,"name":"Reportage photos pour h\u00f4tels et restaurants"}]},{"@type":"WebSite","@id":"https:\/\/hotel-webdesign.com\/#website","url":"https:\/\/hotel-webdesign.com\/","name":"Hotel Web Design","description":"Web Agency Hotels Restaurants","publisher":{"@id":"https:\/\/hotel-webdesign.com\/#organization"},"alternateName":"Agence Web Hotels Restaurants","potentialAction":[{"@type":"SearchAction","target":{"@type":"EntryPoint","urlTemplate":"https:\/\/hotel-webdesign.com\/?s={search_term_string}"},"query-input":{"@type":"PropertyValueSpecification","valueRequired":true,"valueName":"search_term_string"}}],"inLanguage":"en-GB"},{"@type":"Organization","@id":"https:\/\/hotel-webdesign.com\/#organization","name":"Hotel Web Design","url":"https:\/\/hotel-webdesign.com\/","logo":{"@type":"ImageObject","inLanguage":"en-GB","@id":"https:\/\/hotel-webdesign.com\/#\/schema\/logo\/image\/","url":"https:\/\/hotel-webdesign.com\/wp-content\/uploads\/2019\/11\/Hotel-Web-Design-logo-v2-version-grise.png","contentUrl":"https:\/\/hotel-webdesign.com\/wp-content\/uploads\/2019\/11\/Hotel-Web-Design-logo-v2-version-grise.png","width":497,"height":181,"caption":"Hotel Web Design"},"image":{"@id":"https:\/\/hotel-webdesign.com\/#\/schema\/logo\/image\/"},"sameAs":["https:\/\/www.facebook.com\/hotelwebd"]}]}},"_links":{"self":[{"href":"https:\/\/hotel-webdesign.com\/en\/wp-json\/wp\/v2\/pages\/333","targetHints":{"allow":["GET"]}}],"collection":[{"href":"https:\/\/hotel-webdesign.com\/en\/wp-json\/wp\/v2\/pages"}],"about":[{"href":"https:\/\/hotel-webdesign.com\/en\/wp-json\/wp\/v2\/types\/page"}],"author":[{"embeddable":true,"href":"https:\/\/hotel-webdesign.com\/en\/wp-json\/wp\/v2\/users\/1"}],"replies":[{"embeddable":true,"href":"https:\/\/hotel-webdesign.com\/en\/wp-json\/wp\/v2\/comments?post=333"}],"version-history":[{"count":0,"href":"https:\/\/hotel-webdesign.com\/en\/wp-json\/wp\/v2\/pages\/333\/revisions"}],"wp:attachment":[{"href":"https:\/\/hotel-webdesign.com\/en\/wp-json\/wp\/v2\/media?parent=333"}],"curies":[{"name":"wp","href":"https:\/\/api.w.org\/{rel}","templated":true}]}}