{"id":4456,"date":"2020-04-06T12:48:20","date_gmt":"2020-04-06T11:48:20","guid":{"rendered":"https:\/\/hotel-webdesign.com\/?page_id=4456"},"modified":"2026-03-23T15:57:31","modified_gmt":"2026-03-23T13:57:31","slug":"offer-creation-site-restaurant","status":"publish","type":"page","link":"https:\/\/hotel-webdesign.com\/en\/offer-creation-site-restaurant\/","title":{"rendered":"Restaurant Web Offers"},"content":{"rendered":"<div id=\"fws_69dcd11a09b83\"  data-column-margin=\"30px\" data-midnight=\"dark\"  class=\"wpb_row vc_row-fluid vc_row  right_padding_5pct left_padding_5pct\"  style=\"padding-top: 22px; padding-bottom: 0px; \"><div class=\"row-bg-wrap\" data-bg-animation=\"none\" data-bg-animation-delay=\"\" data-bg-overlay=\"false\"><div class=\"inner-wrap row-bg-layer\" ><div class=\"row-bg viewport-desktop\"  style=\"\"><\/div><\/div><\/div><div class=\"row_col_wrap_12 col span_12 dark left\">\n\t<div  class=\"vc_col-sm-12 wpb_column column_container vc_column_container col no-extra-padding inherit_tablet inherit_phone\"  data-padding-pos=\"all\" data-has-bg-color=\"false\" data-bg-color=\"\" data-bg-opacity=\"1\" data-animation=\"\" data-delay=\"0\" >\n\t\t<div class=\"vc_column-inner\" >\n\t\t\t<div class=\"wpb_wrapper\">\n\t\t\t\t\n<div class=\"wpb_text_column wpb_content_element\" >\n\t<p>The offers below correspond to \"all-inclusive\" subscription packages. Would you prefer a bespoke design? We also offer packages including website acquisition from \u20ac1790. Contact us for details<\/p>\n<\/div>\n\n\n\n<div class=\"row pricing-table four-cols\" data-style=\"default\"><div class=\"pricing-column no-highlight extra-color-2\">\n\t\t\t<h3>features-<\/h3>\n          <div class=\"pricing-column-content\">\n\t\t\t<h4> <span class=\"dollar-sign\">$<\/span> -- <\/h4>\n\t\t\t<span class=\"interval\">Per Month<\/span>\n<div class=\"wpb_text_column wpb_content_element\" >\n\t<ul>\n<li><span style=\"line-height: 1.5;color: #333333\">100% customized responsive website made in France&amp;.<\/span><span style=\"line-height: 1.5;color: #333333\">\u00a0turnkey<\/span><\/li>\n<li><span style=\"line-height: 1.5;color: #333333\">Sitemap creation, G. Analytics &amp; G. File Maps<\/span><\/li>\n<li><span style=\"line-height: 1.5;color: #333333\">Contact form<\/span><\/li>\n<li><span style=\"line-height: 1.5;color: #333333\">Social networks and opinion portals<\/span><\/li>\n<li><span style=\"line-height: 1.5;color: #333333\">Purchase \/ Creation or transfer of a domain name<\/span><\/li>\n<li><span style=\"line-height: 1.5;color: #333333\">Enhanced security for your website \/ HTTPS<\/span><\/li>\n<li><span style=\"line-height: 1.5;color: #333333\">Optimised writing of web content<\/span><\/li>\n<li><span style=\"line-height: 1.5;color: #333333\">Site administration tool, delivery training &amp; manuals<\/span><\/li>\n<li><span style=\"line-height: 1.5;color: #333333\">Table reservation module<\/span><\/li>\n<li><span style=\"line-height: 1.5;color: #333333\">Newsletter, live chat and pop-up modules<\/span><\/li>\n<li><span style=\"line-height: 1.5;color: #333333\">Integration of a product catalogue<\/span><\/li>\n<li><span style=\"line-height: 1.5;color: #333333\">Secure payments \/ Click-collect shop<\/span><\/li>\n<li><span style=\"line-height: 1.5;color: #333333\">Restaurant-specific referencing<\/span><\/li>\n<li><span style=\"line-height: 1.5;color: #333333\">Number of languages<\/span><\/li>\n<li><span style=\"line-height: 1.5;color: #333333\">Number of pages (Premium: +20 shop products included)<\/span><\/li>\n<li><span style=\"line-height: 1.5;color: #333333\">Site optimisation (SEO)<\/span><\/li>\n<li><span style=\"line-height: 1.5;color: #333333\">Domain, email, hosting, maint. + 5 changes per year<\/span><\/li>\n<\/ul>\n<\/div>\n\n\n\n<\/div><\/div><div class=\"pricing-column no-highlight accent-color\">\n\t\t\t<h3>Restaurant range<\/h3>\n          <div class=\"pricing-column-content\">\n\t\t\t<h4> <span class=\"dollar-sign\">\u20ac<\/span> 54,90 <\/h4>\n\t\t\t<span class=\"interval\">Price per month excluding VAT. 24-month commitment. Installation: \u20ac99<\/span>\n<div class=\"wpb_text_column wpb_content_element\" >\n\t<ul class=\"features\">\n<li><strong><span style=\"color: #339966;font-size: 200%\">\u2713<\/span><\/strong><\/li>\n<li><strong><span style=\"color: #339966;font-size: 200%\">\u2713<\/span><\/strong><\/li>\n<li><strong><span style=\"color: #339966;font-size: 200%\">\u2713<\/span><\/strong><\/li>\n<li><strong><span style=\"color: #339966;font-size: 200%\">\u2713<\/span><\/strong><\/li>\n<li><strong><span style=\"color: #339966;font-size: 200%\">\u2713<\/span><\/strong><\/li>\n<li><strong><span style=\"color: #339966;font-size: 200%\">\u2713<\/span><\/strong><\/li>\n<li><strong><span style=\"color: #339966;font-size: 200%\">\u2713<\/span><\/strong><\/li>\n<li><strong><span style=\"color: #339966;font-size: 200%\">\u2713<\/span><\/strong><\/li>\n<li><strong>Form<\/strong><\/li>\n<li><strong>-<\/strong><\/li>\n<li><strong>-<\/strong><\/li>\n<li><strong>-<\/strong><\/li>\n<li><strong>-<\/strong><\/li>\n<li><strong>1<\/strong><\/li>\n<li><strong>5<\/strong><\/li>\n<li><span style=\"font-size: 16px\"><b>ADVANCED<\/b><\/span><\/li>\n<li><strong>Included<\/strong><\/li>\n<\/ul>\n<\/div>\n\n\n\n<\/div><\/div><div class=\"pricing-column highlight accent-color\">\n\t\t\t<h3>Restaurant Pro range<span class=\"highlight-reason\">Popular offer<\/span><\/h3>\n          <div class=\"pricing-column-content\">\n\t\t\t<h4> <span class=\"dollar-sign\">\u20ac<\/span> 69,90 <\/h4>\n\t\t\t<span class=\"interval\">Price per month excluding VAT. 24-month commitment. Installation: \u20ac149<\/span>\n<div class=\"wpb_text_column wpb_content_element\" >\n\t<ul class=\"features\">\n<li><strong><span style=\"color: #339966;font-size: 200%\">\u2713<\/span><\/strong><\/li>\n<li><strong><span style=\"color: #339966;font-size: 200%\">\u2713<\/span><\/strong><\/li>\n<li><strong><span style=\"color: #339966;font-size: 200%\">\u2713<\/span><\/strong><\/li>\n<li><strong><span style=\"color: #339966;font-size: 200%\">\u2713<\/span><\/strong><\/li>\n<li><strong><span style=\"color: #339966;font-size: 200%\">\u2713<\/span><\/strong><\/li>\n<li><strong><span style=\"color: #339966;font-size: 200%\">\u2713<\/span><\/strong><\/li>\n<li><strong><span style=\"color: #339966;font-size: 200%\">\u2713<\/span><\/strong><\/li>\n<li><strong><span style=\"color: #339966;font-size: 200%\">\u2713<\/span><\/strong><\/li>\n<li><strong><span style=\"color: #339966;font-size: 200%\">\u2713<\/span><\/strong><\/li>\n<li><strong><span style=\"color: #339966;font-size: 200%\">\u2713<\/span><\/strong><\/li>\n<li><strong><span style=\"color: #339966;font-size: 200%\">\u2713<\/span><\/strong><\/li>\n<li><strong>-<\/strong><\/li>\n<li><strong>-<\/strong><\/li>\n<li><strong>3<\/strong><\/li>\n<li><strong>10<\/strong><\/li>\n<li><span style=\"font-size: 16px\"><b>ADVANCED<\/b><\/span><\/li>\n<li><strong>Included<\/strong><\/li>\n<\/ul>\n<\/div>\n\n\n\n<\/div><\/div><div class=\"pricing-column no-highlight accent-color\">\n\t\t\t<h3>Premium Restaurant Range<\/h3>\n          <div class=\"pricing-column-content\">\n\t\t\t<h4> <span class=\"dollar-sign\">\u20ac<\/span> 99,90 <\/h4>\n\t\t\t<span class=\"interval\">Price per month excluding VAT. 24-month commitment. Installation: \u20ac99<\/span>\n<div class=\"wpb_text_column wpb_content_element\" >\n\t<ul class=\"features\">\n<li><strong><span style=\"color: #339966;font-size: 200%\">\u2713<\/span><\/strong><\/li>\n<li><strong><span style=\"color: #339966;font-size: 200%\">\u2713<\/span><\/strong><\/li>\n<li><strong><span style=\"color: #339966;font-size: 200%\">\u2713<\/span><\/strong><\/li>\n<li><strong><span style=\"color: #339966;font-size: 200%\">\u2713<\/span><\/strong><\/li>\n<li><strong><span style=\"color: #339966;font-size: 200%\">\u2713<\/span><\/strong><\/li>\n<li><strong><span style=\"color: #339966;font-size: 200%\">\u2713<\/span><\/strong><\/li>\n<li><strong><span style=\"color: #339966;font-size: 200%\">\u2713<\/span><\/strong><b><\/b><\/li>\n<li><strong><span style=\"color: #339966;font-size: 200%\">\u2713<\/span><\/strong><\/li>\n<li><strong><span style=\"color: #339966;font-size: 200%\">\u2713<\/span><\/strong><\/li>\n<li><strong><span style=\"color: #339966;font-size: 200%\">\u2713<\/span><\/strong><\/li>\n<li><strong><span style=\"color: #339966;font-size: 200%\">\u2713<\/span><\/strong><\/li>\n<li><strong><span style=\"color: #339966;font-size: 200%\">\u2713<\/span><\/strong><\/li>\n<li><strong><span style=\"color: #339966;font-size: 200%\">\u2713<\/span><\/strong><\/li>\n<li><strong>4<\/strong><\/li>\n<li><strong>15<\/strong><\/li>\n<li><span style=\"font-size: 16px\"><b>ADVANCED<\/b><\/span><\/li>\n<li><strong>Included<\/strong><\/li>\n<\/ul>\n<\/div>\n\n\n\n<\/div><\/div><\/div>\n\t\t\t<\/div> \n\t\t<\/div>\n\t<\/div> \n<\/div><\/div>\n\t\t<div id=\"fws_69dcd11a0c1e6\"  data-column-margin=\"default\" data-midnight=\"dark\"  class=\"wpb_row vc_row-fluid vc_row\"  style=\"padding-top: 30px; padding-bottom: 0px; \"><div class=\"row-bg-wrap\" data-bg-animation=\"none\" data-bg-animation-delay=\"\" data-bg-overlay=\"false\"><div class=\"inner-wrap row-bg-layer\" ><div class=\"row-bg viewport-desktop\"  style=\"\"><\/div><\/div><\/div><div class=\"row_col_wrap_12 col span_12 dark left\">\n\t<div  class=\"vc_col-sm-6 wpb_column column_container vc_column_container col no-extra-padding inherit_tablet inherit_phone\"  data-padding-pos=\"all\" data-has-bg-color=\"false\" data-bg-color=\"\" data-bg-opacity=\"1\" data-animation=\"\" data-delay=\"0\" >\n\t\t<div class=\"vc_column-inner\" >\n\t\t\t<div class=\"wpb_wrapper\">\n\t\t\t\t\n<div class=\"wpb_text_column wpb_content_element\" >\n\t<h2 style=\"text-align: center; color: #acb9ca;\"><span style=\"color: #333333;\">REFERENCES<\/span><\/h2>\n<\/div>\n\n\n\n\n<div class=\"wpb_text_column wpb_content_element\" >\n\t<p><span style=\"color: #acb9ca;\"><strong>View the latest creations and references for restaurants<\/strong><\/span><\/p>\n<p>The offers above are \"template\" packages, created from a defined website model. We also offer \"made-to-measure\" packages: please contact us.<\/p>\n<p>Example \"Restaurant Showcase Pack\":<\/p>\n<ul>\n<li><a href=\"https:\/\/restaurantwilliam.com\/\" target=\"_blank\" rel=\"noopener\">Restaurant William<\/a><\/li>\n<li><a href=\"https:\/\/www.le7restaurant.fr\/\">Le 7 restaurant<\/a><\/li>\n<li><a href=\"http:\/\/casadorita.com\/fr\/\" target=\"_blank\" rel=\"noopener noreferrer\">La Casa Dorita<\/a><\/li>\n<\/ul>\n<p>Restaurant Pack Pro\" example<\/p>\n<ul>\n<li><a href=\"https:\/\/www.restaurantguyancourt.com\/\" target=\"_blank\" rel=\"noopener\">Restaurant La Chalosse\u00a0<\/a><\/li>\n<li><a href=\"https:\/\/goodgameparis.fr\/\">The Good Game Paris<\/a><\/li>\n<li><a href=\"https:\/\/lemiramar.fr\/\">Le Miramar<\/a><\/li>\n<\/ul>\n<p>Premium Restaurant Pack\" example<\/p>\n<ul>\n<li><a href=\"https:\/\/www.hermes-hotel.fr\/\">Hermes Hotel<\/a><\/li>\n<\/ul>\n<div>\n<div class=\"gmail_quote\">\n<div class=\"gmail_quote\">\n<div>\n<div>\n<div>\n<div>\n<div>\n<div class=\"gmail_quote\">\n<div>\n<div>\n<div>\n<div>\n<div dir=\"ltr\">\n<div>* The agency takes no commission on your sales. Our online banking partner offers rates of around 1.4% per transaction. Please contact us for details.<\/div>\n<\/div>\n<\/div>\n<\/div>\n<\/div>\n<\/div>\n<\/div>\n<\/div>\n<\/div>\n<\/div>\n<\/div>\n<\/div>\n<\/div>\n<\/div>\n<\/div>\n<\/div>\n\n\n\n\n\t\t\t<\/div> \n\t\t<\/div>\n\t<\/div> \n\n\t<div  class=\"vc_col-sm-6 wpb_column column_container vc_column_container col no-extra-padding inherit_tablet inherit_phone\"  data-padding-pos=\"all\" data-has-bg-color=\"false\" data-bg-color=\"\" data-bg-opacity=\"1\" data-animation=\"\" data-delay=\"0\" >\n\t\t<div class=\"vc_column-inner\" >\n\t\t\t<div class=\"wpb_wrapper\">\n\t\t\t\t\n<div class=\"wpb_text_column wpb_content_element\" >\n\t<h2 style=\"text-align: center; color: #acb9ca;\"><span style=\"color: #333333;\">+ SERVICES<\/span><\/h2>\n<\/div>\n\n\n\n\n<div class=\"wpb_text_column wpb_content_element\" >\n\t<div style=\"display: none;\"><strong><span style=\"color: #acb9ca;\">Support\u00a0<span style=\"caret-color: #acb9ca;\">Technical<\/span>\u00a0and Editorial <i>-\u00a0 <\/i><span style=\"color: #333333;\">optional extra <\/span><\/span><\/strong><span style=\"color: #acb9ca;\"><span style=\"color: #333333;\"><em>14<\/em><\/span><\/span><span style=\"color: #acb9ca;\"><span style=\"color: #333333;\"><em>90 \/ 15 minute ticket - for all technical and editorial support. (Adding\/deleting pages, writing content, changing prices, photos, etc.) + maintenance. Example: a change of text or price list or menu update = 1 ticket.\u00a0<\/em><br \/>\n<span style=\"text-decoration: underline;\">Note<\/span>You will have access to the user interface and will be trained to modify the content yourself. Support tickets are simply a way of relieving you of these modifications, which we will make for you.<\/span><\/span><\/div>\n<p>Hotel Web-Design is a leader in SEO in the hotel and catering sector. Whatever the range you choose, you'll benefit from a significant boost in referencing as soon as your new site goes online, thanks to the addition of a link from the Hotel Web-Design site to your own.<\/p>\n<p>More information on search engine optimisation : <a href=\"https:\/\/hotel-webdesign.com\/en\/referencement-naturel-hotel-restaurant\/\">https:\/\/hotel-webdesign.com\/referencement-naturel-hotel-restaurant<\/a><\/p>\n<p>Please contact us for further details. All prices exclusive of VAT, subject to 20% VAT where applicable.<br \/>\nOffers are subject to the General Terms and Conditions of Sale available at https:\/\/hotel-webdesign.com\/conditions-generales\/<\/p>\n<div>\n<div class=\"gmail_quote\">\n<div class=\"gmail_quote\">\n<div>\n<div>\n<div>\n<div>\n<div>\n<div class=\"gmail_quote\">\n<div>\n<div>\n<div>\n<div>\n<div dir=\"ltr\">\n<div>\n<p><span style=\"color: #acb9ca;\"><strong>SEO optimisation <\/strong><\/span><\/p>\n<p><strong>Basic<\/strong>creation and declaration of the sitemap and declaration to search engines, meta-description information, caching, insertion and adaptation of \"h\" tags<\/p>\n<\/div>\n<\/div>\n<\/div>\n<\/div>\n<\/div>\n<\/div>\n<\/div>\n<\/div>\n<\/div>\n<\/div>\n<\/div>\n<\/div>\n<\/div>\n<\/div>\n<\/div>\n<div>\n<div class=\"gmail_quote\">\n<div class=\"gmail_quote\">\n<div class=\"gmail_quote\">\n<div dir=\"ltr\">\n<div>\n<p><strong>Advance<\/strong>: Basic + image compression and caching, internal linking optimisation, CSS and JS sheet grouping<\/p>\n<\/div>\n<\/div>\n<\/div>\n<\/div>\n<\/div>\n<\/div>\n<p>See our creations on <a href=\"https:\/\/hotel-webdesign.com\/en\/portfolio\/\">https:\/\/hotel-webdesign.com\/portfolio<\/a><\/p>\n<\/div>\n\n\n\n\n\t\t\t<\/div> \n\t\t<\/div>\n\t<\/div> \n<\/div><\/div>\n\t\t<div id=\"fws_69dcd11a0d5ef\"  data-column-margin=\"default\" data-midnight=\"dark\"  class=\"wpb_row vc_row-fluid vc_row\"  style=\"padding-top: 20px; padding-bottom: 20px; \"><div class=\"row-bg-wrap\" data-bg-animation=\"none\" data-bg-animation-delay=\"\" data-bg-overlay=\"false\"><div class=\"inner-wrap row-bg-layer using-image\" ><div class=\"row-bg viewport-desktop using-image\"  style=\"background-image: url(https:\/\/hotel-webdesign.com\/wp-content\/uploads\/2021\/06\/webdesign-hotel-websitedownload-8-1.jpg); background-position: left top; background-repeat: no-repeat; \"><\/div><\/div><\/div><div class=\"row_col_wrap_12 col span_12 dark center\">\n\t<div  class=\"vc_col-sm-12 wpb_column column_container vc_column_container col no-extra-padding inherit_tablet inherit_phone\"  data-padding-pos=\"all\" data-has-bg-color=\"false\" data-bg-color=\"\" data-bg-opacity=\"1\" data-animation=\"\" data-delay=\"0\" >\n\t\t<div class=\"vc_column-inner\" >\n\t\t\t<div class=\"wpb_wrapper\">\n\t\t\t\t<a class=\"nectar-button jumbo regular accent-color  regular-button popupbtn\"  role=\"button\" style=\"\"  href=\"#contact\" data-color-override=\"false\" data-hover-color-override=\"false\" data-hover-text-color-override=\"#fff\"><span>Interested in an offer? Please contact us!<\/span><\/a>\n\t\t\t<\/div> \n\t\t<\/div>\n\t<\/div> \n<\/div><\/div>","protected":false},"excerpt":{"rendered":"The offers below correspond to \"all-inclusive\" subscription packages. Would you prefer a bespoke design? We also offer packages with purchase of the website from...","protected":false},"author":1,"featured_media":0,"parent":0,"menu_order":0,"comment_status":"closed","ping_status":"closed","template":"","meta":{"footnotes":""},"class_list":["post-4456","page","type-page","status-publish"],"yoast_head":"<!-- This site is optimized with the Yoast SEO plugin v27.1.1 - https:\/\/yoast.com\/product\/yoast-seo-wordpress\/ -->\n<title>Offres Web Pour Restaurant | Hotel Web-Design<\/title>\n<meta name=\"description\" content=\"Offre web pour restaurant, offres de cr\u00e9ation de site pour restaurateur, gastronomie module de r\u00e9servation de table r\u00e9f\u00e9rencement\" \/>\n<meta name=\"robots\" content=\"index, follow, max-snippet:-1, max-image-preview:large, max-video-preview:-1\" \/>\n<link rel=\"canonical\" href=\"https:\/\/hotel-webdesign.com\/en\/offer-creation-site-restaurant\/\" \/>\n<meta property=\"og:locale\" content=\"en_GB\" \/>\n<meta property=\"og:type\" content=\"article\" \/>\n<meta property=\"og:title\" content=\"Offres Web Pour Restaurant | Hotel Web-Design\" \/>\n<meta property=\"og:description\" content=\"Offre web pour restaurant, offres de cr\u00e9ation de site pour restaurateur, gastronomie module de r\u00e9servation de table r\u00e9f\u00e9rencement\" \/>\n<meta property=\"og:url\" content=\"https:\/\/hotel-webdesign.com\/en\/offer-creation-site-restaurant\/\" \/>\n<meta property=\"og:site_name\" content=\"Cr\u00e9ation Site H\u00f4tellerie &amp; Tourisme | Hotel Web Design\" \/>\n<meta property=\"article:publisher\" content=\"https:\/\/www.facebook.com\/hotelwebd\" \/>\n<meta property=\"article:modified_time\" content=\"2026-03-23T13:57:31+00:00\" \/>\n<meta property=\"og:image\" content=\"https:\/\/hotel-webdesign.com\/wp-content\/uploads\/2021\/05\/2-Home-version-noir.jpg\" \/>\n\t<meta property=\"og:image:width\" content=\"2185\" \/>\n\t<meta property=\"og:image:height\" content=\"1966\" \/>\n\t<meta property=\"og:image:type\" content=\"image\/jpeg\" \/>\n<script type=\"application\/ld+json\" class=\"yoast-schema-graph\">{\"@context\":\"https:\/\/schema.org\",\"@graph\":[{\"@type\":\"WebPage\",\"@id\":\"https:\/\/hotel-webdesign.com\/offre-creation-site-restaurant\/\",\"url\":\"https:\/\/hotel-webdesign.com\/offre-creation-site-restaurant\/\",\"name\":\"Offres Web Pour Restaurant | Hotel Web-Design\",\"isPartOf\":{\"@id\":\"https:\/\/hotel-webdesign.com\/#website\"},\"datePublished\":\"2020-04-06T11:48:20+00:00\",\"dateModified\":\"2026-03-23T13:57:31+00:00\",\"description\":\"Offre web pour restaurant, offres de cr\u00e9ation de site pour restaurateur, gastronomie module de r\u00e9servation de table r\u00e9f\u00e9rencement\",\"breadcrumb\":{\"@id\":\"https:\/\/hotel-webdesign.com\/offre-creation-site-restaurant\/#breadcrumb\"},\"inLanguage\":\"en-GB\",\"potentialAction\":[{\"@type\":\"ReadAction\",\"target\":[\"https:\/\/hotel-webdesign.com\/offre-creation-site-restaurant\/\"]}]},{\"@type\":\"BreadcrumbList\",\"@id\":\"https:\/\/hotel-webdesign.com\/offre-creation-site-restaurant\/#breadcrumb\",\"itemListElement\":[{\"@type\":\"ListItem\",\"position\":1,\"name\":\"Accueil\",\"item\":\"https:\/\/hotel-webdesign.com\/es\/\"},{\"@type\":\"ListItem\",\"position\":2,\"name\":\"Offres Web Pour Restaurant\"}]},{\"@type\":\"WebSite\",\"@id\":\"https:\/\/hotel-webdesign.com\/#website\",\"url\":\"https:\/\/hotel-webdesign.com\/\",\"name\":\"Hotel Web Design\",\"description\":\"Agence Web H\u00f4tels Restaurants\",\"publisher\":{\"@id\":\"https:\/\/hotel-webdesign.com\/#organization\"},\"alternateName\":\"Agence Web Hotels Restaurants\",\"potentialAction\":[{\"@type\":\"SearchAction\",\"target\":{\"@type\":\"EntryPoint\",\"urlTemplate\":\"https:\/\/hotel-webdesign.com\/?s={search_term_string}\"},\"query-input\":{\"@type\":\"PropertyValueSpecification\",\"valueRequired\":true,\"valueName\":\"search_term_string\"}}],\"inLanguage\":\"en-GB\"},{\"@type\":\"Organization\",\"@id\":\"https:\/\/hotel-webdesign.com\/#organization\",\"name\":\"Hotel Web Design\",\"url\":\"https:\/\/hotel-webdesign.com\/\",\"logo\":{\"@type\":\"ImageObject\",\"inLanguage\":\"en-GB\",\"@id\":\"https:\/\/hotel-webdesign.com\/#\/schema\/logo\/image\/\",\"url\":\"https:\/\/hotel-webdesign.com\/wp-content\/uploads\/2019\/11\/Hotel-Web-Design-logo-v2-version-grise.png\",\"contentUrl\":\"https:\/\/hotel-webdesign.com\/wp-content\/uploads\/2019\/11\/Hotel-Web-Design-logo-v2-version-grise.png\",\"width\":497,\"height\":181,\"caption\":\"Hotel Web Design\"},\"image\":{\"@id\":\"https:\/\/hotel-webdesign.com\/#\/schema\/logo\/image\/\"},\"sameAs\":[\"https:\/\/www.facebook.com\/hotelwebd\"]}]}<\/script>\n<!-- \/ Yoast SEO plugin. -->","yoast_head_json":{"title":"Web Offers For Restaurant | Hotel Web-Design","description":"Web offer for restaurant, website creation offers for restaurant owner, gastronomy table reservation module referencing","robots":{"index":"index","follow":"follow","max-snippet":"max-snippet:-1","max-image-preview":"max-image-preview:large","max-video-preview":"max-video-preview:-1"},"canonical":"https:\/\/hotel-webdesign.com\/en\/offer-creation-site-restaurant\/","og_locale":"en_GB","og_type":"article","og_title":"Offres Web Pour Restaurant | Hotel Web-Design","og_description":"Offre web pour restaurant, offres de cr\u00e9ation de site pour restaurateur, gastronomie module de r\u00e9servation de table r\u00e9f\u00e9rencement","og_url":"https:\/\/hotel-webdesign.com\/en\/offer-creation-site-restaurant\/","og_site_name":"Cr\u00e9ation Site H\u00f4tellerie &amp; Tourisme | Hotel Web Design","article_publisher":"https:\/\/www.facebook.com\/hotelwebd","article_modified_time":"2026-03-23T13:57:31+00:00","og_image":[{"width":2185,"height":1966,"url":"https:\/\/hotel-webdesign.com\/wp-content\/uploads\/2021\/05\/2-Home-version-noir.jpg","type":"image\/jpeg"}],"schema":{"@context":"https:\/\/schema.org","@graph":[{"@type":"WebPage","@id":"https:\/\/hotel-webdesign.com\/offre-creation-site-restaurant\/","url":"https:\/\/hotel-webdesign.com\/offre-creation-site-restaurant\/","name":"Web Offers For Restaurant | Hotel Web-Design","isPartOf":{"@id":"https:\/\/hotel-webdesign.com\/#website"},"datePublished":"2020-04-06T11:48:20+00:00","dateModified":"2026-03-23T13:57:31+00:00","description":"Web offer for restaurant, website creation offers for restaurant owner, gastronomy table reservation module referencing","breadcrumb":{"@id":"https:\/\/hotel-webdesign.com\/offre-creation-site-restaurant\/#breadcrumb"},"inLanguage":"en-GB","potentialAction":[{"@type":"ReadAction","target":["https:\/\/hotel-webdesign.com\/offre-creation-site-restaurant\/"]}]},{"@type":"BreadcrumbList","@id":"https:\/\/hotel-webdesign.com\/offre-creation-site-restaurant\/#breadcrumb","itemListElement":[{"@type":"ListItem","position":1,"name":"Accueil","item":"https:\/\/hotel-webdesign.com\/es\/"},{"@type":"ListItem","position":2,"name":"Offres Web Pour Restaurant"}]},{"@type":"WebSite","@id":"https:\/\/hotel-webdesign.com\/#website","url":"https:\/\/hotel-webdesign.com\/","name":"Hotel Web Design","description":"Web Agency Hotels Restaurants","publisher":{"@id":"https:\/\/hotel-webdesign.com\/#organization"},"alternateName":"Agence Web Hotels Restaurants","potentialAction":[{"@type":"SearchAction","target":{"@type":"EntryPoint","urlTemplate":"https:\/\/hotel-webdesign.com\/?s={search_term_string}"},"query-input":{"@type":"PropertyValueSpecification","valueRequired":true,"valueName":"search_term_string"}}],"inLanguage":"en-GB"},{"@type":"Organization","@id":"https:\/\/hotel-webdesign.com\/#organization","name":"Hotel Web Design","url":"https:\/\/hotel-webdesign.com\/","logo":{"@type":"ImageObject","inLanguage":"en-GB","@id":"https:\/\/hotel-webdesign.com\/#\/schema\/logo\/image\/","url":"https:\/\/hotel-webdesign.com\/wp-content\/uploads\/2019\/11\/Hotel-Web-Design-logo-v2-version-grise.png","contentUrl":"https:\/\/hotel-webdesign.com\/wp-content\/uploads\/2019\/11\/Hotel-Web-Design-logo-v2-version-grise.png","width":497,"height":181,"caption":"Hotel Web Design"},"image":{"@id":"https:\/\/hotel-webdesign.com\/#\/schema\/logo\/image\/"},"sameAs":["https:\/\/www.facebook.com\/hotelwebd"]}]}},"_links":{"self":[{"href":"https:\/\/hotel-webdesign.com\/en\/wp-json\/wp\/v2\/pages\/4456","targetHints":{"allow":["GET"]}}],"collection":[{"href":"https:\/\/hotel-webdesign.com\/en\/wp-json\/wp\/v2\/pages"}],"about":[{"href":"https:\/\/hotel-webdesign.com\/en\/wp-json\/wp\/v2\/types\/page"}],"author":[{"embeddable":true,"href":"https:\/\/hotel-webdesign.com\/en\/wp-json\/wp\/v2\/users\/1"}],"replies":[{"embeddable":true,"href":"https:\/\/hotel-webdesign.com\/en\/wp-json\/wp\/v2\/comments?post=4456"}],"version-history":[{"count":28,"href":"https:\/\/hotel-webdesign.com\/en\/wp-json\/wp\/v2\/pages\/4456\/revisions"}],"predecessor-version":[{"id":17002,"href":"https:\/\/hotel-webdesign.com\/en\/wp-json\/wp\/v2\/pages\/4456\/revisions\/17002"}],"wp:attachment":[{"href":"https:\/\/hotel-webdesign.com\/en\/wp-json\/wp\/v2\/media?parent=4456"}],"curies":[{"name":"wp","href":"https:\/\/api.w.org\/{rel}","templated":true}]}}