{"id":10738,"date":"2023-03-07T11:16:09","date_gmt":"2023-03-07T10:16:09","guid":{"rendered":"https:\/\/hotel-webdesign.com\/offre-referencement-hotel-2"},"modified":"2026-01-14T19:21:38","modified_gmt":"2026-01-14T17:21:38","slug":"community-manager-para-hoteles","status":"publish","type":"page","link":"https:\/\/hotel-webdesign.com\/es\/community-manager-para-hoteles\/","title":{"rendered":"Community Manager para hoteles"},"content":{"rendered":"<div id=\"fws_69d220239a185\"  data-column-margin=\"default\" data-midnight=\"dark\"  class=\"wpb_row vc_row-fluid vc_row full-width-section\"  style=\"padding-top: 0px; padding-bottom: 0px; \"><div class=\"row-bg-wrap\" data-bg-animation=\"none\" data-bg-animation-delay=\"\" data-bg-overlay=\"false\"><div class=\"inner-wrap row-bg-layer\" ><div class=\"row-bg viewport-desktop\"  style=\"\"><\/div><\/div><\/div><div class=\"row_col_wrap_12 col span_12 dark left\">\n\t<div  class=\"vc_col-sm-12 wpb_column column_container vc_column_container col no-extra-padding inherit_tablet inherit_phone\"  data-padding-pos=\"all\" data-has-bg-color=\"false\" data-bg-color=\"\" data-bg-opacity=\"1\" data-animation=\"\" data-delay=\"0\" >\n\t\t<div class=\"vc_column-inner\" >\n\t\t\t<div class=\"wpb_wrapper\">\n\t\t\t\t<div class=\"row pricing-table five-cols\" data-style=\"default\"><div class=\"pricing-column no-highlight extra-color-2\">\n\t\t\t<h3>caracter\u00edsticas-<\/h3>\n          <div class=\"pricing-column-content\">\n\t\t\t<h4> <span class=\"dollar-sign\">$<\/span> -- <\/h4>\n\t\t\t<span class=\"interval\">Por mes<\/span>\n<div class=\"wpb_text_column wpb_content_element\" >\n\t<ul>\n<li>N\u00famero de<br \/>\npublicaciones mensuales<br \/>\n(todas las redes juntas)<\/li>\n<li>Redes<br \/>\nsocial<\/li>\n<li>Validaci\u00f3n del cliente<br \/>\nantes de la publicaci\u00f3n<\/li>\n<li>Noticias<br \/>\ndel establecimiento<\/li>\n<li>Noticias<br \/>\ntur\u00edstico y local<\/li>\n<li>Creaci\u00f3n<br \/>\nvisuales (imagen y v\u00eddeo)<\/li>\n<li>Redacci\u00f3n y edici\u00f3n<br \/>\nhashtags optimizados<\/li>\n<li>Publicaci\u00f3n<br \/>\nhistorias<\/li>\n<li>Respuesta<br \/>\na los comentarios<\/li>\n<li>Juegos<br \/>\nconcurso<\/li>\n<li>Informes<br \/>\ny seguimiento<\/li>\n<\/ul>\n<\/div>\n\n\n\n<\/div><\/div>\n<div class=\"pricing-column no-highlight accent-color\">\n\t\t\t<h3>Oferta de inicio<\/h3>\n          <div class=\"pricing-column-content\">\n\t\t\t<h4> <span class=\"dollar-sign\">\u20ac<\/span> 199 <\/h4>\n\t\t\t<span class=\"interval\">Por mes, compromiso de 12 meses<\/span>\n<div class=\"wpb_text_column wpb_content_element\" >\n\t<ul class=\"features\">\n<li><span style=\"color: #333333;font-size: 150%\">4<\/span><\/li>\n<li><span style=\"color: #333333;font-size: 120%\">FACEBOOK<br \/>\n+ INSTAGRAM<\/span><\/li>\n<li><span style=\"font-size: 120%;color: #333333\">EN<br \/>\nELECCI\u00d3N<\/span><\/li>\n<li><strong><span style=\"color: #339966;font-size: 150%\">\u2713<\/span><\/strong><\/li>\n<li><strong><span style=\"color: #339966;font-size: 150%\">\u2713<\/span><\/strong><\/li>\n<li><strong><span style=\"color: #339966;font-size: 150%\">\u2713<\/span><\/strong><\/li>\n<li><strong><span style=\"color: #339966;font-size: 150%\">\u2713<\/span><\/strong><\/li>\n<li><span style=\"font-size: 150%\">-<\/span><\/li>\n<li><span style=\"font-size: 150%\">-<\/span><\/li>\n<li><span style=\"font-size: 150%\">-<\/span><\/li>\n<li><span style=\"font-size: 120%;color: #333333\">INFORME (RESUMEN)<\/span><\/li>\n<\/ul>\n<\/div>\n\n\n\n<\/div><\/div>\n<div class=\"pricing-column highlight accent-color\">\n\t\t\t<h3>Gama de prestaciones<span class=\"highlight-reason\">Oferta popular<\/span><\/h3>\n          <div class=\"pricing-column-content\">\n\t\t\t<h4> <span class=\"dollar-sign\">\u20ac<\/span> 449 <\/h4>\n\t\t\t<span class=\"interval\">Por mes, compromiso de 12 meses<\/span>\n<div class=\"wpb_text_column wpb_content_element\" >\n\t<ul class=\"features\">\n<li><span style=\"font-size: 150%;color: #333333\">8<\/span><\/li>\n<li><span style=\"font-size: 120%;color: #333333\">FB + INSTA<br \/>\n<span style=\"font-size: 95%\">(TIKTOK OPCIONAL)<\/span><\/span><\/li>\n<li><span style=\"font-size: 120%;color: #333333\">EN<br \/>\nELECCI\u00d3N<\/span><\/li>\n<li><strong><span style=\"color: #339966;font-size: 150%\">\u2713<\/span><\/strong><\/li>\n<li><strong><span style=\"color: #339966;font-size: 150%\">\u2713<\/span><\/strong><\/li>\n<li><strong><span style=\"color: #339966;font-size: 150%\">\u2713<\/span><\/strong><\/li>\n<li><strong><span style=\"color: #339966;font-size: 150%\">\u2713<\/span><\/strong><\/li>\n<li><strong><span style=\"color: #339966;font-size: 150%\">\u2713<\/span><\/strong><\/li>\n<li><span style=\"font-size: 120%;color: #333333\">1 TIEMPO<br \/>\nPOR SEMANA<\/span><\/li>\n<li><span style=\"font-size: 150%\">-<\/span><\/li>\n<li><span style=\"font-size: 120%;color: #333333\">INFORME PERSONALIZADO<\/span><\/li>\n<\/ul>\n<\/div>\n\n\n\n<\/div><\/div>\n<div class=\"pricing-column no-highlight accent-color\">\n\t\t\t<h3>Gama de expertos<\/h3>\n          <div class=\"pricing-column-content\">\n\t\t\t<h4> <span class=\"dollar-sign\">\u20ac<\/span> 899 <\/h4>\n\t\t\t<span class=\"interval\">Por mes, compromiso de 12 meses<\/span>\n<div class=\"wpb_text_column wpb_content_element\" >\n\t<ul class=\"features\">\n<li><span style=\"font-size: 150%;color: #333333\">12<\/span><\/li>\n<li><span style=\"font-size: 120%;color: #333333\">FB + INSTA + TIKTOK<\/span><\/li>\n<li><span style=\"font-size: 120%;color: #333333\">EN<br \/>\nELECCI\u00d3N<\/span><\/li>\n<li><strong><span style=\"color: #339966;font-size: 150%\">\u2713<\/span><\/strong><\/li>\n<li><strong><span style=\"color: #339966;font-size: 150%\">\u2713<\/span><\/strong><\/li>\n<li><strong><span style=\"color: #339966;font-size: 150%\">\u2713<\/span><\/strong><\/li>\n<li><strong><span style=\"color: #339966;font-size: 150%\">\u2713<\/span><\/strong><\/li>\n<li><strong><span style=\"color: #339966;font-size: 150%\">\u2713<\/span><\/strong><\/li>\n<li><strong><span style=\"color: #339966;font-size: 150%\">\u2713<\/span><\/strong><\/li>\n<li><span style=\"font-size: 120%;color: #333333\">2 VECES<br \/>\nPOR A\u00d1O<\/span><\/li>\n<li><span style=\"font-size: 120%;color: #333333\">INFORME DETALLADO + RECO<\/span><\/li>\n<\/ul>\n<\/div>\n\n\n\n<\/div><\/div>\n<div class=\"pricing-column no-highlight accent-color\">\n\t\t\t<h3>Gama Excellence<\/h3>\n          <div class=\"pricing-column-content\">\n\t\t\t<h4> <span class=\"dollar-sign\">\u20ac<\/span> 1499 <\/h4>\n\t\t\t<span class=\"interval\">Por mes, compromiso de 12 meses<\/span>\n<div class=\"wpb_text_column wpb_content_element\" >\n\t<ul class=\"features\">\n<li><span style=\"font-size: 150%;color: #333333\">16<\/span><\/li>\n<li><span style=\"font-size: 120%;color: #333333\">FB + INSTA + TIKTOK<\/span><\/li>\n<li><span style=\"font-size: 120%;color: #333333\">EN<br \/>\nELECCI\u00d3N<\/span><\/li>\n<li><strong><span style=\"color: #339966;font-size: 150%\">\u2713<\/span><\/strong><\/li>\n<li><strong><span style=\"color: #339966;font-size: 150%\">\u2713<\/span><\/strong><\/li>\n<li><strong><span style=\"color: #339966;font-size: 150%\">\u2713<\/span><\/strong><\/li>\n<li><strong><span style=\"color: #339966;font-size: 150%\">\u2713<\/span><\/strong><\/li>\n<li><strong><span style=\"color: #339966;font-size: 150%\">\u2713<\/span><\/strong><\/li>\n<li><strong><span style=\"color: #339966;font-size: 150%\">\u2713<\/span><\/strong><\/li>\n<li><span style=\"font-size: 120%;color: #333333\">3 VECES<br \/>\nPOR A\u00d1O<\/span><\/li>\n<li><span style=\"font-size: 120%;color: #333333\">ESTRATEGIA + INFORMES AVANZADOS<\/span><\/li>\n<\/ul>\n<\/div>\n\n\n\n<\/div><\/div><\/div>\n\t\t\t<\/div> \n\t\t<\/div>\n\t<\/div> \n<\/div><\/div>\n\n\t\t<div id=\"fws_69d220239cc03\"  data-column-margin=\"default\" data-midnight=\"dark\"  class=\"wpb_row vc_row-fluid vc_row details\"  style=\"padding-top: 30px; padding-bottom: 0px; \"><div class=\"row-bg-wrap\" data-bg-animation=\"none\" data-bg-animation-delay=\"\" data-bg-overlay=\"false\"><div class=\"inner-wrap row-bg-layer\" ><div class=\"row-bg viewport-desktop\"  style=\"\"><\/div><\/div><\/div><div class=\"row_col_wrap_12 col span_12 dark left\">\n\t<div  class=\"vc_col-sm-6 wpb_column column_container vc_column_container col no-extra-padding inherit_tablet inherit_phone\"  data-padding-pos=\"all\" data-has-bg-color=\"false\" data-bg-color=\"\" data-bg-opacity=\"1\" data-animation=\"\" data-delay=\"0\" >\n\t\t<div class=\"vc_column-inner\" >\n\t\t\t<div class=\"wpb_wrapper\">\n\t\t\t\t\n<div class=\"wpb_text_column wpb_content_element\" >\n\t<h2 style=\"text-align: center; color: #acb9ca;\">Nuestro m\u00e9todo colaborativo para gestionar sus redes sociales<\/h2>\n<\/div>\n\n\n\n\n<div class=\"wpb_text_column wpb_content_element\" >\n\t<p class=\"\">Nuestro equipo trabajar\u00e1 con usted desde el principio para garantizar que su producci\u00f3n sea regular, coherente con su imagen y orientada a la conversi\u00f3n (visitas al sitio, llamadas, solicitudes, reservas):<\/p>\n<ul>\n<li class=\"\">\n<p class=\"\"><strong>Plan editorial y calendario<\/strong> Una programaci\u00f3n mensual (y estacional) con temas adaptados a su establecimiento y a su zona tur\u00edstica.<\/p>\n<\/li>\n<li class=\"\">\n<p class=\"\"><strong>Carta gr\u00e1fica para las redes sociales<\/strong> : su identidad (colores, tipo de letra, estilo fotogr\u00e1fico) para publicaciones armonizadas.<\/p>\n<\/li>\n<li class=\"\">\n<p class=\"\"><strong>Recopilaci\u00f3n de informaci\u00f3n<\/strong> Env\u00edenos ofertas, eventos, acontecimientos destacados y nuevos productos. Los a\u00f1adiremos al calendario.<\/p>\n<\/li>\n<li class=\"\">\n<p class=\"\"><strong>Redacci\u00f3n y optimizaci\u00f3n<\/strong> Los textos se adaptan a la red, con hashtags relevantes y llamadas a la acci\u00f3n (reservar, llamar, descubrir).<\/p>\n<\/li>\n<li class=\"\">\n<p class=\"\"><strong>Interacci\u00f3n y moderaci\u00f3n<\/strong> Seg\u00fan la f\u00f3rmula, respondemos a los comentarios para mantener una presencia profesional y receptiva.<\/p>\n<\/li>\n<\/ul>\n<p><img loading=\"lazy\" decoding=\"async\" class=\"size-full wp-image-8401 alignnone\" style=\"display: none;\" src=\"https:\/\/hotel-webdesign.com\/wp-content\/uploads\/2022\/05\/referencement-hotel.png\" alt=\"\" width=\"262\" height=\"86\" \/><\/p>\n<\/div>\n\n\n\n\n\t\t\t<\/div> \n\t\t<\/div>\n\t<\/div> \n\n\n\t<div  class=\"vc_col-sm-6 wpb_column column_container vc_column_container col no-extra-padding inherit_tablet inherit_phone\"  data-padding-pos=\"all\" data-has-bg-color=\"false\" data-bg-color=\"\" data-bg-opacity=\"1\" data-animation=\"\" data-delay=\"0\" >\n\t\t<div class=\"vc_column-inner\" >\n\t\t\t<div class=\"wpb_wrapper\">\n\t\t\t\t\n<div class=\"wpb_text_column wpb_content_element\" >\n\t<h2 style=\"text-align: center; color: #acb9ca;\">Condiciones generales<\/h2>\n<\/div>\n\n\n\n\n<div class=\"wpb_text_column wpb_content_element\" >\n\t<ul>\n<li class=\"\">\n<p class=\"\"><strong>Derechos de contenido<\/strong> Derechos: los elementos suministrados por el cliente deben estar libres de derechos. El cliente garantiza no infringir los derechos de terceros. En su defecto, la agencia se reserva el derecho de no publicar.<\/p>\n<\/li>\n<li class=\"\">\n<p class=\"\"><strong>Cumplimiento de la legislaci\u00f3n<\/strong> Contenidos conformes a la legislaci\u00f3n francesa y europea (propiedad intelectual, derechos de imagen, protecci\u00f3n de datos).<\/p>\n<\/li>\n<li class=\"\">\n<p class=\"\"><strong>Producci\u00f3n in situ<\/strong> Sesiones de v\u00eddeo, sesiones fotogr\u00e1ficas, desplazamientos y fotograf\u00eda in situ no incluidos (se requiere presupuesto adicional).<\/p>\n<\/li>\n<li class=\"\">\n<p class=\"\"><strong>Recuperaci\u00f3n y conservaci\u00f3n<\/strong> Archivado: al finalizar el contrato, los contenidos creados quedan a disposici\u00f3n del cliente. El archivo es posible 3 meses despu\u00e9s de la finalizaci\u00f3n del contrato.<\/p>\n<\/li>\n<li class=\"\">\n<p class=\"\"><strong>Renovaci\u00f3n<\/strong> Contrato de 12 meses, renovable t\u00e1citamente. Rescisi\u00f3n mediante notificaci\u00f3n por escrito 30 d\u00edas antes de la renovaci\u00f3n.<\/p>\n<\/li>\n<li class=\"\">\n<p class=\"\"><strong>Compromiso de colaboraci\u00f3n<\/strong> El cliente se compromete a validar y transmitir la informaci\u00f3n en un plazo razonable.<\/p>\n<\/li>\n<\/ul>\n<p><img loading=\"lazy\" decoding=\"async\" class=\"size-full wp-image-8401 alignnone\" style=\"display: none;\" src=\"https:\/\/hotel-webdesign.com\/wp-content\/uploads\/2022\/05\/referencement-hotel.png\" alt=\"\" width=\"262\" height=\"86\" \/><\/p>\n<\/div>\n\n\n\n\n\t\t\t<\/div> \n\t\t<\/div>\n\t<\/div> \n<\/div><\/div>","protected":false},"excerpt":{"rendered":"caracter\u00edsticas- $ -- Per Month N\u00famero de publicaciones mensuales (todas las redes incluidas) Redes sociales Validaci\u00f3n del cliente antes de la publicaci\u00f3n Actualidad del establecimiento Actualidad tur\u00edstica y local Creaci\u00f3n de elementos visuales (imagen y v\u00eddeo)...","protected":false},"author":1,"featured_media":10766,"parent":0,"menu_order":0,"comment_status":"closed","ping_status":"closed","template":"","meta":{"footnotes":""},"class_list":["post-10738","page","type-page","status-publish","has-post-thumbnail"],"yoast_head":"<!-- This site is optimized with the Yoast SEO plugin v27.1.1 - https:\/\/yoast.com\/product\/yoast-seo-wordpress\/ -->\n<title>Community Manager pour H\u00f4tels | Cr\u00e9ation Site H\u00f4tellerie &amp; Tourisme | Hotel Web Design<\/title>\n<meta name=\"description\" content=\"Community manager pour h\u00f4tel, gestion des reseaux sociaux pour h\u00f4tels, \u00e9tablissements h\u00f4teliers et restaurateurs.\" \/>\n<meta name=\"robots\" content=\"index, follow, max-snippet:-1, max-image-preview:large, max-video-preview:-1\" \/>\n<link rel=\"canonical\" href=\"https:\/\/hotel-webdesign.com\/es\/community-manager-para-hoteles\/\" \/>\n<meta property=\"og:locale\" content=\"es_ES\" \/>\n<meta property=\"og:type\" content=\"article\" \/>\n<meta property=\"og:title\" content=\"Community Manager pour H\u00f4tels | Cr\u00e9ation Site H\u00f4tellerie &amp; Tourisme | Hotel Web Design\" \/>\n<meta property=\"og:description\" content=\"Community manager pour h\u00f4tel, gestion des reseaux sociaux pour h\u00f4tels, \u00e9tablissements h\u00f4teliers et restaurateurs.\" \/>\n<meta property=\"og:url\" content=\"https:\/\/hotel-webdesign.com\/es\/community-manager-para-hoteles\/\" \/>\n<meta property=\"og:site_name\" content=\"Cr\u00e9ation Site H\u00f4tellerie &amp; Tourisme | Hotel Web Design\" \/>\n<meta property=\"article:publisher\" content=\"https:\/\/www.facebook.com\/hotelwebd\" \/>\n<meta property=\"article:modified_time\" content=\"2026-01-14T17:21:38+00:00\" \/>\n<meta property=\"og:image\" content=\"https:\/\/hotel-webdesign.com\/wp-content\/uploads\/2023\/03\/community-managemer-hotel-reseaux-sociaux.jpg\" \/>\n\t<meta property=\"og:image:width\" content=\"960\" \/>\n\t<meta property=\"og:image:height\" content=\"638\" \/>\n\t<meta property=\"og:image:type\" content=\"image\/jpeg\" \/>\n<script type=\"application\/ld+json\" class=\"yoast-schema-graph\">{\"@context\":\"https:\/\/schema.org\",\"@graph\":[{\"@type\":\"WebPage\",\"@id\":\"https:\/\/hotel-webdesign.com\/community-manager-pour-hotels\/\",\"url\":\"https:\/\/hotel-webdesign.com\/community-manager-pour-hotels\/\",\"name\":\"Community Manager pour H\u00f4tels | Cr\u00e9ation Site H\u00f4tellerie &amp; Tourisme | Hotel Web Design\",\"isPartOf\":{\"@id\":\"https:\/\/hotel-webdesign.com\/#website\"},\"primaryImageOfPage\":{\"@id\":\"https:\/\/hotel-webdesign.com\/community-manager-pour-hotels\/#primaryimage\"},\"image\":{\"@id\":\"https:\/\/hotel-webdesign.com\/community-manager-pour-hotels\/#primaryimage\"},\"thumbnailUrl\":\"https:\/\/hotel-webdesign.com\/wp-content\/uploads\/2023\/03\/community-managemer-hotel-reseaux-sociaux.jpg\",\"datePublished\":\"2023-03-07T10:16:09+00:00\",\"dateModified\":\"2026-01-14T17:21:38+00:00\",\"description\":\"Community manager pour h\u00f4tel, gestion des reseaux sociaux pour h\u00f4tels, \u00e9tablissements h\u00f4teliers et restaurateurs.\",\"breadcrumb\":{\"@id\":\"https:\/\/hotel-webdesign.com\/community-manager-pour-hotels\/#breadcrumb\"},\"inLanguage\":\"es\",\"potentialAction\":[{\"@type\":\"ReadAction\",\"target\":[\"https:\/\/hotel-webdesign.com\/community-manager-pour-hotels\/\"]}]},{\"@type\":\"ImageObject\",\"inLanguage\":\"es\",\"@id\":\"https:\/\/hotel-webdesign.com\/community-manager-pour-hotels\/#primaryimage\",\"url\":\"https:\/\/hotel-webdesign.com\/wp-content\/uploads\/2023\/03\/community-managemer-hotel-reseaux-sociaux.jpg\",\"contentUrl\":\"https:\/\/hotel-webdesign.com\/wp-content\/uploads\/2023\/03\/community-managemer-hotel-reseaux-sociaux.jpg\",\"width\":960,\"height\":638},{\"@type\":\"BreadcrumbList\",\"@id\":\"https:\/\/hotel-webdesign.com\/community-manager-pour-hotels\/#breadcrumb\",\"itemListElement\":[{\"@type\":\"ListItem\",\"position\":1,\"name\":\"Accueil\",\"item\":\"https:\/\/hotel-webdesign.com\/es\/\"},{\"@type\":\"ListItem\",\"position\":2,\"name\":\"Community Manager pour H\u00f4tels\"}]},{\"@type\":\"WebSite\",\"@id\":\"https:\/\/hotel-webdesign.com\/#website\",\"url\":\"https:\/\/hotel-webdesign.com\/\",\"name\":\"Hotel Web Design\",\"description\":\"Agence Web H\u00f4tels Restaurants\",\"publisher\":{\"@id\":\"https:\/\/hotel-webdesign.com\/#organization\"},\"alternateName\":\"Agence Web Hotels Restaurants\",\"potentialAction\":[{\"@type\":\"SearchAction\",\"target\":{\"@type\":\"EntryPoint\",\"urlTemplate\":\"https:\/\/hotel-webdesign.com\/?s={search_term_string}\"},\"query-input\":{\"@type\":\"PropertyValueSpecification\",\"valueRequired\":true,\"valueName\":\"search_term_string\"}}],\"inLanguage\":\"es\"},{\"@type\":\"Organization\",\"@id\":\"https:\/\/hotel-webdesign.com\/#organization\",\"name\":\"Hotel Web Design\",\"url\":\"https:\/\/hotel-webdesign.com\/\",\"logo\":{\"@type\":\"ImageObject\",\"inLanguage\":\"es\",\"@id\":\"https:\/\/hotel-webdesign.com\/#\/schema\/logo\/image\/\",\"url\":\"https:\/\/hotel-webdesign.com\/wp-content\/uploads\/2019\/11\/Hotel-Web-Design-logo-v2-version-grise.png\",\"contentUrl\":\"https:\/\/hotel-webdesign.com\/wp-content\/uploads\/2019\/11\/Hotel-Web-Design-logo-v2-version-grise.png\",\"width\":497,\"height\":181,\"caption\":\"Hotel Web Design\"},\"image\":{\"@id\":\"https:\/\/hotel-webdesign.com\/#\/schema\/logo\/image\/\"},\"sameAs\":[\"https:\/\/www.facebook.com\/hotelwebd\"]}]}<\/script>\n<!-- \/ Yoast SEO plugin. -->","yoast_head_json":{"title":"Community Manager para hoteles | Dise\u00f1o web para hoteles","description":"Community manager para hoteles, gesti\u00f3n de redes sociales para hoteles, hoteles y restaurantes.","robots":{"index":"index","follow":"follow","max-snippet":"max-snippet:-1","max-image-preview":"max-image-preview:large","max-video-preview":"max-video-preview:-1"},"canonical":"https:\/\/hotel-webdesign.com\/es\/community-manager-para-hoteles\/","og_locale":"es_ES","og_type":"article","og_title":"Community Manager pour H\u00f4tels | Cr\u00e9ation Site H\u00f4tellerie &amp; Tourisme | Hotel Web Design","og_description":"Community manager pour h\u00f4tel, gestion des reseaux sociaux pour h\u00f4tels, \u00e9tablissements h\u00f4teliers et restaurateurs.","og_url":"https:\/\/hotel-webdesign.com\/es\/community-manager-para-hoteles\/","og_site_name":"Cr\u00e9ation Site H\u00f4tellerie &amp; Tourisme | Hotel Web Design","article_publisher":"https:\/\/www.facebook.com\/hotelwebd","article_modified_time":"2026-01-14T17:21:38+00:00","og_image":[{"width":960,"height":638,"url":"https:\/\/hotel-webdesign.com\/wp-content\/uploads\/2023\/03\/community-managemer-hotel-reseaux-sociaux.jpg","type":"image\/jpeg"}],"schema":{"@context":"https:\/\/schema.org","@graph":[{"@type":"WebPage","@id":"https:\/\/hotel-webdesign.com\/community-manager-pour-hotels\/","url":"https:\/\/hotel-webdesign.com\/community-manager-pour-hotels\/","name":"Community Manager para hoteles | Dise\u00f1o web para hoteles","isPartOf":{"@id":"https:\/\/hotel-webdesign.com\/#website"},"primaryImageOfPage":{"@id":"https:\/\/hotel-webdesign.com\/community-manager-pour-hotels\/#primaryimage"},"image":{"@id":"https:\/\/hotel-webdesign.com\/community-manager-pour-hotels\/#primaryimage"},"thumbnailUrl":"https:\/\/hotel-webdesign.com\/wp-content\/uploads\/2023\/03\/community-managemer-hotel-reseaux-sociaux.jpg","datePublished":"2023-03-07T10:16:09+00:00","dateModified":"2026-01-14T17:21:38+00:00","description":"Community manager para hoteles, gesti\u00f3n de redes sociales para hoteles, hoteles y restaurantes.","breadcrumb":{"@id":"https:\/\/hotel-webdesign.com\/community-manager-pour-hotels\/#breadcrumb"},"inLanguage":"es","potentialAction":[{"@type":"ReadAction","target":["https:\/\/hotel-webdesign.com\/community-manager-pour-hotels\/"]}]},{"@type":"ImageObject","inLanguage":"es","@id":"https:\/\/hotel-webdesign.com\/community-manager-pour-hotels\/#primaryimage","url":"https:\/\/hotel-webdesign.com\/wp-content\/uploads\/2023\/03\/community-managemer-hotel-reseaux-sociaux.jpg","contentUrl":"https:\/\/hotel-webdesign.com\/wp-content\/uploads\/2023\/03\/community-managemer-hotel-reseaux-sociaux.jpg","width":960,"height":638},{"@type":"BreadcrumbList","@id":"https:\/\/hotel-webdesign.com\/community-manager-pour-hotels\/#breadcrumb","itemListElement":[{"@type":"ListItem","position":1,"name":"Accueil","item":"https:\/\/hotel-webdesign.com\/es\/"},{"@type":"ListItem","position":2,"name":"Community Manager pour H\u00f4tels"}]},{"@type":"WebSite","@id":"https:\/\/hotel-webdesign.com\/#website","url":"https:\/\/hotel-webdesign.com\/","name":"Dise\u00f1o web de hoteles","description":"Agencia Web Hoteles Restaurantes","publisher":{"@id":"https:\/\/hotel-webdesign.com\/#organization"},"alternateName":"Agence Web Hotels Restaurants","potentialAction":[{"@type":"SearchAction","target":{"@type":"EntryPoint","urlTemplate":"https:\/\/hotel-webdesign.com\/?s={search_term_string}"},"query-input":{"@type":"PropertyValueSpecification","valueRequired":true,"valueName":"search_term_string"}}],"inLanguage":"es"},{"@type":"Organization","@id":"https:\/\/hotel-webdesign.com\/#organization","name":"Dise\u00f1o web de hoteles","url":"https:\/\/hotel-webdesign.com\/","logo":{"@type":"ImageObject","inLanguage":"es","@id":"https:\/\/hotel-webdesign.com\/#\/schema\/logo\/image\/","url":"https:\/\/hotel-webdesign.com\/wp-content\/uploads\/2019\/11\/Hotel-Web-Design-logo-v2-version-grise.png","contentUrl":"https:\/\/hotel-webdesign.com\/wp-content\/uploads\/2019\/11\/Hotel-Web-Design-logo-v2-version-grise.png","width":497,"height":181,"caption":"Hotel Web Design"},"image":{"@id":"https:\/\/hotel-webdesign.com\/#\/schema\/logo\/image\/"},"sameAs":["https:\/\/www.facebook.com\/hotelwebd"]}]}},"_links":{"self":[{"href":"https:\/\/hotel-webdesign.com\/es\/wp-json\/wp\/v2\/pages\/10738","targetHints":{"allow":["GET"]}}],"collection":[{"href":"https:\/\/hotel-webdesign.com\/es\/wp-json\/wp\/v2\/pages"}],"about":[{"href":"https:\/\/hotel-webdesign.com\/es\/wp-json\/wp\/v2\/types\/page"}],"author":[{"embeddable":true,"href":"https:\/\/hotel-webdesign.com\/es\/wp-json\/wp\/v2\/users\/1"}],"replies":[{"embeddable":true,"href":"https:\/\/hotel-webdesign.com\/es\/wp-json\/wp\/v2\/comments?post=10738"}],"version-history":[{"count":49,"href":"https:\/\/hotel-webdesign.com\/es\/wp-json\/wp\/v2\/pages\/10738\/revisions"}],"predecessor-version":[{"id":16884,"href":"https:\/\/hotel-webdesign.com\/es\/wp-json\/wp\/v2\/pages\/10738\/revisions\/16884"}],"wp:featuredmedia":[{"embeddable":true,"href":"https:\/\/hotel-webdesign.com\/es\/wp-json\/wp\/v2\/media\/10766"}],"wp:attachment":[{"href":"https:\/\/hotel-webdesign.com\/es\/wp-json\/wp\/v2\/media?parent=10738"}],"curies":[{"name":"wp","href":"https:\/\/api.w.org\/{rel}","templated":true}]}}