{"id":2907,"date":"2020-11-19T21:29:57","date_gmt":"2020-11-19T20:29:57","guid":{"rendered":"https:\/\/hotel-webdesign.com\/?page_id=2907"},"modified":"2024-02-22T13:28:12","modified_gmt":"2024-02-22T11:28:12","slug":"referencement-google-ads-hotel-restaurante","status":"publish","type":"page","link":"https:\/\/hotel-webdesign.com\/es\/referencement-google-ads-hotel-restaurant\/","title":{"rendered":"Google Ads hoteles y restaurantes"},"content":{"rendered":"<div id=\"fws_69e2d55d6501a\"  data-column-margin=\"default\" data-midnight=\"dark\"  class=\"wpb_row vc_row-fluid vc_row full-width-content vc_row-o-equal-height vc_row-flex vc_row-o-content-middle\"  style=\"padding-top: 51px; padding-bottom: 51px; \"><div class=\"row-bg-wrap\" data-bg-animation=\"none\" data-bg-animation-delay=\"\" data-bg-overlay=\"false\"><div class=\"inner-wrap row-bg-layer\" ><div class=\"row-bg viewport-desktop\"  style=\"\"><\/div><\/div><\/div><div class=\"nectar-shape-divider-wrap\" style=\" height:130px;\"  data-height=\"130\" data-front=\"true\" data-style=\"mountains\" data-position=\"bottom\" ><svg class=\"nectar-shape-divider\" fill=\"#ffffff\" xmlns=\"http:\/\/www.w3.org\/2000\/svg\" viewbox=\"0 0 1000 300\" preserveaspectratio=\"none\">\n          <path d=\"M 1014 264 v 122 h -808 l -172 -86 s 310.42 -22.84 402 -79 c 106 -65 154 -61 268 -12 c 107 46 195.11 5.94 275 137 z\"><\/path>   <path d=\"M -302 55 s 235.27 208.25 352 159 c 128 -54 233 -98 303 -73 c 92.68 33.1 181.28 115.19 235 108 c 104.9 -14 176.52 -173.06 267 -118 c 85.61 52.09 145 123 145 123 v 74 l -1306 10 z\"><\/path>\n          <path d=\"M -286 255 s 214 -103 338 -129 s 203 29 384 101 c 145.57 57.91 178.7 50.79 272 0 c 79 -43 301 -224 385 -63 c 53 101.63 -62 129 -62 129 l -107 84 l -1212 12 z\"><\/path>\n          <path d=\"M -24 69 s 299.68 301.66 413 245 c 8 -4 233 2 284 42 c 17.47 13.7 172 -132 217 -174 c 54.8 -51.15 128 -90 188 -39 c 76.12 64.7 118 99 118 99 l -12 132 l -1212 12 z\"><\/path>\n          <path d=\"M -12 201 s 70 83 194 57 s 160.29 -36.77 274 6 c 109 41 184.82 24.36 265 -15 c 55 -27 116.5 -57.69 214 4 c 49 31 95 26 95 26 l -6 151 l -1036 10 z\"><\/path> <\/svg><\/div><div class=\"row_col_wrap_12 col span_12 dark left\">\n\t<div style=\"\" class=\"vc_col-sm-8 wpb_column column_container vc_column_container col centered-text padding-3-percent vc_custom_1488375555725 inherit_tablet inherit_phone\" data-using-bg=\"true\" data-overlay-color=\"true\" data-padding-pos=\"left-right\" data-has-bg-color=\"true\" data-bg-color=\"rgba(255,255,255,0.01)\" data-bg-opacity=\"0.1\" data-hover-bg=\"#ffffff\" data-hover-bg-opacity=\"0.1\" data-animation=\"\" data-delay=\"0\" >\n\t\t<div class=\"vc_column-inner\" ><div class=\"column-image-bg-wrap column-bg-layer viewport-desktop\" data-bg-pos=\"center center\" data-bg-animation=\"none\" data-bg-overlay=\"true\"><div class=\"inner-wrap\"><div class=\"column-image-bg\" style=\" background-image: url('https:\/\/hotel-webdesign.com\/wp-content\/uploads\/2019\/09\/google-ads-hotel.jpg'); \"><\/div><\/div><\/div><div class=\"column-bg-overlay-wrap column-bg-layer\" data-bg-animation=\"none\"><div class=\"column-bg-overlay\" style=\"opacity: 0.1; background-color: rgba(255,255,255,0.01);\"><\/div><div class=\"column-overlay-layer\" style=\"background-color:#ffffff;  opacity: 0.95; \"><\/div><\/div>\n\t\t\t<div class=\"wpb_wrapper\">\n\t\t\t\t\n<div class=\"wpb_text_column wpb_content_element\" >\n\t<p class=\"surtitre\">Anuncios de Google para hoteles y restaurantes<\/p>\n<h2>Referencias de Google Ads<\/h2>\n<p><span style=\"color: #333333;\">Referencia patrocinada Google Ads (antes Adwords)<\/span><span style=\"color: #333333;\"> es una estrategia que le permite aparecer muy r\u00e1pidamente en las primeras posiciones de los resultados de b\u00fasqueda de Google para determinadas palabras clave, independientemente de cualquier referencia \"natural\" espec\u00edfica de su nombre de dominio.<\/span><\/p>\n<p><span style=\"color: #333333;\">Esta estrategia altamente medible puede utilizarse de forma puntual (por ejemplo, cuando se lanza un sitio web y la referenciaci\u00f3n natural a\u00fan es d\u00e9bil) o a largo plazo (para la adquisici\u00f3n o protecci\u00f3n de una marca).<\/span><\/p>\n<p><span style=\"color: #333333;\">Una campa\u00f1a de Google Ads es una poderosa palanca de conversi\u00f3n cuando se configura y mantiene cuidadosamente.<\/span><\/p>\n<p><span style=\"color: #333333;\"><i class=\"icon-normal icon-angle-down accent-color\"><\/i><\/span><\/p>\n<\/div>\n\n\n\n\n\t\t\t<\/div> \n\t\t<\/div>\n\t<\/div> \n\n\t<div  class=\"vc_col-sm-4 wpb_column column_container vc_column_container col no-extra-padding inherit_tablet inherit_phone\"  data-padding-pos=\"all\" data-has-bg-color=\"false\" data-bg-color=\"\" data-bg-opacity=\"1\" data-animation=\"\" data-delay=\"0\" >\n\t\t<div class=\"vc_column-inner\" >\n\t\t\t<div class=\"wpb_wrapper\">\n\t\t\t\t<div class=\"nectar_video_player_self_hosted wpb_video_widget wpb_content_element vc_clearfix vc_video-aspect-ratio-11 vc_video-el-width-100 vc_video-align-left\" data-border-radius=\"none\" data-shadow=\"none\">\n<div class=\"wpb_wrapper\"><div class=\"wpb_video_wrapper\"><video width=\"1280\" height=\"720\" class=\"nectar-video-self-hosted\" preload=\"auto\" loop autoplay muted playsinline><source src=\"https:\/\/hotel-webdesign.com\/wp-content\/uploads\/2024\/02\/Video-Ads-Hotel.mp4\" type=\"video\/webm\"><\/video><\/div><\/div><\/div>\n\t\t\t<\/div> \n\t\t<\/div>\n\t<\/div> \n<\/div><\/div>\n\t\t<div id=\"fws_69e2d55d65ef1\"  data-column-margin=\"default\" data-midnight=\"dark\"  class=\"wpb_row vc_row-fluid vc_row full-width-section vc_row-o-equal-height vc_row-flex vc_row-o-content-middle padddinquatre\"  style=\"padding-top: 30px; padding-bottom: 100px; \"><div class=\"row-bg-wrap\" data-bg-animation=\"none\" data-bg-animation-delay=\"\" data-bg-overlay=\"true\"><div class=\"inner-wrap row-bg-layer using-image\" ><div class=\"row-bg viewport-desktop using-image\"  style=\"background-image: url(); background-position: center center; background-repeat: no-repeat; \"><\/div><\/div><div class=\"row-bg-overlay row-bg-layer\" style=\"background-color:#ffffff;  opacity: 0.8; \"><\/div><\/div><div class=\"nectar-shape-divider-wrap\" style=\" height:130px;\"  data-height=\"130\" data-front=\"\" data-style=\"mountains\" data-position=\"top\" ><svg class=\"nectar-shape-divider\" fill=\"#f7f7f7\" xmlns=\"http:\/\/www.w3.org\/2000\/svg\" viewbox=\"0 0 1000 300\" preserveaspectratio=\"none\">\n          <path d=\"M 1014 264 v 122 h -808 l -172 -86 s 310.42 -22.84 402 -79 c 106 -65 154 -61 268 -12 c 107 46 195.11 5.94 275 137 z\"><\/path>   <path d=\"M -302 55 s 235.27 208.25 352 159 c 128 -54 233 -98 303 -73 c 92.68 33.1 181.28 115.19 235 108 c 104.9 -14 176.52 -173.06 267 -118 c 85.61 52.09 145 123 145 123 v 74 l -1306 10 z\"><\/path>\n          <path d=\"M -286 255 s 214 -103 338 -129 s 203 29 384 101 c 145.57 57.91 178.7 50.79 272 0 c 79 -43 301 -224 385 -63 c 53 101.63 -62 129 -62 129 l -107 84 l -1212 12 z\"><\/path>\n          <path d=\"M -24 69 s 299.68 301.66 413 245 c 8 -4 233 2 284 42 c 17.47 13.7 172 -132 217 -174 c 54.8 -51.15 128 -90 188 -39 c 76.12 64.7 118 99 118 99 l -12 132 l -1212 12 z\"><\/path>\n          <path d=\"M -12 201 s 70 83 194 57 s 160.29 -36.77 274 6 c 109 41 184.82 24.36 265 -15 c 55 -27 116.5 -57.69 214 4 c 49 31 95 26 95 26 l -6 151 l -1036 10 z\"><\/path> <\/svg><\/div><div class=\"nectar-shape-divider-wrap\" style=\" height:130px;\"  data-height=\"130\" data-front=\"\" data-style=\"mountains\" data-position=\"bottom\" ><svg class=\"nectar-shape-divider\" fill=\"#f7f7f7\" xmlns=\"http:\/\/www.w3.org\/2000\/svg\" viewbox=\"0 0 1000 300\" preserveaspectratio=\"none\">\n          <path d=\"M 1014 264 v 122 h -808 l -172 -86 s 310.42 -22.84 402 -79 c 106 -65 154 -61 268 -12 c 107 46 195.11 5.94 275 137 z\"><\/path>   <path d=\"M -302 55 s 235.27 208.25 352 159 c 128 -54 233 -98 303 -73 c 92.68 33.1 181.28 115.19 235 108 c 104.9 -14 176.52 -173.06 267 -118 c 85.61 52.09 145 123 145 123 v 74 l -1306 10 z\"><\/path>\n          <path d=\"M -286 255 s 214 -103 338 -129 s 203 29 384 101 c 145.57 57.91 178.7 50.79 272 0 c 79 -43 301 -224 385 -63 c 53 101.63 -62 129 -62 129 l -107 84 l -1212 12 z\"><\/path>\n          <path d=\"M -24 69 s 299.68 301.66 413 245 c 8 -4 233 2 284 42 c 17.47 13.7 172 -132 217 -174 c 54.8 -51.15 128 -90 188 -39 c 76.12 64.7 118 99 118 99 l -12 132 l -1212 12 z\"><\/path>\n          <path d=\"M -12 201 s 70 83 194 57 s 160.29 -36.77 274 6 c 109 41 184.82 24.36 265 -15 c 55 -27 116.5 -57.69 214 4 c 49 31 95 26 95 26 l -6 151 l -1036 10 z\"><\/path> <\/svg><\/div><div class=\"row_col_wrap_12 col span_12 dark left\">\n\t<div style=\"\" class=\"vc_col-sm-4 wpb_column column_container vc_column_container col has-animation padding-2-percent inherit_tablet inherit_phone\" data-using-bg=\"true\" data-padding-pos=\"all\" data-has-bg-color=\"true\" data-bg-color=\"rgba(0,0,0,0.01)\" data-bg-opacity=\"1\" data-animation=\"fade-in-from-left\" data-delay=\"0\" >\n\t\t<div class=\"vc_column-inner\" ><div class=\"column-bg-overlay-wrap column-bg-layer\" data-bg-animation=\"none\"><div class=\"column-bg-overlay\" style=\"opacity: 1; background-color: rgba(0,0,0,0.01);\"><\/div><\/div>\n\t\t\t<div class=\"wpb_wrapper\">\n\t\t\t\t\n<div class=\"wpb_text_column wpb_content_element\" >\n\t<h2 style=\"text-align: left; font-size: 40px !important;\"><span style=\"color: #333333;\"><br \/>\nREFERENCIAS<br \/>\nANUNCIOS GOOGLE<br \/>\n<\/span><\/h2>\n<h2>-<br \/>\nMAR - PEY PER CLICK<\/h2>\n<\/div>\n\n\n\n\n\t\t\t<\/div> \n\t\t<\/div>\n\t<\/div> \n\n\t<div  class=\"vc_col-sm-8 wpb_column column_container vc_column_container col padding-4-percent inherit_tablet inherit_phone\"  data-padding-pos=\"all\" data-has-bg-color=\"false\" data-bg-color=\"\" data-bg-opacity=\"1\" data-animation=\"\" data-delay=\"0\" >\n\t\t<div class=\"vc_column-inner\" >\n\t\t\t<div class=\"wpb_wrapper\">\n\t\t\t\t\n<div class=\"wpb_text_column wpb_content_element\" >\n\t<p class=\"surtitre\" style=\"text-align: center;\">Campa\u00f1as de Google Ads \/ Adwords<\/p>\n<h3 style=\"text-align: center;\">Una estrategia de marketing patrocinada para su empresa tur\u00edstica<\/h3>\n<p style=\"text-align: left;\">A diferencia del <a href=\"https:\/\/hotel-webdesign.com\/es\/referencement-naturel-hotel-restaurant\/\">referenciaci\u00f3n natural<\/a> que puede medirse al cabo de varios meses, el <strong>Referencias de Google Ads<\/strong> permite calcular el ROI de forma muy r\u00e1pida y precisa, analizando los costes por conversi\u00f3n y por valor de conversi\u00f3n. Este inestimable feedback permite ajustar de forma constante y medida los presupuestos, los anuncios y el posicionamiento de la campa\u00f1a Ads del hotel.<\/p>\n<p style=\"text-align: left;\">En este sector tan competitivo, los clientes pasan mucho tiempo comparando ofertas antes de hacer su reserva definitiva. Una empresa tur\u00edstica necesita tener una estrategia bien pensada y presupuestada para tener un impacto positivo en su visibilidad y tasa de conversi\u00f3n. Un presupuesto de Google Ads le permitir\u00e1 generar conversiones directas en su sitio web de forma r\u00e1pida y controlada.<\/p>\n<p>La estrategia de referenciaci\u00f3n de anuncios puede aplicarse de dos maneras: a trav\u00e9s de la red de b\u00fasqueda \"cl\u00e1sica\" de Google (b\u00fasquedas de Google a trav\u00e9s de la barra de b\u00fasqueda) y\/o a trav\u00e9s de la \"red de display\" de Google, que representa todos los dem\u00e1s medios en los que los anunciantes colocan sus anuncios: YouTube, sitios de medios de comunicaci\u00f3n en l\u00ednea, blogs, etc.<\/p>\n<p>En el <strong>referencias<\/strong><strong>\u00a0Anuncios Google<\/strong>El motor de b\u00fasqueda cobrar\u00e1 en funci\u00f3n del \"coste por clic\" (CPC). Este m\u00e9todo se basa en un sistema de pujas. Cada anunciante define su presupuesto. Estos se comparan y eval\u00faan en relaci\u00f3n con el presupuesto diario que el anunciante (hotel, restaurante, agencia de viajes) desea gastar. Este coste por clic -la puja ganadora- var\u00eda mucho en funci\u00f3n de la competitividad del lugar y del sector. En el sector de la hosteler\u00eda y la restauraci\u00f3n, puede oscilar entre unos c\u00e9ntimos y unos euros.<\/p>\n<\/div>\n\n\n\n<div class=\"tilt-button-wrap\"> <div class=\"tilt-button-inner\"><a class=\"nectar-button medium regular-tilt accent-color tilt has-icon  regular-button uppercase\" id=\"boutonalbatros\" role=\"button\" style=\"margin-top: 26px; color: #ffffff; background-color: #acb9ca;\" target=\"_blank\" href=\"https:\/\/hotel-webdesign.com\/wp-content\/uploads\/2024\/02\/Strategies-de-referencement.pdf\" data-color-override=\"#acb9ca\" data-hover-color-override=\"false\" data-hover-text-color-override=\"#fff\"><span>Descubra las estrategias de referenciaci\u00f3n de hoteles<\/span><i style=\"color: #ffffff;\"  class=\"fa fa-lightbulb-o\"><\/i><\/a><\/div><\/div>\n\t\t\t<\/div> \n\t\t<\/div>\n\t<\/div> \n<\/div><\/div>","protected":false},"excerpt":{"rendered":"Google Ads para hoteles restaurantes Google Ads referenciaci\u00f3n Google Ads referenciaci\u00f3n patrocinada (antes Adwords) es una estrategia que le permite aparecer muy r\u00e1pidamente en la parte superior de los resultados de b\u00fasqueda de Google en su...","protected":false},"author":1,"featured_media":0,"parent":0,"menu_order":0,"comment_status":"closed","ping_status":"closed","template":"","meta":{"footnotes":""},"class_list":["post-2907","page","type-page","status-publish"],"yoast_head":"<!-- This site is optimized with the Yoast SEO plugin v27.4 - https:\/\/yoast.com\/product\/yoast-seo-wordpress\/ -->\n<title>R\u00e9f\u00e9rencement Google Ads h\u00f4tels &amp; restaurants | Hotel Web-Design<\/title>\n<meta name=\"description\" content=\"R\u00e9f\u00e9rencement Adwords Google Ads pour hotel et restaurant, g\u00eete, chambres d&#039;h\u00f4tes, hotellerie tourisme. Stat\u00e9gie de r\u00e9f\u00e9rencement payant\" \/>\n<meta name=\"robots\" content=\"index, follow, max-snippet:-1, max-image-preview:large, max-video-preview:-1\" \/>\n<link rel=\"canonical\" href=\"https:\/\/hotel-webdesign.com\/es\/referencement-google-ads-hotel-restaurante\/\" \/>\n<meta property=\"og:locale\" content=\"es_ES\" \/>\n<meta property=\"og:type\" content=\"article\" \/>\n<meta property=\"og:title\" content=\"R\u00e9f\u00e9rencement Google Ads h\u00f4tels &amp; restaurants | Hotel Web-Design\" \/>\n<meta property=\"og:description\" content=\"R\u00e9f\u00e9rencement Adwords Google Ads pour hotel et restaurant, g\u00eete, chambres d&#039;h\u00f4tes, hotellerie tourisme. Stat\u00e9gie de r\u00e9f\u00e9rencement payant\" \/>\n<meta property=\"og:url\" content=\"https:\/\/hotel-webdesign.com\/es\/referencement-google-ads-hotel-restaurante\/\" \/>\n<meta property=\"og:site_name\" content=\"Cr\u00e9ation Site H\u00f4tellerie &amp; Tourisme | Hotel Web Design\" \/>\n<meta property=\"article:publisher\" content=\"https:\/\/www.facebook.com\/hotelwebd\" \/>\n<meta property=\"article:modified_time\" content=\"2024-02-22T11:28:12+00:00\" \/>\n<meta property=\"og:image\" content=\"https:\/\/hotel-webdesign.com\/wp-content\/uploads\/2021\/05\/2-Home-version-noir.jpg\" \/>\n\t<meta property=\"og:image:width\" content=\"2185\" \/>\n\t<meta property=\"og:image:height\" content=\"1966\" \/>\n\t<meta property=\"og:image:type\" content=\"image\/jpeg\" \/>\n<script type=\"application\/ld+json\" class=\"yoast-schema-graph\">{\"@context\":\"https:\\\/\\\/schema.org\",\"@graph\":[{\"@type\":\"WebPage\",\"@id\":\"https:\\\/\\\/hotel-webdesign.com\\\/es\\\/wp-json\\\/wp\\\/v2\\\/pages\\\/2907\",\"url\":\"https:\\\/\\\/hotel-webdesign.com\\\/es\\\/wp-json\\\/wp\\\/v2\\\/pages\\\/2907\",\"name\":\"R\u00e9f\u00e9rencement Google Ads h\u00f4tels & restaurants | Hotel Web-Design\",\"isPartOf\":{\"@id\":\"https:\\\/\\\/hotel-webdesign.com\\\/#website\"},\"datePublished\":\"2020-11-19T20:29:57+00:00\",\"dateModified\":\"2024-02-22T11:28:12+00:00\",\"description\":\"R\u00e9f\u00e9rencement Adwords Google Ads pour hotel et restaurant, g\u00eete, chambres d'h\u00f4tes, hotellerie tourisme. Stat\u00e9gie de r\u00e9f\u00e9rencement payant\",\"breadcrumb\":{\"@id\":\"https:\\\/\\\/hotel-webdesign.com\\\/referencement-google-ads-hotel-restaurant\\\/#breadcrumb\"},\"inLanguage\":\"es\",\"potentialAction\":[{\"@type\":\"ReadAction\",\"target\":[\"https:\\\/\\\/hotel-webdesign.com\\\/referencement-google-ads-hotel-restaurant\\\/\"]}]},{\"@type\":\"BreadcrumbList\",\"@id\":\"https:\\\/\\\/hotel-webdesign.com\\\/referencement-google-ads-hotel-restaurant\\\/#breadcrumb\",\"itemListElement\":[{\"@type\":\"ListItem\",\"position\":1,\"name\":\"Accueil\",\"item\":\"https:\\\/\\\/hotel-webdesign.com\\\/es\\\/\"},{\"@type\":\"ListItem\",\"position\":2,\"name\":\"R\u00e9f\u00e9rencement Google Ads h\u00f4tels &#038; restaurants\"}]},{\"@type\":\"WebSite\",\"@id\":\"https:\\\/\\\/hotel-webdesign.com\\\/#website\",\"url\":\"https:\\\/\\\/hotel-webdesign.com\\\/\",\"name\":\"Hotel Web Design\",\"description\":\"Agence Web H\u00f4tels Restaurants\",\"publisher\":{\"@id\":\"https:\\\/\\\/hotel-webdesign.com\\\/#organization\"},\"alternateName\":\"Agence Web Hotels Restaurants\",\"potentialAction\":[{\"@type\":\"SearchAction\",\"target\":{\"@type\":\"EntryPoint\",\"urlTemplate\":\"https:\\\/\\\/hotel-webdesign.com\\\/?s={search_term_string}\"},\"query-input\":{\"@type\":\"PropertyValueSpecification\",\"valueRequired\":true,\"valueName\":\"search_term_string\"}}],\"inLanguage\":\"es\"},{\"@type\":\"Organization\",\"@id\":\"https:\\\/\\\/hotel-webdesign.com\\\/#organization\",\"name\":\"Hotel Web Design\",\"url\":\"https:\\\/\\\/hotel-webdesign.com\\\/\",\"logo\":{\"@type\":\"ImageObject\",\"inLanguage\":\"es\",\"@id\":\"https:\\\/\\\/hotel-webdesign.com\\\/#\\\/schema\\\/logo\\\/image\\\/\",\"url\":\"https:\\\/\\\/hotel-webdesign.com\\\/wp-content\\\/uploads\\\/2019\\\/11\\\/Hotel-Web-Design-logo-v2-version-grise.png\",\"contentUrl\":\"https:\\\/\\\/hotel-webdesign.com\\\/wp-content\\\/uploads\\\/2019\\\/11\\\/Hotel-Web-Design-logo-v2-version-grise.png\",\"width\":497,\"height\":181,\"caption\":\"Hotel Web Design\"},\"image\":{\"@id\":\"https:\\\/\\\/hotel-webdesign.com\\\/#\\\/schema\\\/logo\\\/image\\\/\"},\"sameAs\":[\"https:\\\/\\\/www.facebook.com\\\/hotelwebd\"]}]}<\/script>\n<!-- \/ Yoast SEO plugin. -->","yoast_head_json":{"title":"Google Ads hoteles y restaurantes | Dise\u00f1o web de hoteles","description":"Adwords Google Ads para hoteles y restaurantes, casas rurales, bed and breakfasts, hoteles y turismo. Estrategia de b\u00fasqueda de pago","robots":{"index":"index","follow":"follow","max-snippet":"max-snippet:-1","max-image-preview":"max-image-preview:large","max-video-preview":"max-video-preview:-1"},"canonical":"https:\/\/hotel-webdesign.com\/es\/referencement-google-ads-hotel-restaurante\/","og_locale":"es_ES","og_type":"article","og_title":"R\u00e9f\u00e9rencement Google Ads h\u00f4tels & restaurants | Hotel Web-Design","og_description":"R\u00e9f\u00e9rencement Adwords Google Ads pour hotel et restaurant, g\u00eete, chambres d'h\u00f4tes, hotellerie tourisme. Stat\u00e9gie de r\u00e9f\u00e9rencement payant","og_url":"https:\/\/hotel-webdesign.com\/es\/referencement-google-ads-hotel-restaurante\/","og_site_name":"Cr\u00e9ation Site H\u00f4tellerie &amp; Tourisme | Hotel Web Design","article_publisher":"https:\/\/www.facebook.com\/hotelwebd","article_modified_time":"2024-02-22T11:28:12+00:00","og_image":[{"width":2185,"height":1966,"url":"https:\/\/hotel-webdesign.com\/wp-content\/uploads\/2021\/05\/2-Home-version-noir.jpg","type":"image\/jpeg"}],"schema":{"@context":"https:\/\/schema.org","@graph":[{"@type":"WebPage","@id":"https:\/\/hotel-webdesign.com\/es\/wp-json\/wp\/v2\/pages\/2907","url":"https:\/\/hotel-webdesign.com\/es\/wp-json\/wp\/v2\/pages\/2907","name":"Google Ads hoteles y restaurantes | Dise\u00f1o web de hoteles","isPartOf":{"@id":"https:\/\/hotel-webdesign.com\/#website"},"datePublished":"2020-11-19T20:29:57+00:00","dateModified":"2024-02-22T11:28:12+00:00","description":"Adwords Google Ads para hoteles y restaurantes, casas rurales, bed and breakfasts, hoteles y turismo. Estrategia de b\u00fasqueda de pago","breadcrumb":{"@id":"https:\/\/hotel-webdesign.com\/referencement-google-ads-hotel-restaurant\/#breadcrumb"},"inLanguage":"es","potentialAction":[{"@type":"ReadAction","target":["https:\/\/hotel-webdesign.com\/referencement-google-ads-hotel-restaurant\/"]}]},{"@type":"BreadcrumbList","@id":"https:\/\/hotel-webdesign.com\/referencement-google-ads-hotel-restaurant\/#breadcrumb","itemListElement":[{"@type":"ListItem","position":1,"name":"Accueil","item":"https:\/\/hotel-webdesign.com\/es\/"},{"@type":"ListItem","position":2,"name":"R\u00e9f\u00e9rencement Google Ads h\u00f4tels &#038; restaurants"}]},{"@type":"WebSite","@id":"https:\/\/hotel-webdesign.com\/#website","url":"https:\/\/hotel-webdesign.com\/","name":"Dise\u00f1o web de hoteles","description":"Agencia Web Hoteles Restaurantes","publisher":{"@id":"https:\/\/hotel-webdesign.com\/#organization"},"alternateName":"Agence Web Hotels Restaurants","potentialAction":[{"@type":"SearchAction","target":{"@type":"EntryPoint","urlTemplate":"https:\/\/hotel-webdesign.com\/?s={search_term_string}"},"query-input":{"@type":"PropertyValueSpecification","valueRequired":true,"valueName":"search_term_string"}}],"inLanguage":"es"},{"@type":"Organization","@id":"https:\/\/hotel-webdesign.com\/#organization","name":"Dise\u00f1o web de hoteles","url":"https:\/\/hotel-webdesign.com\/","logo":{"@type":"ImageObject","inLanguage":"es","@id":"https:\/\/hotel-webdesign.com\/#\/schema\/logo\/image\/","url":"https:\/\/hotel-webdesign.com\/wp-content\/uploads\/2019\/11\/Hotel-Web-Design-logo-v2-version-grise.png","contentUrl":"https:\/\/hotel-webdesign.com\/wp-content\/uploads\/2019\/11\/Hotel-Web-Design-logo-v2-version-grise.png","width":497,"height":181,"caption":"Hotel Web Design"},"image":{"@id":"https:\/\/hotel-webdesign.com\/#\/schema\/logo\/image\/"},"sameAs":["https:\/\/www.facebook.com\/hotelwebd"]}]}},"_links":{"self":[{"href":"https:\/\/hotel-webdesign.com\/es\/wp-json\/wp\/v2\/pages\/2907","targetHints":{"allow":["GET"]}}],"collection":[{"href":"https:\/\/hotel-webdesign.com\/es\/wp-json\/wp\/v2\/pages"}],"about":[{"href":"https:\/\/hotel-webdesign.com\/es\/wp-json\/wp\/v2\/types\/page"}],"author":[{"embeddable":true,"href":"https:\/\/hotel-webdesign.com\/es\/wp-json\/wp\/v2\/users\/1"}],"replies":[{"embeddable":true,"href":"https:\/\/hotel-webdesign.com\/es\/wp-json\/wp\/v2\/comments?post=2907"}],"version-history":[{"count":42,"href":"https:\/\/hotel-webdesign.com\/es\/wp-json\/wp\/v2\/pages\/2907\/revisions"}],"predecessor-version":[{"id":12912,"href":"https:\/\/hotel-webdesign.com\/es\/wp-json\/wp\/v2\/pages\/2907\/revisions\/12912"}],"wp:attachment":[{"href":"https:\/\/hotel-webdesign.com\/es\/wp-json\/wp\/v2\/media?parent=2907"}],"curies":[{"name":"wp","href":"https:\/\/api.w.org\/{rel}","templated":true}]}}