{"id":3289,"date":"2019-02-26T16:19:53","date_gmt":"2019-02-26T15:19:53","guid":{"rendered":"https:\/\/hotel-webdesign.com\/?page_id=3289"},"modified":"2025-08-13T09:34:53","modified_gmt":"2025-08-13T07:34:53","slug":"oferta-de-referenciacion-hotelera","status":"publish","type":"page","link":"https:\/\/hotel-webdesign.com\/es\/offre-referencement-hotel\/","title":{"rendered":"Oferta de referenciaci\u00f3n natural para hoteles"},"content":{"rendered":"<div id=\"fws_69e50562e2535\"  data-column-margin=\"default\" data-midnight=\"dark\"  class=\"wpb_row vc_row-fluid vc_row full-width-section\"  style=\"padding-top: 0px; padding-bottom: 0px; \"><div class=\"row-bg-wrap\" data-bg-animation=\"none\" data-bg-animation-delay=\"\" data-bg-overlay=\"false\"><div class=\"inner-wrap row-bg-layer\" ><div class=\"row-bg viewport-desktop\"  style=\"\"><\/div><\/div><\/div><div class=\"row_col_wrap_12 col span_12 dark left\">\n\t<div  class=\"vc_col-sm-12 wpb_column column_container vc_column_container col no-extra-padding inherit_tablet inherit_phone\"  data-padding-pos=\"all\" data-has-bg-color=\"false\" data-bg-color=\"\" data-bg-opacity=\"1\" data-animation=\"\" data-delay=\"0\" >\n\t\t<div class=\"vc_column-inner\" >\n\t\t\t<div class=\"wpb_wrapper\">\n\t\t\t\t<div class=\"row pricing-table four-cols\" data-style=\"default\"><div class=\"pricing-column no-highlight extra-color-2\">\n\t\t\t<h3>caracter\u00edsticas-<\/h3>\n          <div class=\"pricing-column-content\">\n\t\t\t<h4> <span class=\"dollar-sign\">$<\/span> -- <\/h4>\n\t\t\t<span class=\"interval\">Por mes<\/span>\n<div class=\"wpb_text_column wpb_content_element\" >\n\t<ul>\n<li>N\u00famero de enlaces de referencia (anual)<\/li>\n<li>Calidad del atado<br \/>\n(Autoridad de dominio)<\/li>\n<li>Elecci\u00f3n principal de las palabras clave de posicionamiento<\/li>\n<li>Familiarizarse con la cuenta de Google Webmasters Tools &amp; Analytics<\/li>\n<li>Informe de referenciaci\u00f3n natural de su sitio web<\/li>\n<li>Seguimiento del posicionamiento en las palabras clave de su elecci\u00f3n<\/li>\n<li><span style=\"line-height: 1.5\">Mantenimiento \/ comprobaci\u00f3n y actualizaci\u00f3n de Google Maps - My Business<\/span><\/li>\n<li>Auditor\u00eda completa de su sitio web<br \/>\n(contenido, texto, malla, etiquetas)<\/li>\n<li>Informe trimestral de referenciaci\u00f3n de un competidor de su elecci\u00f3n<\/li>\n<li>Informes de campa\u00f1a<\/li>\n<\/ul>\n<\/div>\n\n\n\n<\/div><\/div><div class=\"pricing-column no-highlight accent-color\">\n\t\t\t<h3>Gama esencial<\/h3>\n          <div class=\"pricing-column-content\">\n\t\t\t<h4> <span class=\"dollar-sign\">\u20ac<\/span> 79.90 <\/h4>\n\t\t\t<span class=\"interval\">Por mes, compromiso de 12 meses<\/span>\n<div class=\"wpb_text_column wpb_content_element\" >\n\t<ul class=\"features\">\n<li><span style=\"color: #333333;font-size: 200%\">10<\/span><\/li>\n<li><span style=\"color: #333333;font-size: 200%\">5 - 25<\/span><\/li>\n<li><span style=\"color: #333333;font-size: 200%\">2 \u00e0 3<\/span><\/li>\n<li><strong><span style=\"color: #339966;font-size: 200%\">\u2713<\/span><\/strong><\/li>\n<li><strong><span style=\"color: #339966;font-size: 200%\">\u2713<\/span><\/strong><\/li>\n<li><strong><span style=\"color: #339966;font-size: 200%\">\u2713<\/span><\/strong><\/li>\n<li><span style=\"font-size: 200%\">-<\/span><\/li>\n<li><span style=\"font-size: 200%\">-<\/span><\/li>\n<li><span style=\"font-size: 200%\">-<\/span><\/li>\n<li><span style=\"font-size: 200%;color: #333333\">Continuo<\/span><\/li>\n<\/ul>\n<\/div>\n\n\n\n<\/div><\/div><div class=\"pricing-column highlight accent-color\">\n\t\t\t<h3>Gama de prestaciones<span class=\"highlight-reason\">Oferta popular<\/span><\/h3>\n          <div class=\"pricing-column-content\">\n\t\t\t<h4> <span class=\"dollar-sign\">\u20ac<\/span> 139.90 <\/h4>\n\t\t\t<span class=\"interval\">Por mes, compromiso de 12 meses<\/span>\n<div class=\"wpb_text_column wpb_content_element\" >\n\t<ul class=\"features\">\n<li><span style=\"font-size: 200%;color: #333333\">18<\/span><\/li>\n<li><span style=\"font-size: 200%;color: #333333\">10 - 35<\/span><\/li>\n<li><span style=\"color: #333333;font-size: 200%\">2 \u00e0 4<\/span><\/li>\n<li><strong><span style=\"color: #339966;font-size: 200%\">\u2713<\/span><\/strong><\/li>\n<li><strong><span style=\"color: #339966;font-size: 200%\">\u2713<\/span><\/strong><\/li>\n<li><strong><span style=\"color: #339966;font-size: 200%\">\u2713<\/span><\/strong><\/li>\n<li><strong><span style=\"color: #339966;font-size: 200%\">\u2713<\/span><\/strong><\/li>\n<li><strong><span style=\"color: #339966;font-size: 200%\">\u2713<\/span><\/strong><\/li>\n<li><span style=\"font-size: 200%\">-<\/span><\/li>\n<li><span style=\"font-size: 200%;color: #333333\">Continuo<\/span><\/li>\n<\/ul>\n<\/div>\n\n\n\n<\/div><\/div><div class=\"pricing-column no-highlight accent-color\">\n\t\t\t<h3>Gama alta<\/h3>\n          <div class=\"pricing-column-content\">\n\t\t\t<h4> <span class=\"dollar-sign\">\u20ac<\/span> 189.00 <\/h4>\n\t\t\t<span class=\"interval\">Por mes, compromiso de 12 meses<\/span>\n<div class=\"wpb_text_column wpb_content_element\" >\n\t<ul class=\"features\">\n<li><span style=\"font-size: 200%;color: #333333\">24<\/span><\/li>\n<li><span style=\"font-size: 200%;color: #333333\">15 - 60<\/span><\/li>\n<li><span style=\"color: #333333;font-size: 200%\">3 \u00e0 5<\/span><\/li>\n<li><strong><span style=\"color: #339966;font-size: 200%\">\u2713<\/span><\/strong><\/li>\n<li><strong><span style=\"color: #339966;font-size: 200%\">\u2713<\/span><\/strong><\/li>\n<li><strong><span style=\"color: #339966;font-size: 200%\">\u2713<\/span><\/strong><\/li>\n<li><strong><span style=\"color: #339966;font-size: 200%\">\u2713<\/span><\/strong><\/li>\n<li><strong><span style=\"color: #339966;font-size: 200%\">\u2713<\/span><\/strong><\/li>\n<li><strong><span style=\"color: #339966;font-size: 200%\">\u2713<\/span><\/strong><\/li>\n<li><span style=\"font-size: 200%;color: #333333\">Continuo<\/span><\/li>\n<\/ul>\n<\/div>\n\n\n\n<\/div><\/div><\/div>\n\t\t\t<\/div> \n\t\t<\/div>\n\t<\/div> \n<\/div><\/div>\n\t\t<div id=\"fws_69e50562ebc13\"  data-column-margin=\"default\" data-midnight=\"dark\"  class=\"wpb_row vc_row-fluid vc_row\"  style=\"padding-top: 30px; padding-bottom: 0px; \"><div class=\"row-bg-wrap\" data-bg-animation=\"none\" data-bg-animation-delay=\"\" data-bg-overlay=\"false\"><div class=\"inner-wrap row-bg-layer\" ><div class=\"row-bg viewport-desktop\"  style=\"\"><\/div><\/div><\/div><div class=\"row_col_wrap_12 col span_12 dark left\">\n\t<div  class=\"vc_col-sm-6 wpb_column column_container vc_column_container col no-extra-padding inherit_tablet inherit_phone\"  data-padding-pos=\"all\" data-has-bg-color=\"false\" data-bg-color=\"\" data-bg-opacity=\"1\" data-animation=\"\" data-delay=\"0\" >\n\t\t<div class=\"vc_column-inner\" >\n\t\t\t<div class=\"wpb_wrapper\">\n\t\t\t\t\n<div class=\"wpb_text_column wpb_content_element\" >\n\t<h2 style=\"text-align: center; color: #acb9ca;\">Definiciones<\/h2>\n<\/div>\n\n\n\n\n<div class=\"wpb_text_column wpb_content_element\" >\n\t<p><strong><span style=\"color: #acb9ca;\">N\u00famero de enlaces de referencia<br \/>\n<\/span><\/strong>El n\u00famero de enlaces anuales que insertaremos en diferentes sitios para aumentar su referenciaci\u00f3n.<\/p>\n<p>El n\u00famero de enlaces a un sitio web es un factor importante en SEO, ya que los motores de b\u00fasqueda como Google consideran que los enlaces son votos de confianza en el sitio. En otras palabras, cuantos m\u00e1s enlaces tenga un sitio desde otros sitios de calidad, m\u00e1s probable ser\u00e1 que se considere un sitio de calidad y m\u00e1s probable ser\u00e1 que se sit\u00fae en los primeros puestos de los resultados de b\u00fasqueda para las palabras clave relevantes.<\/p>\n<p>Sin embargo, la eficacia de las campa\u00f1as no se basa \u00fanicamente en el n\u00famero de enlaces, sino tambi\u00e9n en su calidad. Los enlaces procedentes de sitios reputados y relevantes (como el sector hotelero) tienen m\u00e1s peso que los enlaces procedentes de sitios menos relevantes o de mala calidad.<\/p>\n<p><strong><span style=\"color: #acb9ca;\">Elecci\u00f3n principal de las palabras clave de posicionamiento<br \/>\n<\/span><\/strong>Las palabras clave para las que desea posicionarse prioritariamente. Tenga en cuenta que cuanto mayor sea el n\u00famero de palabras clave que elija, menos eficaz ser\u00e1 su referenciaci\u00f3n para cada palabra clave, ya que el n\u00famero de enlaces de referenciaci\u00f3n creados para cada palabra clave se dividir\u00e1 por el n\u00famero de palabras clave a posicionar.<\/p>\n<p><strong><span style=\"color: #acb9ca;\">Autoridad de dominio<\/span><\/strong><\/p>\n<p>La autoridad de dominio es una medida de la reputaci\u00f3n de un sitio web. Es una puntuaci\u00f3n num\u00e9rica que indica lo fiable, \u00fatil e importante que los motores de b\u00fasqueda como Google consideran un sitio.<\/p>\n<p>La puntuaci\u00f3n de la Autoridad de Dominio viene determinada por una serie de factores, como el n\u00famero y la calidad de los enlaces que apuntan al sitio, la calidad del contenido, la facilidad de uso de la interfaz y otros factores SEO.<\/p>\n<p>Cuanto mayor sea la puntuaci\u00f3n de autoridad de dominio de un sitio, m\u00e1s probabilidades tendr\u00e1 de aparecer en los primeros puestos de los resultados de b\u00fasqueda para las palabras clave relevantes.<\/p>\n<p><strong><span style=\"color: #acb9ca;\">Seguimiento - informe de resultados<br \/>\n<\/span><\/strong>Su sitio web se analiza desde varios \u00e1ngulos: calidad y cantidad de palabras clave, etiquetado, tiempo de carga, v\u00ednculos de retroceso. Las herramientas profesionales que utilizamos han sido desarrolladas por empresas independientes.<\/p>\n<p><strong><span style=\"color: #acb9ca;\">Cuenta Webmasters Tools<br \/>\n<\/span><\/strong>Una interfaz espec\u00edfica le permite ver qu\u00e9 palabras clave hacen que su sitio aparezca en Google, as\u00ed como el porcentaje de clics y la posici\u00f3n media.<\/p>\n<\/div>\n\n\n\n\n\t\t\t<\/div> \n\t\t<\/div>\n\t<\/div> \n\n\t<div  class=\"vc_col-sm-6 wpb_column column_container vc_column_container col no-extra-padding inherit_tablet inherit_phone\"  data-padding-pos=\"all\" data-has-bg-color=\"false\" data-bg-color=\"\" data-bg-opacity=\"1\" data-animation=\"\" data-delay=\"0\" >\n\t\t<div class=\"vc_column-inner\" >\n\t\t\t<div class=\"wpb_wrapper\">\n\t\t\t\t\n<div class=\"wpb_text_column wpb_content_element\" >\n\t<h2 style=\"text-align: center; color: #acb9ca;\">Referenciaci\u00f3n natural<\/h2>\n<\/div>\n\n\n\n\n<div class=\"wpb_text_column wpb_content_element\" >\n\t<p>Las campa\u00f1as de optimizaci\u00f3n para motores de b\u00fasqueda (SEO) son esfuerzos por mejorar la visibilidad y relevancia de un sitio web en los resultados de b\u00fasqueda org\u00e1nicos de un motor de b\u00fasqueda (como Google, Bing, Yahoo, etc.).<\/p>\n<p>Esto se hace optimizando varios aspectos del sitio web, como las palabras clave utilizadas en el contenido, la estructura del sitio web, las metaetiquetas, los backlinks (enlaces desde otros sitios web), etc., para que el sitio se vea como m\u00e1s relevante para las consultas de b\u00fasqueda relacionadas con su negocio.<\/p>\n<p>El objetivo principal de estas campa\u00f1as es lograr una mejor posici\u00f3n en los resultados de b\u00fasqueda naturales, lo que puede traducirse en un aumento del tr\u00e1fico y las ventas de su sitio web. Las campa\u00f1as SEO suelen ser una parte clave de la estrategia de marketing digital de una empresa para mejorar su visibilidad online.<\/p>\n<p><img loading=\"lazy\" decoding=\"async\" class=\"size-full wp-image-8401 alignnone\" style=\"display: none;\" src=\"https:\/\/hotel-webdesign.com\/wp-content\/uploads\/2022\/05\/referencement-hotel.png\" alt=\"\" width=\"262\" height=\"86\" \/><\/p>\n<\/div>\n\n\n\n\n<div class=\"wpb_text_column wpb_content_element\" >\n\t<h2 style=\"text-align: center; color: #acb9ca;\">Referencias de Google Ads<\/h2>\n<\/div>\n\n\n\n\n<div class=\"wpb_text_column wpb_content_element\" >\n\t<p>Las campa\u00f1as de b\u00fasqueda de pago \"Google Ads\" (diferentes de las ofertas anteriores), tambi\u00e9n conocidas como campa\u00f1as PPC (Pay-Per-Click), son esfuerzos para atraer visitantes a un sitio web pagando por los anuncios que aparecen en los resultados de b\u00fasqueda de pago de Google.<\/p>\n<p>Las campa\u00f1as de Google Ads le permiten aparecer r\u00e1pidamente en las primeras posiciones de los resultados de b\u00fasqueda de Google, en forma de anuncios patrocinados. Estas campa\u00f1as se basan en un modelo de subasta de pago por clic, cuyo importe viene determinado por la competitividad de su sector y las palabras clave que elija.<\/p>\n<p>Cuando creamos una campa\u00f1a de b\u00fasqueda de pago, elegimos palabras clave espec\u00edficas que coincidan con las consultas de b\u00fasqueda a las que desea dirigirse. A continuaci\u00f3n, se crean anuncios que aparecer\u00e1n en la parte superior o inferior de la p\u00e1gina de resultados de b\u00fasqueda en funci\u00f3n de las pujas y de la relevancia de su anuncio para las palabras clave objetivo.<\/p>\n<p>El objetivo principal de estas campa\u00f1as es dirigir tr\u00e1fico de calidad a su sitio web y aumentar las ventas mediante el uso de publicidad dirigida que sea relevante para las b\u00fasquedas de los usuarios. Las campa\u00f1as de b\u00fasqueda de pago suelen ser una estrategia de marketing digital esencial para las empresas que buscan aumentar su visibilidad online de forma r\u00e1pida y eficaz.<\/p>\n<p>Nuestras ofertas de Google Ads incluyen la instalaci\u00f3n y configuraci\u00f3n de la cuenta con propuestas de palabras clave al inicio del contrato, as\u00ed como el mantenimiento mensual para supervisar y ajustar las palabras clave si es necesario. Los informes de rendimiento est\u00e1n disponibles en l\u00ednea.<\/p>\n<p><img loading=\"lazy\" decoding=\"async\" class=\"wp-image-8403 alignleft\" src=\"https:\/\/hotel-webdesign.com\/wp-content\/uploads\/2022\/05\/google-hotel-ads-certified-partner-1.png\" alt=\"\" width=\"240\" height=\"67\" \/><img loading=\"lazy\" decoding=\"async\" class=\"wp-image-3245 alignleft\" style=\"max-width: 140px;\" src=\"https:\/\/hotel-webdesign.com\/wp-content\/uploads\/2019\/02\/hotel-restaurant-google-seo-2-300x175.png\" alt=\"\" width=\"130\" height=\"76\" \/><\/p>\n<p>&nbsp;<\/p>\n<p><img loading=\"lazy\" decoding=\"async\" class=\"size-full wp-image-8401 alignnone\" style=\"display: none;\" src=\"https:\/\/hotel-webdesign.com\/wp-content\/uploads\/2022\/05\/referencement-hotel.png\" alt=\"\" width=\"262\" height=\"86\" \/><\/p>\n<\/div>\n\n\n\n\n\t\t\t<\/div> \n\t\t<\/div>\n\t<\/div> \n<\/div><\/div>","protected":false},"excerpt":{"rendered":"caracter\u00edsticas- $ -- Por mes N\u00famero de enlaces de referencia (anual) Calidad del enlace (Domain Authority) Principal elecci\u00f3n de palabras clave para el posicionamiento Cuenta Google Webmasters Tools...","protected":false},"author":1,"featured_media":0,"parent":0,"menu_order":0,"comment_status":"closed","ping_status":"closed","template":"","meta":{"footnotes":""},"class_list":["post-3289","page","type-page","status-publish"],"yoast_head":"<!-- This site is optimized with the Yoast SEO plugin v27.4 - https:\/\/yoast.com\/product\/yoast-seo-wordpress\/ -->\n<title>Offre R\u00e9f\u00e9rencement Naturel H\u00f4tels | Cr\u00e9ation Site H\u00f4tellerie &amp; Tourisme | Hotel Web Design<\/title>\n<meta name=\"description\" content=\"Offres de r\u00e9f\u00e9rencement pour h\u00f4tel restaurant gites et chambres d&#039;h\u00f4tes. R\u00e9f\u00e9rencement naturel et Google Ads avec Hotel Web Design\" \/>\n<meta name=\"robots\" content=\"index, follow, max-snippet:-1, max-image-preview:large, max-video-preview:-1\" \/>\n<link rel=\"canonical\" href=\"https:\/\/hotel-webdesign.com\/es\/oferta-de-referenciacion-hotelera\/\" \/>\n<meta property=\"og:locale\" content=\"es_ES\" \/>\n<meta property=\"og:type\" content=\"article\" \/>\n<meta property=\"og:title\" content=\"Offre R\u00e9f\u00e9rencement Naturel H\u00f4tels | Cr\u00e9ation Site H\u00f4tellerie &amp; Tourisme | Hotel Web Design\" \/>\n<meta property=\"og:description\" content=\"Offres de r\u00e9f\u00e9rencement pour h\u00f4tel restaurant gites et chambres d&#039;h\u00f4tes. R\u00e9f\u00e9rencement naturel et Google Ads avec Hotel Web Design\" \/>\n<meta property=\"og:url\" content=\"https:\/\/hotel-webdesign.com\/es\/oferta-de-referenciacion-hotelera\/\" \/>\n<meta property=\"og:site_name\" content=\"Cr\u00e9ation Site H\u00f4tellerie &amp; Tourisme | Hotel Web Design\" \/>\n<meta property=\"article:publisher\" content=\"https:\/\/www.facebook.com\/hotelwebd\" \/>\n<meta property=\"article:modified_time\" content=\"2025-08-13T07:34:53+00:00\" \/>\n<meta property=\"og:image\" content=\"https:\/\/hotel-webdesign.com\/wp-content\/uploads\/2022\/05\/referencement-hotel.png\" \/>\n<script type=\"application\/ld+json\" class=\"yoast-schema-graph\">{\"@context\":\"https:\\\/\\\/schema.org\",\"@graph\":[{\"@type\":\"WebPage\",\"@id\":\"https:\\\/\\\/hotel-webdesign.com\\\/es\\\/wp-json\\\/wp\\\/v2\\\/pages\\\/3289\",\"url\":\"https:\\\/\\\/hotel-webdesign.com\\\/es\\\/wp-json\\\/wp\\\/v2\\\/pages\\\/3289\",\"name\":\"Offre R\u00e9f\u00e9rencement Naturel H\u00f4tels | Cr\u00e9ation Site H\u00f4tellerie &amp; Tourisme | Hotel Web Design\",\"isPartOf\":{\"@id\":\"https:\\\/\\\/hotel-webdesign.com\\\/#website\"},\"primaryImageOfPage\":{\"@id\":\"https:\\\/\\\/hotel-webdesign.com\\\/offre-referencement-hotel\\\/#primaryimage\"},\"image\":{\"@id\":\"https:\\\/\\\/hotel-webdesign.com\\\/offre-referencement-hotel\\\/#primaryimage\"},\"thumbnailUrl\":\"https:\\\/\\\/hotel-webdesign.com\\\/wp-content\\\/uploads\\\/2022\\\/05\\\/referencement-hotel.png\",\"datePublished\":\"2019-02-26T15:19:53+00:00\",\"dateModified\":\"2025-08-13T07:34:53+00:00\",\"description\":\"Offres de r\u00e9f\u00e9rencement pour h\u00f4tel restaurant gites et chambres d'h\u00f4tes. R\u00e9f\u00e9rencement naturel et Google Ads avec Hotel Web Design\",\"breadcrumb\":{\"@id\":\"https:\\\/\\\/hotel-webdesign.com\\\/offre-referencement-hotel\\\/#breadcrumb\"},\"inLanguage\":\"es\",\"potentialAction\":[{\"@type\":\"ReadAction\",\"target\":[\"https:\\\/\\\/hotel-webdesign.com\\\/offre-referencement-hotel\\\/\"]}]},{\"@type\":\"ImageObject\",\"inLanguage\":\"es\",\"@id\":\"https:\\\/\\\/hotel-webdesign.com\\\/offre-referencement-hotel\\\/#primaryimage\",\"url\":\"https:\\\/\\\/hotel-webdesign.com\\\/wp-content\\\/uploads\\\/2022\\\/05\\\/referencement-hotel.png\",\"contentUrl\":\"https:\\\/\\\/hotel-webdesign.com\\\/wp-content\\\/uploads\\\/2022\\\/05\\\/referencement-hotel.png\"},{\"@type\":\"BreadcrumbList\",\"@id\":\"https:\\\/\\\/hotel-webdesign.com\\\/offre-referencement-hotel\\\/#breadcrumb\",\"itemListElement\":[{\"@type\":\"ListItem\",\"position\":1,\"name\":\"Accueil\",\"item\":\"https:\\\/\\\/hotel-webdesign.com\\\/es\\\/\"},{\"@type\":\"ListItem\",\"position\":2,\"name\":\"Offre R\u00e9f\u00e9rencement Naturel H\u00f4tels\"}]},{\"@type\":\"WebSite\",\"@id\":\"https:\\\/\\\/hotel-webdesign.com\\\/#website\",\"url\":\"https:\\\/\\\/hotel-webdesign.com\\\/\",\"name\":\"Hotel Web Design\",\"description\":\"Agence Web H\u00f4tels Restaurants\",\"publisher\":{\"@id\":\"https:\\\/\\\/hotel-webdesign.com\\\/#organization\"},\"alternateName\":\"Agence Web Hotels Restaurants\",\"potentialAction\":[{\"@type\":\"SearchAction\",\"target\":{\"@type\":\"EntryPoint\",\"urlTemplate\":\"https:\\\/\\\/hotel-webdesign.com\\\/?s={search_term_string}\"},\"query-input\":{\"@type\":\"PropertyValueSpecification\",\"valueRequired\":true,\"valueName\":\"search_term_string\"}}],\"inLanguage\":\"es\"},{\"@type\":\"Organization\",\"@id\":\"https:\\\/\\\/hotel-webdesign.com\\\/#organization\",\"name\":\"Hotel Web Design\",\"url\":\"https:\\\/\\\/hotel-webdesign.com\\\/\",\"logo\":{\"@type\":\"ImageObject\",\"inLanguage\":\"es\",\"@id\":\"https:\\\/\\\/hotel-webdesign.com\\\/#\\\/schema\\\/logo\\\/image\\\/\",\"url\":\"https:\\\/\\\/hotel-webdesign.com\\\/wp-content\\\/uploads\\\/2019\\\/11\\\/Hotel-Web-Design-logo-v2-version-grise.png\",\"contentUrl\":\"https:\\\/\\\/hotel-webdesign.com\\\/wp-content\\\/uploads\\\/2019\\\/11\\\/Hotel-Web-Design-logo-v2-version-grise.png\",\"width\":497,\"height\":181,\"caption\":\"Hotel Web Design\"},\"image\":{\"@id\":\"https:\\\/\\\/hotel-webdesign.com\\\/#\\\/schema\\\/logo\\\/image\\\/\"},\"sameAs\":[\"https:\\\/\\\/www.facebook.com\\\/hotelwebd\"]}]}<\/script>\n<!-- \/ Yoast SEO plugin. -->","yoast_head_json":{"title":"| Dise\u00f1o web para hoteles | Posicionamiento natural en buscadores para hoteles","description":"Ofertas de posicionamiento en buscadores para hoteles, restaurantes, casas rurales y bed and breakfast. Posicionamiento en buscadores y Google Ads con Hotel Web Design","robots":{"index":"index","follow":"follow","max-snippet":"max-snippet:-1","max-image-preview":"max-image-preview:large","max-video-preview":"max-video-preview:-1"},"canonical":"https:\/\/hotel-webdesign.com\/es\/oferta-de-referenciacion-hotelera\/","og_locale":"es_ES","og_type":"article","og_title":"Offre R\u00e9f\u00e9rencement Naturel H\u00f4tels | Cr\u00e9ation Site H\u00f4tellerie &amp; Tourisme | Hotel Web Design","og_description":"Offres de r\u00e9f\u00e9rencement pour h\u00f4tel restaurant gites et chambres d'h\u00f4tes. R\u00e9f\u00e9rencement naturel et Google Ads avec Hotel Web Design","og_url":"https:\/\/hotel-webdesign.com\/es\/oferta-de-referenciacion-hotelera\/","og_site_name":"Cr\u00e9ation Site H\u00f4tellerie &amp; Tourisme | Hotel Web Design","article_publisher":"https:\/\/www.facebook.com\/hotelwebd","article_modified_time":"2025-08-13T07:34:53+00:00","og_image":[{"url":"https:\/\/hotel-webdesign.com\/wp-content\/uploads\/2022\/05\/referencement-hotel.png","type":"","width":"","height":""}],"schema":{"@context":"https:\/\/schema.org","@graph":[{"@type":"WebPage","@id":"https:\/\/hotel-webdesign.com\/es\/wp-json\/wp\/v2\/pages\/3289","url":"https:\/\/hotel-webdesign.com\/es\/wp-json\/wp\/v2\/pages\/3289","name":"| Dise\u00f1o web para hoteles | Posicionamiento natural en buscadores para hoteles","isPartOf":{"@id":"https:\/\/hotel-webdesign.com\/#website"},"primaryImageOfPage":{"@id":"https:\/\/hotel-webdesign.com\/offre-referencement-hotel\/#primaryimage"},"image":{"@id":"https:\/\/hotel-webdesign.com\/offre-referencement-hotel\/#primaryimage"},"thumbnailUrl":"https:\/\/hotel-webdesign.com\/wp-content\/uploads\/2022\/05\/referencement-hotel.png","datePublished":"2019-02-26T15:19:53+00:00","dateModified":"2025-08-13T07:34:53+00:00","description":"Ofertas de posicionamiento en buscadores para hoteles, restaurantes, casas rurales y bed and breakfast. Posicionamiento en buscadores y Google Ads con Hotel Web Design","breadcrumb":{"@id":"https:\/\/hotel-webdesign.com\/offre-referencement-hotel\/#breadcrumb"},"inLanguage":"es","potentialAction":[{"@type":"ReadAction","target":["https:\/\/hotel-webdesign.com\/offre-referencement-hotel\/"]}]},{"@type":"ImageObject","inLanguage":"es","@id":"https:\/\/hotel-webdesign.com\/offre-referencement-hotel\/#primaryimage","url":"https:\/\/hotel-webdesign.com\/wp-content\/uploads\/2022\/05\/referencement-hotel.png","contentUrl":"https:\/\/hotel-webdesign.com\/wp-content\/uploads\/2022\/05\/referencement-hotel.png"},{"@type":"BreadcrumbList","@id":"https:\/\/hotel-webdesign.com\/offre-referencement-hotel\/#breadcrumb","itemListElement":[{"@type":"ListItem","position":1,"name":"Accueil","item":"https:\/\/hotel-webdesign.com\/es\/"},{"@type":"ListItem","position":2,"name":"Offre R\u00e9f\u00e9rencement Naturel H\u00f4tels"}]},{"@type":"WebSite","@id":"https:\/\/hotel-webdesign.com\/#website","url":"https:\/\/hotel-webdesign.com\/","name":"Dise\u00f1o web de hoteles","description":"Agencia Web Hoteles Restaurantes","publisher":{"@id":"https:\/\/hotel-webdesign.com\/#organization"},"alternateName":"Agence Web Hotels Restaurants","potentialAction":[{"@type":"SearchAction","target":{"@type":"EntryPoint","urlTemplate":"https:\/\/hotel-webdesign.com\/?s={search_term_string}"},"query-input":{"@type":"PropertyValueSpecification","valueRequired":true,"valueName":"search_term_string"}}],"inLanguage":"es"},{"@type":"Organization","@id":"https:\/\/hotel-webdesign.com\/#organization","name":"Dise\u00f1o web de hoteles","url":"https:\/\/hotel-webdesign.com\/","logo":{"@type":"ImageObject","inLanguage":"es","@id":"https:\/\/hotel-webdesign.com\/#\/schema\/logo\/image\/","url":"https:\/\/hotel-webdesign.com\/wp-content\/uploads\/2019\/11\/Hotel-Web-Design-logo-v2-version-grise.png","contentUrl":"https:\/\/hotel-webdesign.com\/wp-content\/uploads\/2019\/11\/Hotel-Web-Design-logo-v2-version-grise.png","width":497,"height":181,"caption":"Hotel Web Design"},"image":{"@id":"https:\/\/hotel-webdesign.com\/#\/schema\/logo\/image\/"},"sameAs":["https:\/\/www.facebook.com\/hotelwebd"]}]}},"_links":{"self":[{"href":"https:\/\/hotel-webdesign.com\/es\/wp-json\/wp\/v2\/pages\/3289","targetHints":{"allow":["GET"]}}],"collection":[{"href":"https:\/\/hotel-webdesign.com\/es\/wp-json\/wp\/v2\/pages"}],"about":[{"href":"https:\/\/hotel-webdesign.com\/es\/wp-json\/wp\/v2\/types\/page"}],"author":[{"embeddable":true,"href":"https:\/\/hotel-webdesign.com\/es\/wp-json\/wp\/v2\/users\/1"}],"replies":[{"embeddable":true,"href":"https:\/\/hotel-webdesign.com\/es\/wp-json\/wp\/v2\/comments?post=3289"}],"version-history":[{"count":30,"href":"https:\/\/hotel-webdesign.com\/es\/wp-json\/wp\/v2\/pages\/3289\/revisions"}],"predecessor-version":[{"id":14538,"href":"https:\/\/hotel-webdesign.com\/es\/wp-json\/wp\/v2\/pages\/3289\/revisions\/14538"}],"wp:attachment":[{"href":"https:\/\/hotel-webdesign.com\/es\/wp-json\/wp\/v2\/media?parent=3289"}],"curies":[{"name":"wp","href":"https:\/\/api.w.org\/{rel}","templated":true}]}}