{"id":4456,"date":"2020-04-06T12:48:20","date_gmt":"2020-04-06T11:48:20","guid":{"rendered":"https:\/\/hotel-webdesign.com\/?page_id=4456"},"modified":"2026-03-23T15:57:31","modified_gmt":"2026-03-23T13:57:31","slug":"oferta-creacion-sitio-restaurante","status":"publish","type":"page","link":"https:\/\/hotel-webdesign.com\/es\/offre-creation-site-restaurant\/","title":{"rendered":"Restaurante Ofertas Web"},"content":{"rendered":"<div id=\"fws_69ffc94e86c24\"  data-column-margin=\"30px\" data-midnight=\"dark\"  class=\"wpb_row vc_row-fluid vc_row  right_padding_5pct left_padding_5pct\"  style=\"padding-top: 22px; padding-bottom: 0px; \"><div class=\"row-bg-wrap\" data-bg-animation=\"none\" data-bg-animation-delay=\"\" data-bg-overlay=\"false\"><div class=\"inner-wrap row-bg-layer\" ><div class=\"row-bg viewport-desktop\"  style=\"\"><\/div><\/div><\/div><div class=\"row_col_wrap_12 col span_12 dark left\">\n\t<div  class=\"vc_col-sm-12 wpb_column column_container vc_column_container col no-extra-padding inherit_tablet inherit_phone\"  data-padding-pos=\"all\" data-has-bg-color=\"false\" data-bg-color=\"\" data-bg-opacity=\"1\" data-animation=\"\" data-delay=\"0\" >\n\t\t<div class=\"vc_column-inner\" >\n\t\t\t<div class=\"wpb_wrapper\">\n\t\t\t\t\n<div class=\"wpb_text_column wpb_content_element\" >\n\t<p>Las ofertas siguientes corresponden a paquetes de suscripci\u00f3n \"todo incluido\". \u00bfPrefiere un dise\u00f1o a medida? Tambi\u00e9n ofrecemos paquetes que incluyen la adquisici\u00f3n del sitio web a partir de 1790 euros. P\u00f3ngase en contacto con nosotros para m\u00e1s detalles<\/p>\n<\/div>\n\n\n\n<div class=\"row pricing-table four-cols\" data-style=\"default\"><div class=\"pricing-column no-highlight extra-color-2\">\n\t\t\t<h3>caracter\u00edsticas-<\/h3>\n          <div class=\"pricing-column-content\">\n\t\t\t<h4> <span class=\"dollar-sign\">$<\/span> -- <\/h4>\n\t\t\t<span class=\"interval\">Por mes<\/span>\n<div class=\"wpb_text_column wpb_content_element\" >\n\t<ul>\n<li><span style=\"line-height: 1.5;color: #333333\">100% sitio web responsive personalizado hecho en Francia&amp;.<\/span><span style=\"line-height: 1.5;color: #333333\">\u00a0llave en mano<\/span><\/li>\n<li><span style=\"line-height: 1.5;color: #333333\">Creaci\u00f3n de sitemaps, G. Analytics y G. File Mapas<\/span><\/li>\n<li><span style=\"line-height: 1.5;color: #333333\">Formulario de contacto<\/span><\/li>\n<li><span style=\"line-height: 1.5;color: #333333\">Redes sociales y portales de opini\u00f3n<\/span><\/li>\n<li><span style=\"line-height: 1.5;color: #333333\">Comprar \/ Crear o transferir un nombre de dominio<\/span><\/li>\n<li><span style=\"line-height: 1.5;color: #333333\">Mayor seguridad para su sitio web \/ HTTPS<\/span><\/li>\n<li><span style=\"line-height: 1.5;color: #333333\">Redacci\u00f3n optimizada de contenidos web<\/span><\/li>\n<li><span style=\"line-height: 1.5;color: #333333\">Herramienta de administraci\u00f3n, formaci\u00f3n y manuales<\/span><\/li>\n<li><span style=\"line-height: 1.5;color: #333333\">M\u00f3dulo de reserva de mesas<\/span><\/li>\n<li><span style=\"line-height: 1.5;color: #333333\">Bolet\u00edn de noticias, chat en directo y m\u00f3dulos emergentes<\/span><\/li>\n<li><span style=\"line-height: 1.5;color: #333333\">Integraci\u00f3n de un cat\u00e1logo de productos<\/span><\/li>\n<li><span style=\"line-height: 1.5;color: #333333\">Pagos seguros \/ Tienda Click-Collect<\/span><\/li>\n<li><span style=\"line-height: 1.5;color: #333333\">Referencias espec\u00edficas de restaurantes<\/span><\/li>\n<li><span style=\"line-height: 1.5;color: #333333\">N\u00famero de lenguas<\/span><\/li>\n<li><span style=\"line-height: 1.5;color: #333333\">N\u00famero de p\u00e1ginas (Premium: +20 productos de la tienda incluidos)<\/span><\/li>\n<li><span style=\"line-height: 1.5;color: #333333\">Optimizaci\u00f3n del sitio web (SEO)<\/span><\/li>\n<li><span style=\"line-height: 1.5;color: #333333\">Dominio, correo electr\u00f3nico, alojamiento, mantenimiento + 5 cambios al a\u00f1o<\/span><\/li>\n<\/ul>\n<\/div>\n\n\n\n<\/div><\/div><div class=\"pricing-column no-highlight accent-color\">\n\t\t\t<h3>Restaurantes<\/h3>\n          <div class=\"pricing-column-content\">\n\t\t\t<h4> <span class=\"dollar-sign\">\u20ac<\/span> 54,90 <\/h4>\n\t\t\t<span class=\"interval\">Precio mensual sin IVA. Compromiso de 24 meses. Instalaci\u00f3n: 99<\/span>\n<div class=\"wpb_text_column wpb_content_element\" >\n\t<ul class=\"features\">\n<li><strong><span style=\"color: #339966;font-size: 200%\">\u2713<\/span><\/strong><\/li>\n<li><strong><span style=\"color: #339966;font-size: 200%\">\u2713<\/span><\/strong><\/li>\n<li><strong><span style=\"color: #339966;font-size: 200%\">\u2713<\/span><\/strong><\/li>\n<li><strong><span style=\"color: #339966;font-size: 200%\">\u2713<\/span><\/strong><\/li>\n<li><strong><span style=\"color: #339966;font-size: 200%\">\u2713<\/span><\/strong><\/li>\n<li><strong><span style=\"color: #339966;font-size: 200%\">\u2713<\/span><\/strong><\/li>\n<li><strong><span style=\"color: #339966;font-size: 200%\">\u2713<\/span><\/strong><\/li>\n<li><strong><span style=\"color: #339966;font-size: 200%\">\u2713<\/span><\/strong><\/li>\n<li><strong>Formulario<\/strong><\/li>\n<li><strong>-<\/strong><\/li>\n<li><strong>-<\/strong><\/li>\n<li><strong>-<\/strong><\/li>\n<li><strong>-<\/strong><\/li>\n<li><strong>1<\/strong><\/li>\n<li><strong>5<\/strong><\/li>\n<li><span style=\"font-size: 16px\"><b>AVANZADO<\/b><\/span><\/li>\n<li><strong>Incluye<\/strong><\/li>\n<\/ul>\n<\/div>\n\n\n\n<\/div><\/div><div class=\"pricing-column highlight accent-color\">\n\t\t\t<h3>Gama Restaurant Pro<span class=\"highlight-reason\">Oferta popular<\/span><\/h3>\n          <div class=\"pricing-column-content\">\n\t\t\t<h4> <span class=\"dollar-sign\">\u20ac<\/span> 69,90 <\/h4>\n\t\t\t<span class=\"interval\">Precio mensual sin IVA. Compromiso de 24 meses. Instalaci\u00f3n: 149<\/span>\n<div class=\"wpb_text_column wpb_content_element\" >\n\t<ul class=\"features\">\n<li><strong><span style=\"color: #339966;font-size: 200%\">\u2713<\/span><\/strong><\/li>\n<li><strong><span style=\"color: #339966;font-size: 200%\">\u2713<\/span><\/strong><\/li>\n<li><strong><span style=\"color: #339966;font-size: 200%\">\u2713<\/span><\/strong><\/li>\n<li><strong><span style=\"color: #339966;font-size: 200%\">\u2713<\/span><\/strong><\/li>\n<li><strong><span style=\"color: #339966;font-size: 200%\">\u2713<\/span><\/strong><\/li>\n<li><strong><span style=\"color: #339966;font-size: 200%\">\u2713<\/span><\/strong><\/li>\n<li><strong><span style=\"color: #339966;font-size: 200%\">\u2713<\/span><\/strong><\/li>\n<li><strong><span style=\"color: #339966;font-size: 200%\">\u2713<\/span><\/strong><\/li>\n<li><strong><span style=\"color: #339966;font-size: 200%\">\u2713<\/span><\/strong><\/li>\n<li><strong><span style=\"color: #339966;font-size: 200%\">\u2713<\/span><\/strong><\/li>\n<li><strong><span style=\"color: #339966;font-size: 200%\">\u2713<\/span><\/strong><\/li>\n<li><strong>-<\/strong><\/li>\n<li><strong>-<\/strong><\/li>\n<li><strong>3<\/strong><\/li>\n<li><strong>10<\/strong><\/li>\n<li><span style=\"font-size: 16px\"><b>AVANZADO<\/b><\/span><\/li>\n<li><strong>Incluye<\/strong><\/li>\n<\/ul>\n<\/div>\n\n\n\n<\/div><\/div><div class=\"pricing-column no-highlight accent-color\">\n\t\t\t<h3>Gama Premium Restaurante<\/h3>\n          <div class=\"pricing-column-content\">\n\t\t\t<h4> <span class=\"dollar-sign\">\u20ac<\/span> 99,90 <\/h4>\n\t\t\t<span class=\"interval\">Precio mensual sin IVA. Compromiso de 24 meses. Instalaci\u00f3n: 349<\/span>\n<div class=\"wpb_text_column wpb_content_element\" >\n\t<ul class=\"features\">\n<li><strong><span style=\"color: #339966;font-size: 200%\">\u2713<\/span><\/strong><\/li>\n<li><strong><span style=\"color: #339966;font-size: 200%\">\u2713<\/span><\/strong><\/li>\n<li><strong><span style=\"color: #339966;font-size: 200%\">\u2713<\/span><\/strong><\/li>\n<li><strong><span style=\"color: #339966;font-size: 200%\">\u2713<\/span><\/strong><\/li>\n<li><strong><span style=\"color: #339966;font-size: 200%\">\u2713<\/span><\/strong><\/li>\n<li><strong><span style=\"color: #339966;font-size: 200%\">\u2713<\/span><\/strong><\/li>\n<li><strong><span style=\"color: #339966;font-size: 200%\">\u2713<\/span><\/strong><b><\/b><\/li>\n<li><strong><span style=\"color: #339966;font-size: 200%\">\u2713<\/span><\/strong><\/li>\n<li><strong><span style=\"color: #339966;font-size: 200%\">\u2713<\/span><\/strong><\/li>\n<li><strong><span style=\"color: #339966;font-size: 200%\">\u2713<\/span><\/strong><\/li>\n<li><strong><span style=\"color: #339966;font-size: 200%\">\u2713<\/span><\/strong><\/li>\n<li><strong><span style=\"color: #339966;font-size: 200%\">\u2713<\/span><\/strong><\/li>\n<li><strong><span style=\"color: #339966;font-size: 200%\">\u2713<\/span><\/strong><\/li>\n<li><strong>4<\/strong><\/li>\n<li><strong>15<\/strong><\/li>\n<li><span style=\"font-size: 16px\"><b>AVANZADO<\/b><\/span><\/li>\n<li><strong>Incluye<\/strong><\/li>\n<\/ul>\n<\/div>\n\n\n\n<\/div><\/div><\/div>\n\t\t\t<\/div> \n\t\t<\/div>\n\t<\/div> \n<\/div><\/div>\n\t\t<div id=\"fws_69ffc94e89411\"  data-column-margin=\"default\" data-midnight=\"dark\"  class=\"wpb_row vc_row-fluid vc_row\"  style=\"padding-top: 30px; padding-bottom: 0px; \"><div class=\"row-bg-wrap\" data-bg-animation=\"none\" data-bg-animation-delay=\"\" data-bg-overlay=\"false\"><div class=\"inner-wrap row-bg-layer\" ><div class=\"row-bg viewport-desktop\"  style=\"\"><\/div><\/div><\/div><div class=\"row_col_wrap_12 col span_12 dark left\">\n\t<div  class=\"vc_col-sm-6 wpb_column column_container vc_column_container col no-extra-padding inherit_tablet inherit_phone\"  data-padding-pos=\"all\" data-has-bg-color=\"false\" data-bg-color=\"\" data-bg-opacity=\"1\" data-animation=\"\" data-delay=\"0\" >\n\t\t<div class=\"vc_column-inner\" >\n\t\t\t<div class=\"wpb_wrapper\">\n\t\t\t\t\n<div class=\"wpb_text_column wpb_content_element\" >\n\t<h2 style=\"text-align: center; color: #acb9ca;\"><span style=\"color: #333333;\">REFERENCIAS<\/span><\/h2>\n<\/div>\n\n\n\n\n<div class=\"wpb_text_column wpb_content_element\" >\n\t<p><span style=\"color: #acb9ca;\"><strong>Consulte las \u00faltimas creaciones y referencias para restaurantes<\/strong><\/span><\/p>\n<p>Las ofertas anteriores son paquetes \"plantilla\", creados a partir de un modelo de sitio web definido. Tambi\u00e9n ofrecemos paquetes \"a medida\": p\u00f3ngase en contacto con nosotros.<\/p>\n<p>Ejemplo \"Pack escaparate restaurante\":<\/p>\n<ul>\n<li><a href=\"https:\/\/restaurantwilliam.com\/\" target=\"_blank\" rel=\"noopener\">Restaurante William<\/a><\/li>\n<li><a href=\"https:\/\/www.le7restaurant.fr\/\">Restaurante Le 7<\/a><\/li>\n<li><a href=\"http:\/\/casadorita.com\/fr\/\" target=\"_blank\" rel=\"noopener noreferrer\">La Casa Dorita<\/a><\/li>\n<\/ul>\n<p>Ejemplo de \"Restaurant Pack Pro<\/p>\n<ul>\n<li><a href=\"https:\/\/www.restaurantguyancourt.com\/\" target=\"_blank\" rel=\"noopener\">Restaurante La Chalosse\u00a0<\/a><\/li>\n<li><a href=\"https:\/\/goodgameparis.fr\/\">The Good Game Par\u00eds<\/a><\/li>\n<li><a href=\"https:\/\/lemiramar.fr\/\">El Miramar<\/a><\/li>\n<\/ul>\n<p>Ejemplo de \"Pack restaurante Premium<\/p>\n<ul>\n<li><a href=\"https:\/\/www.hermes-hotel.fr\/\">Hotel Hermes<\/a><\/li>\n<\/ul>\n<div>\n<div class=\"gmail_quote\">\n<div class=\"gmail_quote\">\n<div>\n<div>\n<div>\n<div>\n<div>\n<div class=\"gmail_quote\">\n<div>\n<div>\n<div>\n<div>\n<div dir=\"ltr\">\n<div>* La agencia no cobra comisi\u00f3n por sus ventas. Nuestro socio de banca en l\u00ednea ofrece tarifas de alrededor de 1,4% por transacci\u00f3n. P\u00f3ngase en contacto con nosotros para m\u00e1s detalles.<\/div>\n<\/div>\n<\/div>\n<\/div>\n<\/div>\n<\/div>\n<\/div>\n<\/div>\n<\/div>\n<\/div>\n<\/div>\n<\/div>\n<\/div>\n<\/div>\n<\/div>\n<\/div>\n\n\n\n\n\t\t\t<\/div> \n\t\t<\/div>\n\t<\/div> \n\n\t<div  class=\"vc_col-sm-6 wpb_column column_container vc_column_container col no-extra-padding inherit_tablet inherit_phone\"  data-padding-pos=\"all\" data-has-bg-color=\"false\" data-bg-color=\"\" data-bg-opacity=\"1\" data-animation=\"\" data-delay=\"0\" >\n\t\t<div class=\"vc_column-inner\" >\n\t\t\t<div class=\"wpb_wrapper\">\n\t\t\t\t\n<div class=\"wpb_text_column wpb_content_element\" >\n\t<h2 style=\"text-align: center; color: #acb9ca;\"><span style=\"color: #333333;\">+ SERVICIOS<\/span><\/h2>\n<\/div>\n\n\n\n\n<div class=\"wpb_text_column wpb_content_element\" >\n\t<div style=\"display: none;\"><strong><span style=\"color: #acb9ca;\">Ayuda\u00a0<span style=\"caret-color: #acb9ca;\">T\u00e9cnico<\/span>\u00a0y Editorial <i>-\u00a0 <\/i><span style=\"color: #333333;\">extra opcional <\/span><\/span><\/strong><span style=\"color: #acb9ca;\"><span style=\"color: #333333;\"><em>14<\/em><\/span><\/span><span style=\"color: #acb9ca;\"><span style=\"color: #333333;\"><em>Billete de 90 \/ 15 minutos - para todo el soporte t\u00e9cnico y editorial. (A\u00f1adir\/eliminar p\u00e1ginas, redactar contenidos, cambiar precios, fotos, etc.) + mantenimiento. Ejemplo: un cambio de texto o una actualizaci\u00f3n de la lista de precios o del men\u00fa = 1 ticket.\u00a0<\/em><br \/>\n<span style=\"text-decoration: underline;\">Nota<\/span>Tendr\u00e1 acceso a la interfaz de usuario y recibir\u00e1 formaci\u00f3n para modificar el contenido usted mismo. Los tickets de soporte simplemente le permiten descargar estas modificaciones, que nosotros haremos por usted.<\/span><\/span><\/div>\n<p>Hotel Web-Design es l\u00edder en SEO en el sector de la hosteler\u00eda. Sea cual sea la gama que elija, se beneficiar\u00e1 de un aumento significativo de las referencias desde la puesta en l\u00ednea de su nuevo sitio web, gracias a la adici\u00f3n de un enlace desde el sitio de Hotel Web-Design al suyo.<\/p>\n<p>M\u00e1s informaci\u00f3n sobre la optimizaci\u00f3n de motores de b\u00fasqueda : <a href=\"https:\/\/hotel-webdesign.com\/es\/referencement-naturel-hotel-restaurant\/\">https:\/\/hotel-webdesign.com\/referencement-naturel-hotel-restaurant<\/a><\/p>\n<p>Para m\u00e1s informaci\u00f3n, p\u00f3ngase en contacto con nosotros. Todos los precios sin IVA, sujetos al IVA 20% cuando proceda.<br \/>\nLas ofertas est\u00e1n sujetas a las Condiciones Generales de Venta disponibles en https:\/\/hotel-webdesign.com\/conditions-generales\/.<\/p>\n<div>\n<div class=\"gmail_quote\">\n<div class=\"gmail_quote\">\n<div>\n<div>\n<div>\n<div>\n<div>\n<div class=\"gmail_quote\">\n<div>\n<div>\n<div>\n<div>\n<div dir=\"ltr\">\n<div>\n<p><span style=\"color: #acb9ca;\"><strong>Optimizaci\u00f3n SEO <\/strong><\/span><\/p>\n<p><strong>B\u00e1sico<\/strong>creaci\u00f3n y declaraci\u00f3n del mapa del sitio y declaraci\u00f3n a los motores de b\u00fasqueda, informaci\u00f3n de meta-descripci\u00f3n, almacenamiento en cach\u00e9, inserci\u00f3n y adaptaci\u00f3n de etiquetas \"h\".<\/p>\n<\/div>\n<\/div>\n<\/div>\n<\/div>\n<\/div>\n<\/div>\n<\/div>\n<\/div>\n<\/div>\n<\/div>\n<\/div>\n<\/div>\n<\/div>\n<\/div>\n<\/div>\n<div>\n<div class=\"gmail_quote\">\n<div class=\"gmail_quote\">\n<div class=\"gmail_quote\">\n<div dir=\"ltr\">\n<div>\n<p><strong>Avanzar<\/strong>: Basic + compresi\u00f3n y almacenamiento en cach\u00e9 de im\u00e1genes, optimizaci\u00f3n de enlaces internos, agrupaci\u00f3n de hojas CSS y JS<\/p>\n<\/div>\n<\/div>\n<\/div>\n<\/div>\n<\/div>\n<\/div>\n<p>Vea nuestras creaciones en <a href=\"https:\/\/hotel-webdesign.com\/es\/cartera\/\">https:\/\/hotel-webdesign.com\/portfolio<\/a><\/p>\n<\/div>\n\n\n\n\n\t\t\t<\/div> \n\t\t<\/div>\n\t<\/div> \n<\/div><\/div>\n\t\t<div id=\"fws_69ffc94e8b616\"  data-column-margin=\"default\" data-midnight=\"dark\"  class=\"wpb_row vc_row-fluid vc_row\"  style=\"padding-top: 20px; padding-bottom: 20px; \"><div class=\"row-bg-wrap\" data-bg-animation=\"none\" data-bg-animation-delay=\"\" data-bg-overlay=\"false\"><div class=\"inner-wrap row-bg-layer using-image\" ><div class=\"row-bg viewport-desktop using-image\"  style=\"background-image: url(https:\/\/hotel-webdesign.com\/wp-content\/uploads\/2021\/06\/webdesign-hotel-websitedownload-8-1.jpg); background-position: left top; background-repeat: no-repeat; \"><\/div><\/div><\/div><div class=\"row_col_wrap_12 col span_12 dark center\">\n\t<div  class=\"vc_col-sm-12 wpb_column column_container vc_column_container col no-extra-padding inherit_tablet inherit_phone\"  data-padding-pos=\"all\" data-has-bg-color=\"false\" data-bg-color=\"\" data-bg-opacity=\"1\" data-animation=\"\" data-delay=\"0\" >\n\t\t<div class=\"vc_column-inner\" >\n\t\t\t<div class=\"wpb_wrapper\">\n\t\t\t\t<a class=\"nectar-button jumbo regular accent-color  regular-button popupbtn\"  role=\"button\" style=\"\"  href=\"#contact\" data-color-override=\"false\" data-hover-color-override=\"false\" data-hover-text-color-override=\"#fff\"><span>\u00bfLe interesa una oferta? P\u00f3ngase en contacto con nosotros.<\/span><\/a>\n\t\t\t<\/div> \n\t\t<\/div>\n\t<\/div> \n<\/div><\/div>","protected":false},"excerpt":{"rendered":"Las ofertas siguientes corresponden a paquetes de suscripci\u00f3n \"todo incluido\". \u00bfPrefiere un dise\u00f1o a medida? Tambi\u00e9n ofrecemos paquetes con compra del sitio web de...","protected":false},"author":1,"featured_media":0,"parent":0,"menu_order":0,"comment_status":"closed","ping_status":"closed","template":"","meta":{"footnotes":""},"class_list":["post-4456","page","type-page","status-publish"],"yoast_head":"<!-- This site is optimized with the Yoast SEO plugin v27.4 - https:\/\/yoast.com\/product\/yoast-seo-wordpress\/ -->\n<title>Offres Web Pour Restaurant | Hotel Web-Design<\/title>\n<meta name=\"description\" content=\"Offre web pour restaurant, offres de cr\u00e9ation de site pour restaurateur, gastronomie module de r\u00e9servation de table r\u00e9f\u00e9rencement\" \/>\n<meta name=\"robots\" content=\"index, follow, max-snippet:-1, max-image-preview:large, max-video-preview:-1\" \/>\n<link rel=\"canonical\" href=\"https:\/\/hotel-webdesign.com\/es\/oferta-creacion-sitio-restaurante\/\" \/>\n<meta property=\"og:locale\" content=\"es_ES\" \/>\n<meta property=\"og:type\" content=\"article\" \/>\n<meta property=\"og:title\" content=\"Offres Web Pour Restaurant | Hotel Web-Design\" \/>\n<meta property=\"og:description\" content=\"Offre web pour restaurant, offres de cr\u00e9ation de site pour restaurateur, gastronomie module de r\u00e9servation de table r\u00e9f\u00e9rencement\" \/>\n<meta property=\"og:url\" content=\"https:\/\/hotel-webdesign.com\/es\/oferta-creacion-sitio-restaurante\/\" \/>\n<meta property=\"og:site_name\" content=\"Cr\u00e9ation Site H\u00f4tellerie &amp; Tourisme | Hotel Web Design\" \/>\n<meta property=\"article:publisher\" content=\"https:\/\/www.facebook.com\/hotelwebd\" \/>\n<meta property=\"article:modified_time\" content=\"2026-03-23T13:57:31+00:00\" \/>\n<meta property=\"og:image\" content=\"https:\/\/hotel-webdesign.com\/wp-content\/uploads\/2021\/05\/2-Home-version-noir.jpg\" \/>\n\t<meta property=\"og:image:width\" content=\"2185\" \/>\n\t<meta property=\"og:image:height\" content=\"1966\" \/>\n\t<meta property=\"og:image:type\" content=\"image\/jpeg\" \/>\n<script type=\"application\/ld+json\" class=\"yoast-schema-graph\">{\"@context\":\"https:\\\/\\\/schema.org\",\"@graph\":[{\"@type\":\"WebPage\",\"@id\":\"https:\\\/\\\/hotel-webdesign.com\\\/es\\\/wp-json\\\/wp\\\/v2\\\/pages\\\/4456\",\"url\":\"https:\\\/\\\/hotel-webdesign.com\\\/es\\\/wp-json\\\/wp\\\/v2\\\/pages\\\/4456\",\"name\":\"Offres Web Pour Restaurant | Hotel Web-Design\",\"isPartOf\":{\"@id\":\"https:\\\/\\\/hotel-webdesign.com\\\/#website\"},\"datePublished\":\"2020-04-06T11:48:20+00:00\",\"dateModified\":\"2026-03-23T13:57:31+00:00\",\"description\":\"Offre web pour restaurant, offres de cr\u00e9ation de site pour restaurateur, gastronomie module de r\u00e9servation de table r\u00e9f\u00e9rencement\",\"breadcrumb\":{\"@id\":\"https:\\\/\\\/hotel-webdesign.com\\\/offre-creation-site-restaurant\\\/#breadcrumb\"},\"inLanguage\":\"es\",\"potentialAction\":[{\"@type\":\"ReadAction\",\"target\":[\"https:\\\/\\\/hotel-webdesign.com\\\/offre-creation-site-restaurant\\\/\"]}]},{\"@type\":\"BreadcrumbList\",\"@id\":\"https:\\\/\\\/hotel-webdesign.com\\\/offre-creation-site-restaurant\\\/#breadcrumb\",\"itemListElement\":[{\"@type\":\"ListItem\",\"position\":1,\"name\":\"Accueil\",\"item\":\"https:\\\/\\\/hotel-webdesign.com\\\/es\\\/\"},{\"@type\":\"ListItem\",\"position\":2,\"name\":\"Offres Web Pour Restaurant\"}]},{\"@type\":\"WebSite\",\"@id\":\"https:\\\/\\\/hotel-webdesign.com\\\/#website\",\"url\":\"https:\\\/\\\/hotel-webdesign.com\\\/\",\"name\":\"Hotel Web Design\",\"description\":\"Agence Web H\u00f4tels Restaurants\",\"publisher\":{\"@id\":\"https:\\\/\\\/hotel-webdesign.com\\\/#organization\"},\"alternateName\":\"Agence Web Hotels Restaurants\",\"potentialAction\":[{\"@type\":\"SearchAction\",\"target\":{\"@type\":\"EntryPoint\",\"urlTemplate\":\"https:\\\/\\\/hotel-webdesign.com\\\/?s={search_term_string}\"},\"query-input\":{\"@type\":\"PropertyValueSpecification\",\"valueRequired\":true,\"valueName\":\"search_term_string\"}}],\"inLanguage\":\"es\"},{\"@type\":\"Organization\",\"@id\":\"https:\\\/\\\/hotel-webdesign.com\\\/#organization\",\"name\":\"Hotel Web Design\",\"url\":\"https:\\\/\\\/hotel-webdesign.com\\\/\",\"logo\":{\"@type\":\"ImageObject\",\"inLanguage\":\"es\",\"@id\":\"https:\\\/\\\/hotel-webdesign.com\\\/#\\\/schema\\\/logo\\\/image\\\/\",\"url\":\"https:\\\/\\\/hotel-webdesign.com\\\/wp-content\\\/uploads\\\/2019\\\/11\\\/Hotel-Web-Design-logo-v2-version-grise.png\",\"contentUrl\":\"https:\\\/\\\/hotel-webdesign.com\\\/wp-content\\\/uploads\\\/2019\\\/11\\\/Hotel-Web-Design-logo-v2-version-grise.png\",\"width\":497,\"height\":181,\"caption\":\"Hotel Web Design\"},\"image\":{\"@id\":\"https:\\\/\\\/hotel-webdesign.com\\\/#\\\/schema\\\/logo\\\/image\\\/\"},\"sameAs\":[\"https:\\\/\\\/www.facebook.com\\\/hotelwebd\"]}]}<\/script>\n<!-- \/ Yoast SEO plugin. -->","yoast_head_json":{"title":"Ofertas de dise\u00f1o web para restaurantes y hoteles","description":"Oferta web para restaurante, ofertas de creaci\u00f3n de p\u00e1ginas web para restaurador, m\u00f3dulo de reserva de mesa gastron\u00f3mica referenciaci\u00f3n","robots":{"index":"index","follow":"follow","max-snippet":"max-snippet:-1","max-image-preview":"max-image-preview:large","max-video-preview":"max-video-preview:-1"},"canonical":"https:\/\/hotel-webdesign.com\/es\/oferta-creacion-sitio-restaurante\/","og_locale":"es_ES","og_type":"article","og_title":"Offres Web Pour Restaurant | Hotel Web-Design","og_description":"Offre web pour restaurant, offres de cr\u00e9ation de site pour restaurateur, gastronomie module de r\u00e9servation de table r\u00e9f\u00e9rencement","og_url":"https:\/\/hotel-webdesign.com\/es\/oferta-creacion-sitio-restaurante\/","og_site_name":"Cr\u00e9ation Site H\u00f4tellerie &amp; Tourisme | Hotel Web Design","article_publisher":"https:\/\/www.facebook.com\/hotelwebd","article_modified_time":"2026-03-23T13:57:31+00:00","og_image":[{"width":2185,"height":1966,"url":"https:\/\/hotel-webdesign.com\/wp-content\/uploads\/2021\/05\/2-Home-version-noir.jpg","type":"image\/jpeg"}],"schema":{"@context":"https:\/\/schema.org","@graph":[{"@type":"WebPage","@id":"https:\/\/hotel-webdesign.com\/es\/wp-json\/wp\/v2\/pages\/4456","url":"https:\/\/hotel-webdesign.com\/es\/wp-json\/wp\/v2\/pages\/4456","name":"Ofertas de dise\u00f1o web para restaurantes y hoteles","isPartOf":{"@id":"https:\/\/hotel-webdesign.com\/#website"},"datePublished":"2020-04-06T11:48:20+00:00","dateModified":"2026-03-23T13:57:31+00:00","description":"Oferta web para restaurante, ofertas de creaci\u00f3n de p\u00e1ginas web para restaurador, m\u00f3dulo de reserva de mesa gastron\u00f3mica referenciaci\u00f3n","breadcrumb":{"@id":"https:\/\/hotel-webdesign.com\/offre-creation-site-restaurant\/#breadcrumb"},"inLanguage":"es","potentialAction":[{"@type":"ReadAction","target":["https:\/\/hotel-webdesign.com\/offre-creation-site-restaurant\/"]}]},{"@type":"BreadcrumbList","@id":"https:\/\/hotel-webdesign.com\/offre-creation-site-restaurant\/#breadcrumb","itemListElement":[{"@type":"ListItem","position":1,"name":"Accueil","item":"https:\/\/hotel-webdesign.com\/es\/"},{"@type":"ListItem","position":2,"name":"Offres Web Pour Restaurant"}]},{"@type":"WebSite","@id":"https:\/\/hotel-webdesign.com\/#website","url":"https:\/\/hotel-webdesign.com\/","name":"Dise\u00f1o web de hoteles","description":"Agencia Web Hoteles Restaurantes","publisher":{"@id":"https:\/\/hotel-webdesign.com\/#organization"},"alternateName":"Agence Web Hotels Restaurants","potentialAction":[{"@type":"SearchAction","target":{"@type":"EntryPoint","urlTemplate":"https:\/\/hotel-webdesign.com\/?s={search_term_string}"},"query-input":{"@type":"PropertyValueSpecification","valueRequired":true,"valueName":"search_term_string"}}],"inLanguage":"es"},{"@type":"Organization","@id":"https:\/\/hotel-webdesign.com\/#organization","name":"Dise\u00f1o web de hoteles","url":"https:\/\/hotel-webdesign.com\/","logo":{"@type":"ImageObject","inLanguage":"es","@id":"https:\/\/hotel-webdesign.com\/#\/schema\/logo\/image\/","url":"https:\/\/hotel-webdesign.com\/wp-content\/uploads\/2019\/11\/Hotel-Web-Design-logo-v2-version-grise.png","contentUrl":"https:\/\/hotel-webdesign.com\/wp-content\/uploads\/2019\/11\/Hotel-Web-Design-logo-v2-version-grise.png","width":497,"height":181,"caption":"Hotel Web Design"},"image":{"@id":"https:\/\/hotel-webdesign.com\/#\/schema\/logo\/image\/"},"sameAs":["https:\/\/www.facebook.com\/hotelwebd"]}]}},"_links":{"self":[{"href":"https:\/\/hotel-webdesign.com\/es\/wp-json\/wp\/v2\/pages\/4456","targetHints":{"allow":["GET"]}}],"collection":[{"href":"https:\/\/hotel-webdesign.com\/es\/wp-json\/wp\/v2\/pages"}],"about":[{"href":"https:\/\/hotel-webdesign.com\/es\/wp-json\/wp\/v2\/types\/page"}],"author":[{"embeddable":true,"href":"https:\/\/hotel-webdesign.com\/es\/wp-json\/wp\/v2\/users\/1"}],"replies":[{"embeddable":true,"href":"https:\/\/hotel-webdesign.com\/es\/wp-json\/wp\/v2\/comments?post=4456"}],"version-history":[{"count":28,"href":"https:\/\/hotel-webdesign.com\/es\/wp-json\/wp\/v2\/pages\/4456\/revisions"}],"predecessor-version":[{"id":17002,"href":"https:\/\/hotel-webdesign.com\/es\/wp-json\/wp\/v2\/pages\/4456\/revisions\/17002"}],"wp:attachment":[{"href":"https:\/\/hotel-webdesign.com\/es\/wp-json\/wp\/v2\/media?parent=4456"}],"curies":[{"name":"wp","href":"https:\/\/api.w.org\/{rel}","templated":true}]}}