{"id":10738,"date":"2023-03-07T11:16:09","date_gmt":"2023-03-07T10:16:09","guid":{"rendered":"https:\/\/hotel-webdesign.com\/offre-referencement-hotel-2"},"modified":"2026-01-14T19:21:38","modified_gmt":"2026-01-14T17:21:38","slug":"community-manager-per-hotel","status":"publish","type":"page","link":"https:\/\/hotel-webdesign.com\/it\/community-manager-per-hotel\/","title":{"rendered":"Community Manager per gli hotel"},"content":{"rendered":"<div id=\"fws_69d221543cef0\"  data-column-margin=\"default\" data-midnight=\"dark\"  class=\"wpb_row vc_row-fluid vc_row full-width-section\"  style=\"padding-top: 0px; padding-bottom: 0px; \"><div class=\"row-bg-wrap\" data-bg-animation=\"none\" data-bg-animation-delay=\"\" data-bg-overlay=\"false\"><div class=\"inner-wrap row-bg-layer\" ><div class=\"row-bg viewport-desktop\"  style=\"\"><\/div><\/div><\/div><div class=\"row_col_wrap_12 col span_12 dark left\">\n\t<div  class=\"vc_col-sm-12 wpb_column column_container vc_column_container col no-extra-padding inherit_tablet inherit_phone\"  data-padding-pos=\"all\" data-has-bg-color=\"false\" data-bg-color=\"\" data-bg-opacity=\"1\" data-animation=\"\" data-delay=\"0\" >\n\t\t<div class=\"vc_column-inner\" >\n\t\t\t<div class=\"wpb_wrapper\">\n\t\t\t\t<div class=\"row pricing-table five-cols\" data-style=\"default\"><div class=\"pricing-column no-highlight extra-color-2\">\n\t\t\t<h3>caratteristiche-<\/h3>\n          <div class=\"pricing-column-content\">\n\t\t\t<h4> <span class=\"dollar-sign\">$<\/span> -- <\/h4>\n\t\t\t<span class=\"interval\">Al mese<\/span>\n<div class=\"wpb_text_column wpb_content_element\" >\n\t<ul>\n<li>Numero di<br \/>\npubblicazioni mensili<br \/>\n(tutte le reti combinate)<\/li>\n<li>Reti<br \/>\nsociale<\/li>\n<li>Convalida del cliente<br \/>\nprima della pubblicazione<\/li>\n<li>Notizie<br \/>\ndello stabilimento<\/li>\n<li>Notizie<br \/>\nturistico e locale<\/li>\n<li>Creazione<br \/>\nvisuals (immagini e video)<\/li>\n<li>Scrittura e redazione<br \/>\nhashtag ottimizzati<\/li>\n<li>Pubblicazione<br \/>\nstorie<\/li>\n<li>Risposta<br \/>\nai commenti<\/li>\n<li>Giochi<br \/>\nconcorso<\/li>\n<li>Segnalazione<br \/>\ne follow-up<\/li>\n<\/ul>\n<\/div>\n\n\n\n<\/div><\/div>\n<div class=\"pricing-column no-highlight accent-color\">\n\t\t\t<h3>Offerta iniziale<\/h3>\n          <div class=\"pricing-column-content\">\n\t\t\t<h4> <span class=\"dollar-sign\">\u20ac<\/span> 199 <\/h4>\n\t\t\t<span class=\"interval\">Al mese, impegno di 12 mesi<\/span>\n<div class=\"wpb_text_column wpb_content_element\" >\n\t<ul class=\"features\">\n<li><span style=\"color: #333333;font-size: 150%\">4<\/span><\/li>\n<li><span style=\"color: #333333;font-size: 120%\">FACEBOOK<br \/>\n+ INSTAGRAM<\/span><\/li>\n<li><span style=\"font-size: 120%;color: #333333\">AT<br \/>\nSCELTA<\/span><\/li>\n<li><strong><span style=\"color: #339966;font-size: 150%\">\u2713<\/span><\/strong><\/li>\n<li><strong><span style=\"color: #339966;font-size: 150%\">\u2713<\/span><\/strong><\/li>\n<li><strong><span style=\"color: #339966;font-size: 150%\">\u2713<\/span><\/strong><\/li>\n<li><strong><span style=\"color: #339966;font-size: 150%\">\u2713<\/span><\/strong><\/li>\n<li><span style=\"font-size: 150%\">-<\/span><\/li>\n<li><span style=\"font-size: 150%\">-<\/span><\/li>\n<li><span style=\"font-size: 150%\">-<\/span><\/li>\n<li><span style=\"font-size: 120%;color: #333333\">RAPPORTO (SINTESI)<\/span><\/li>\n<\/ul>\n<\/div>\n\n\n\n<\/div><\/div>\n<div class=\"pricing-column highlight accent-color\">\n\t\t\t<h3>Gamma di prestazioni<span class=\"highlight-reason\">Offerta popolare<\/span><\/h3>\n          <div class=\"pricing-column-content\">\n\t\t\t<h4> <span class=\"dollar-sign\">\u20ac<\/span> 449 <\/h4>\n\t\t\t<span class=\"interval\">Al mese, impegno di 12 mesi<\/span>\n<div class=\"wpb_text_column wpb_content_element\" >\n\t<ul class=\"features\">\n<li><span style=\"font-size: 150%;color: #333333\">8<\/span><\/li>\n<li><span style=\"font-size: 120%;color: #333333\">FB + INSTA<br \/>\n<span style=\"font-size: 95%\">(TIKTOK OPZIONALE)<\/span><\/span><\/li>\n<li><span style=\"font-size: 120%;color: #333333\">AT<br \/>\nSCELTA<\/span><\/li>\n<li><strong><span style=\"color: #339966;font-size: 150%\">\u2713<\/span><\/strong><\/li>\n<li><strong><span style=\"color: #339966;font-size: 150%\">\u2713<\/span><\/strong><\/li>\n<li><strong><span style=\"color: #339966;font-size: 150%\">\u2713<\/span><\/strong><\/li>\n<li><strong><span style=\"color: #339966;font-size: 150%\">\u2713<\/span><\/strong><\/li>\n<li><strong><span style=\"color: #339966;font-size: 150%\">\u2713<\/span><\/strong><\/li>\n<li><span style=\"font-size: 120%;color: #333333\">1 TEMPO<br \/>\nA SETTIMANA<\/span><\/li>\n<li><span style=\"font-size: 150%\">-<\/span><\/li>\n<li><span style=\"font-size: 120%;color: #333333\">RAPPORTO PERSONALIZZATO<\/span><\/li>\n<\/ul>\n<\/div>\n\n\n\n<\/div><\/div>\n<div class=\"pricing-column no-highlight accent-color\">\n\t\t\t<h3>Gamma di esperti<\/h3>\n          <div class=\"pricing-column-content\">\n\t\t\t<h4> <span class=\"dollar-sign\">\u20ac<\/span> 899 <\/h4>\n\t\t\t<span class=\"interval\">Al mese, impegno di 12 mesi<\/span>\n<div class=\"wpb_text_column wpb_content_element\" >\n\t<ul class=\"features\">\n<li><span style=\"font-size: 150%;color: #333333\">12<\/span><\/li>\n<li><span style=\"font-size: 120%;color: #333333\">FB + INSTA + TIKTOK<\/span><\/li>\n<li><span style=\"font-size: 120%;color: #333333\">AT<br \/>\nSCELTA<\/span><\/li>\n<li><strong><span style=\"color: #339966;font-size: 150%\">\u2713<\/span><\/strong><\/li>\n<li><strong><span style=\"color: #339966;font-size: 150%\">\u2713<\/span><\/strong><\/li>\n<li><strong><span style=\"color: #339966;font-size: 150%\">\u2713<\/span><\/strong><\/li>\n<li><strong><span style=\"color: #339966;font-size: 150%\">\u2713<\/span><\/strong><\/li>\n<li><strong><span style=\"color: #339966;font-size: 150%\">\u2713<\/span><\/strong><\/li>\n<li><strong><span style=\"color: #339966;font-size: 150%\">\u2713<\/span><\/strong><\/li>\n<li><span style=\"font-size: 120%;color: #333333\">2 VOLTE<br \/>\nPER ANNO<\/span><\/li>\n<li><span style=\"font-size: 120%;color: #333333\">RAPPORTO DETTAGLIATO + RECO<\/span><\/li>\n<\/ul>\n<\/div>\n\n\n\n<\/div><\/div>\n<div class=\"pricing-column no-highlight accent-color\">\n\t\t\t<h3>Gamma Excellence<\/h3>\n          <div class=\"pricing-column-content\">\n\t\t\t<h4> <span class=\"dollar-sign\">\u20ac<\/span> 1499 <\/h4>\n\t\t\t<span class=\"interval\">Al mese, impegno di 12 mesi<\/span>\n<div class=\"wpb_text_column wpb_content_element\" >\n\t<ul class=\"features\">\n<li><span style=\"font-size: 150%;color: #333333\">16<\/span><\/li>\n<li><span style=\"font-size: 120%;color: #333333\">FB + INSTA + TIKTOK<\/span><\/li>\n<li><span style=\"font-size: 120%;color: #333333\">AT<br \/>\nSCELTA<\/span><\/li>\n<li><strong><span style=\"color: #339966;font-size: 150%\">\u2713<\/span><\/strong><\/li>\n<li><strong><span style=\"color: #339966;font-size: 150%\">\u2713<\/span><\/strong><\/li>\n<li><strong><span style=\"color: #339966;font-size: 150%\">\u2713<\/span><\/strong><\/li>\n<li><strong><span style=\"color: #339966;font-size: 150%\">\u2713<\/span><\/strong><\/li>\n<li><strong><span style=\"color: #339966;font-size: 150%\">\u2713<\/span><\/strong><\/li>\n<li><strong><span style=\"color: #339966;font-size: 150%\">\u2713<\/span><\/strong><\/li>\n<li><span style=\"font-size: 120%;color: #333333\">3 VOLTE<br \/>\nPER ANNO<\/span><\/li>\n<li><span style=\"font-size: 120%;color: #333333\">STRATEGIA + REPORTISTICA AVANZATA<\/span><\/li>\n<\/ul>\n<\/div>\n\n\n\n<\/div><\/div><\/div>\n\t\t\t<\/div> \n\t\t<\/div>\n\t<\/div> \n<\/div><\/div>\n\n\t\t<div id=\"fws_69d22154404b9\"  data-column-margin=\"default\" data-midnight=\"dark\"  class=\"wpb_row vc_row-fluid vc_row details\"  style=\"padding-top: 30px; padding-bottom: 0px; \"><div class=\"row-bg-wrap\" data-bg-animation=\"none\" data-bg-animation-delay=\"\" data-bg-overlay=\"false\"><div class=\"inner-wrap row-bg-layer\" ><div class=\"row-bg viewport-desktop\"  style=\"\"><\/div><\/div><\/div><div class=\"row_col_wrap_12 col span_12 dark left\">\n\t<div  class=\"vc_col-sm-6 wpb_column column_container vc_column_container col no-extra-padding inherit_tablet inherit_phone\"  data-padding-pos=\"all\" data-has-bg-color=\"false\" data-bg-color=\"\" data-bg-opacity=\"1\" data-animation=\"\" data-delay=\"0\" >\n\t\t<div class=\"vc_column-inner\" >\n\t\t\t<div class=\"wpb_wrapper\">\n\t\t\t\t\n<div class=\"wpb_text_column wpb_content_element\" >\n\t<h2 style=\"text-align: center; color: #acb9ca;\">Il nostro metodo collaborativo per la gestione dei vostri social network<\/h2>\n<\/div>\n\n\n\n\n<div class=\"wpb_text_column wpb_content_element\" >\n\t<p class=\"\">Il nostro team lavorer\u00e0 con voi fin dall'inizio per garantire che la vostra produzione sia regolare, coerente con la vostra immagine e orientata alla conversione (visite al sito, chiamate, richieste, prenotazioni):<\/p>\n<ul>\n<li class=\"\">\n<p class=\"\"><strong>Piano editoriale e calendario<\/strong> Un palinsesto mensile (e stagionale) con temi adatti alla vostra struttura e alla vostra zona turistica.<\/p>\n<\/li>\n<li class=\"\">\n<p class=\"\"><strong>Carta grafica dei social media<\/strong> La vostra identit\u00e0 (colori, caratteri tipografici, stile fotografico) per pubblicazioni armonizzate.<\/p>\n<\/li>\n<li class=\"\">\n<p class=\"\"><strong>Raccolta di informazioni<\/strong> Ci inviate offerte, eventi, novit\u00e0 e nuovi prodotti. Li aggiungeremo al calendario.<\/p>\n<\/li>\n<li class=\"\">\n<p class=\"\"><strong>Copywriting e ottimizzazione<\/strong> I testi sono adattati alla rete, con hashtag pertinenti e inviti all'azione (prenota, chiama, scopri).<\/p>\n<\/li>\n<li class=\"\">\n<p class=\"\"><strong>Interazione e moderazione<\/strong> A seconda della formula, rispondiamo ai commenti per mantenere una presenza professionale e reattiva.<\/p>\n<\/li>\n<\/ul>\n<p><img loading=\"lazy\" decoding=\"async\" class=\"size-full wp-image-8401 alignnone\" style=\"display: none;\" src=\"https:\/\/hotel-webdesign.com\/wp-content\/uploads\/2022\/05\/referencement-hotel.png\" alt=\"\" width=\"262\" height=\"86\" \/><\/p>\n<\/div>\n\n\n\n\n\t\t\t<\/div> \n\t\t<\/div>\n\t<\/div> \n\n\n\t<div  class=\"vc_col-sm-6 wpb_column column_container vc_column_container col no-extra-padding inherit_tablet inherit_phone\"  data-padding-pos=\"all\" data-has-bg-color=\"false\" data-bg-color=\"\" data-bg-opacity=\"1\" data-animation=\"\" data-delay=\"0\" >\n\t\t<div class=\"vc_column-inner\" >\n\t\t\t<div class=\"wpb_wrapper\">\n\t\t\t\t\n<div class=\"wpb_text_column wpb_content_element\" >\n\t<h2 style=\"text-align: center; color: #acb9ca;\">Termini e condizioni generali<\/h2>\n<\/div>\n\n\n\n\n<div class=\"wpb_text_column wpb_content_element\" >\n\t<ul>\n<li class=\"\">\n<p class=\"\"><strong>Diritti sui contenuti<\/strong> Copyright: gli elementi forniti dal cliente devono essere liberi da copyright. Il cliente garantisce di non violare i diritti di terzi. In caso contrario, l'agenzia si riserva il diritto di non pubblicare.<\/p>\n<\/li>\n<li class=\"\">\n<p class=\"\"><strong>Conformit\u00e0 alla legislazione<\/strong> Contenuti conformi alla legislazione francese ed europea (propriet\u00e0 intellettuale, diritti d'immagine, protezione dei dati).<\/p>\n<\/li>\n<li class=\"\">\n<p class=\"\"><strong>Produzione in loco<\/strong> Riprese video, servizi fotografici, viaggi e fotografie in loco non sono inclusi (\u00e8 richiesto un preventivo aggiuntivo).<\/p>\n<\/li>\n<li class=\"\">\n<p class=\"\"><strong>Recupero e conservazione<\/strong> Archiviazione: al termine del contratto, i contenuti creati restano a disposizione del cliente. L'archiviazione \u00e8 possibile 3 mesi dopo la fine del contratto.<\/p>\n<\/li>\n<li class=\"\">\n<p class=\"\"><strong>Rinnovo<\/strong> Contratto di 12 mesi, tacitamente rinnovabile. Disdetta con comunicazione scritta 30 giorni prima del rinnovo.<\/p>\n<\/li>\n<li class=\"\">\n<p class=\"\"><strong>Impegno collaborativo<\/strong> Il cliente si impegna a convalidare e trasmettere le informazioni entro un tempo ragionevole.<\/p>\n<\/li>\n<\/ul>\n<p><img loading=\"lazy\" decoding=\"async\" class=\"size-full wp-image-8401 alignnone\" style=\"display: none;\" src=\"https:\/\/hotel-webdesign.com\/wp-content\/uploads\/2022\/05\/referencement-hotel.png\" alt=\"\" width=\"262\" height=\"86\" \/><\/p>\n<\/div>\n\n\n\n\n\t\t\t<\/div> \n\t\t<\/div>\n\t<\/div> \n<\/div><\/div>","protected":false},"excerpt":{"rendered":"caratteristiche- $ -- Al mese Numero di pubblicazioni mensili (tutte le reti incluse) Social network Convalida del cliente prima della pubblicazione Attualit\u00e0 della struttura Attualit\u00e0 turistica e locale Creazione di elementi visivi (immagine e video)...","protected":false},"author":1,"featured_media":10766,"parent":0,"menu_order":0,"comment_status":"closed","ping_status":"closed","template":"","meta":{"footnotes":""},"class_list":["post-10738","page","type-page","status-publish","has-post-thumbnail"],"yoast_head":"<!-- This site is optimized with the Yoast SEO plugin v27.1.1 - https:\/\/yoast.com\/product\/yoast-seo-wordpress\/ -->\n<title>Community Manager pour H\u00f4tels | Cr\u00e9ation Site H\u00f4tellerie &amp; Tourisme | Hotel Web Design<\/title>\n<meta name=\"description\" content=\"Community manager pour h\u00f4tel, gestion des reseaux sociaux pour h\u00f4tels, \u00e9tablissements h\u00f4teliers et restaurateurs.\" \/>\n<meta name=\"robots\" content=\"index, follow, max-snippet:-1, max-image-preview:large, max-video-preview:-1\" \/>\n<link rel=\"canonical\" href=\"https:\/\/hotel-webdesign.com\/it\/community-manager-per-hotel\/\" \/>\n<meta property=\"og:locale\" content=\"it_IT\" \/>\n<meta property=\"og:type\" content=\"article\" \/>\n<meta property=\"og:title\" content=\"Community Manager pour H\u00f4tels | Cr\u00e9ation Site H\u00f4tellerie &amp; Tourisme | Hotel Web Design\" \/>\n<meta property=\"og:description\" content=\"Community manager pour h\u00f4tel, gestion des reseaux sociaux pour h\u00f4tels, \u00e9tablissements h\u00f4teliers et restaurateurs.\" \/>\n<meta property=\"og:url\" content=\"https:\/\/hotel-webdesign.com\/it\/community-manager-per-hotel\/\" \/>\n<meta property=\"og:site_name\" content=\"Cr\u00e9ation Site H\u00f4tellerie &amp; Tourisme | Hotel Web Design\" \/>\n<meta property=\"article:publisher\" content=\"https:\/\/www.facebook.com\/hotelwebd\" \/>\n<meta property=\"article:modified_time\" content=\"2026-01-14T17:21:38+00:00\" \/>\n<meta property=\"og:image\" content=\"https:\/\/hotel-webdesign.com\/wp-content\/uploads\/2023\/03\/community-managemer-hotel-reseaux-sociaux.jpg\" \/>\n\t<meta property=\"og:image:width\" content=\"960\" \/>\n\t<meta property=\"og:image:height\" content=\"638\" \/>\n\t<meta property=\"og:image:type\" content=\"image\/jpeg\" \/>\n<script type=\"application\/ld+json\" class=\"yoast-schema-graph\">{\"@context\":\"https:\/\/schema.org\",\"@graph\":[{\"@type\":\"WebPage\",\"@id\":\"https:\/\/hotel-webdesign.com\/community-manager-pour-hotels\/\",\"url\":\"https:\/\/hotel-webdesign.com\/community-manager-pour-hotels\/\",\"name\":\"Community Manager pour H\u00f4tels | Cr\u00e9ation Site H\u00f4tellerie &amp; Tourisme | Hotel Web Design\",\"isPartOf\":{\"@id\":\"https:\/\/hotel-webdesign.com\/#website\"},\"primaryImageOfPage\":{\"@id\":\"https:\/\/hotel-webdesign.com\/community-manager-pour-hotels\/#primaryimage\"},\"image\":{\"@id\":\"https:\/\/hotel-webdesign.com\/community-manager-pour-hotels\/#primaryimage\"},\"thumbnailUrl\":\"https:\/\/hotel-webdesign.com\/wp-content\/uploads\/2023\/03\/community-managemer-hotel-reseaux-sociaux.jpg\",\"datePublished\":\"2023-03-07T10:16:09+00:00\",\"dateModified\":\"2026-01-14T17:21:38+00:00\",\"description\":\"Community manager pour h\u00f4tel, gestion des reseaux sociaux pour h\u00f4tels, \u00e9tablissements h\u00f4teliers et restaurateurs.\",\"breadcrumb\":{\"@id\":\"https:\/\/hotel-webdesign.com\/community-manager-pour-hotels\/#breadcrumb\"},\"inLanguage\":\"it-IT\",\"potentialAction\":[{\"@type\":\"ReadAction\",\"target\":[\"https:\/\/hotel-webdesign.com\/community-manager-pour-hotels\/\"]}]},{\"@type\":\"ImageObject\",\"inLanguage\":\"it-IT\",\"@id\":\"https:\/\/hotel-webdesign.com\/community-manager-pour-hotels\/#primaryimage\",\"url\":\"https:\/\/hotel-webdesign.com\/wp-content\/uploads\/2023\/03\/community-managemer-hotel-reseaux-sociaux.jpg\",\"contentUrl\":\"https:\/\/hotel-webdesign.com\/wp-content\/uploads\/2023\/03\/community-managemer-hotel-reseaux-sociaux.jpg\",\"width\":960,\"height\":638},{\"@type\":\"BreadcrumbList\",\"@id\":\"https:\/\/hotel-webdesign.com\/community-manager-pour-hotels\/#breadcrumb\",\"itemListElement\":[{\"@type\":\"ListItem\",\"position\":1,\"name\":\"Accueil\",\"item\":\"https:\/\/hotel-webdesign.com\/es\/\"},{\"@type\":\"ListItem\",\"position\":2,\"name\":\"Community Manager pour H\u00f4tels\"}]},{\"@type\":\"WebSite\",\"@id\":\"https:\/\/hotel-webdesign.com\/#website\",\"url\":\"https:\/\/hotel-webdesign.com\/\",\"name\":\"Hotel Web Design\",\"description\":\"Agence Web H\u00f4tels Restaurants\",\"publisher\":{\"@id\":\"https:\/\/hotel-webdesign.com\/#organization\"},\"alternateName\":\"Agence Web Hotels Restaurants\",\"potentialAction\":[{\"@type\":\"SearchAction\",\"target\":{\"@type\":\"EntryPoint\",\"urlTemplate\":\"https:\/\/hotel-webdesign.com\/?s={search_term_string}\"},\"query-input\":{\"@type\":\"PropertyValueSpecification\",\"valueRequired\":true,\"valueName\":\"search_term_string\"}}],\"inLanguage\":\"it-IT\"},{\"@type\":\"Organization\",\"@id\":\"https:\/\/hotel-webdesign.com\/#organization\",\"name\":\"Hotel Web Design\",\"url\":\"https:\/\/hotel-webdesign.com\/\",\"logo\":{\"@type\":\"ImageObject\",\"inLanguage\":\"it-IT\",\"@id\":\"https:\/\/hotel-webdesign.com\/#\/schema\/logo\/image\/\",\"url\":\"https:\/\/hotel-webdesign.com\/wp-content\/uploads\/2019\/11\/Hotel-Web-Design-logo-v2-version-grise.png\",\"contentUrl\":\"https:\/\/hotel-webdesign.com\/wp-content\/uploads\/2019\/11\/Hotel-Web-Design-logo-v2-version-grise.png\",\"width\":497,\"height\":181,\"caption\":\"Hotel Web Design\"},\"image\":{\"@id\":\"https:\/\/hotel-webdesign.com\/#\/schema\/logo\/image\/\"},\"sameAs\":[\"https:\/\/www.facebook.com\/hotelwebd\"]}]}<\/script>\n<!-- \/ Yoast SEO plugin. -->","yoast_head_json":{"title":"Community Manager per hotel | Hotel Web Design","description":"Community manager per hotel, gestione dei social network per hotel, alberghi e ristoranti.","robots":{"index":"index","follow":"follow","max-snippet":"max-snippet:-1","max-image-preview":"max-image-preview:large","max-video-preview":"max-video-preview:-1"},"canonical":"https:\/\/hotel-webdesign.com\/it\/community-manager-per-hotel\/","og_locale":"it_IT","og_type":"article","og_title":"Community Manager pour H\u00f4tels | Cr\u00e9ation Site H\u00f4tellerie &amp; Tourisme | Hotel Web Design","og_description":"Community manager pour h\u00f4tel, gestion des reseaux sociaux pour h\u00f4tels, \u00e9tablissements h\u00f4teliers et restaurateurs.","og_url":"https:\/\/hotel-webdesign.com\/it\/community-manager-per-hotel\/","og_site_name":"Cr\u00e9ation Site H\u00f4tellerie &amp; Tourisme | Hotel Web Design","article_publisher":"https:\/\/www.facebook.com\/hotelwebd","article_modified_time":"2026-01-14T17:21:38+00:00","og_image":[{"width":960,"height":638,"url":"https:\/\/hotel-webdesign.com\/wp-content\/uploads\/2023\/03\/community-managemer-hotel-reseaux-sociaux.jpg","type":"image\/jpeg"}],"schema":{"@context":"https:\/\/schema.org","@graph":[{"@type":"WebPage","@id":"https:\/\/hotel-webdesign.com\/community-manager-pour-hotels\/","url":"https:\/\/hotel-webdesign.com\/community-manager-pour-hotels\/","name":"Community Manager per hotel | Hotel Web Design","isPartOf":{"@id":"https:\/\/hotel-webdesign.com\/#website"},"primaryImageOfPage":{"@id":"https:\/\/hotel-webdesign.com\/community-manager-pour-hotels\/#primaryimage"},"image":{"@id":"https:\/\/hotel-webdesign.com\/community-manager-pour-hotels\/#primaryimage"},"thumbnailUrl":"https:\/\/hotel-webdesign.com\/wp-content\/uploads\/2023\/03\/community-managemer-hotel-reseaux-sociaux.jpg","datePublished":"2023-03-07T10:16:09+00:00","dateModified":"2026-01-14T17:21:38+00:00","description":"Community manager per hotel, gestione dei social network per hotel, alberghi e ristoranti.","breadcrumb":{"@id":"https:\/\/hotel-webdesign.com\/community-manager-pour-hotels\/#breadcrumb"},"inLanguage":"it-IT","potentialAction":[{"@type":"ReadAction","target":["https:\/\/hotel-webdesign.com\/community-manager-pour-hotels\/"]}]},{"@type":"ImageObject","inLanguage":"it-IT","@id":"https:\/\/hotel-webdesign.com\/community-manager-pour-hotels\/#primaryimage","url":"https:\/\/hotel-webdesign.com\/wp-content\/uploads\/2023\/03\/community-managemer-hotel-reseaux-sociaux.jpg","contentUrl":"https:\/\/hotel-webdesign.com\/wp-content\/uploads\/2023\/03\/community-managemer-hotel-reseaux-sociaux.jpg","width":960,"height":638},{"@type":"BreadcrumbList","@id":"https:\/\/hotel-webdesign.com\/community-manager-pour-hotels\/#breadcrumb","itemListElement":[{"@type":"ListItem","position":1,"name":"Accueil","item":"https:\/\/hotel-webdesign.com\/es\/"},{"@type":"ListItem","position":2,"name":"Community Manager pour H\u00f4tels"}]},{"@type":"WebSite","@id":"https:\/\/hotel-webdesign.com\/#website","url":"https:\/\/hotel-webdesign.com\/","name":"Web design per hotel","description":"Web Agency Alberghi Ristoranti","publisher":{"@id":"https:\/\/hotel-webdesign.com\/#organization"},"alternateName":"Agence Web Hotels Restaurants","potentialAction":[{"@type":"SearchAction","target":{"@type":"EntryPoint","urlTemplate":"https:\/\/hotel-webdesign.com\/?s={search_term_string}"},"query-input":{"@type":"PropertyValueSpecification","valueRequired":true,"valueName":"search_term_string"}}],"inLanguage":"it-IT"},{"@type":"Organization","@id":"https:\/\/hotel-webdesign.com\/#organization","name":"Web design per hotel","url":"https:\/\/hotel-webdesign.com\/","logo":{"@type":"ImageObject","inLanguage":"it-IT","@id":"https:\/\/hotel-webdesign.com\/#\/schema\/logo\/image\/","url":"https:\/\/hotel-webdesign.com\/wp-content\/uploads\/2019\/11\/Hotel-Web-Design-logo-v2-version-grise.png","contentUrl":"https:\/\/hotel-webdesign.com\/wp-content\/uploads\/2019\/11\/Hotel-Web-Design-logo-v2-version-grise.png","width":497,"height":181,"caption":"Hotel Web Design"},"image":{"@id":"https:\/\/hotel-webdesign.com\/#\/schema\/logo\/image\/"},"sameAs":["https:\/\/www.facebook.com\/hotelwebd"]}]}},"_links":{"self":[{"href":"https:\/\/hotel-webdesign.com\/it\/wp-json\/wp\/v2\/pages\/10738","targetHints":{"allow":["GET"]}}],"collection":[{"href":"https:\/\/hotel-webdesign.com\/it\/wp-json\/wp\/v2\/pages"}],"about":[{"href":"https:\/\/hotel-webdesign.com\/it\/wp-json\/wp\/v2\/types\/page"}],"author":[{"embeddable":true,"href":"https:\/\/hotel-webdesign.com\/it\/wp-json\/wp\/v2\/users\/1"}],"replies":[{"embeddable":true,"href":"https:\/\/hotel-webdesign.com\/it\/wp-json\/wp\/v2\/comments?post=10738"}],"version-history":[{"count":49,"href":"https:\/\/hotel-webdesign.com\/it\/wp-json\/wp\/v2\/pages\/10738\/revisions"}],"predecessor-version":[{"id":16884,"href":"https:\/\/hotel-webdesign.com\/it\/wp-json\/wp\/v2\/pages\/10738\/revisions\/16884"}],"wp:featuredmedia":[{"embeddable":true,"href":"https:\/\/hotel-webdesign.com\/it\/wp-json\/wp\/v2\/media\/10766"}],"wp:attachment":[{"href":"https:\/\/hotel-webdesign.com\/it\/wp-json\/wp\/v2\/media?parent=10738"}],"curies":[{"name":"wp","href":"https:\/\/api.w.org\/{rel}","templated":true}]}}