{"id":237,"date":"2014-12-18T10:56:33","date_gmt":"2014-12-18T10:56:33","guid":{"rendered":"https:\/\/hotel-webdesign.com\/?page_id=237"},"modified":"2026-03-17T15:29:20","modified_gmt":"2026-03-17T13:29:20","slug":"contatto","status":"publish","type":"page","link":"https:\/\/hotel-webdesign.com\/it\/contact\/","title":{"rendered":"Contatto"},"content":{"rendered":"\n\t\t<div id=\"fws_69e2d498a03bc\"  data-column-margin=\"default\" data-midnight=\"dark\"  class=\"wpb_row vc_row-fluid vc_row full-width-section vc_row-o-equal-height vc_row-flex vc_row-o-content-top parallax_section\"  style=\"padding-top: 100px; padding-bottom: 100px; \"><div class=\"row-bg-wrap\" data-bg-animation=\"none\" data-bg-animation-delay=\"\" data-bg-overlay=\"true\"><div class=\"inner-wrap row-bg-layer using-image\" ><div class=\"row-bg viewport-desktop using-image\" data-parallax-speed=\"slow\" style=\"background-image: url(https:\/\/hotel-webdesign.com\/wp-content\/uploads\/2021\/06\/Page-header-vertical-no-overlay.jpeg); background-position: left top; background-repeat: no-repeat; \"><\/div><\/div><div class=\"row-bg-overlay row-bg-layer\" style=\"background-color:#ffffff;  opacity: 0.95; \"><\/div><\/div><div class=\"nectar-shape-divider-wrap no-color \" style=\" height:80px;\"  data-height=\"80\" data-front=\"true\" data-style=\"waves\" data-position=\"bottom\" ><svg class=\"nectar-shape-divider\" aria-hidden=\"true\" fill=\"\" xmlns=\"http:\/\/www.w3.org\/2000\/svg\" viewBox=\"0 0 1000 300\" preserveAspectRatio=\"none\"> <path d=\"M 1000 300 l 1 -230.29 c -217 -12.71 -300.47 129.15 -404 156.29 c -103 27 -174 -30 -257 -29 c -80 1 -130.09 37.07 -214 70 c -61.23 24 -108 15.61 -126 10.61 v 22.39 z\"><\/path> <\/svg><\/div><div class=\"row_col_wrap_12 col span_12 dark left\">\n\t<div style=\"\" class=\"vc_col-sm-6 calendlycolomn wpb_column column_container vc_column_container col padding-3-percent inherit_tablet inherit_phone \" data-using-bg=\"true\" data-border-radius=\"10px\" data-shadow=\"medium_depth\" data-padding-pos=\"all\" data-has-bg-color=\"true\" data-bg-color=\"rgba(255,255,255,0.85)\" data-bg-opacity=\"1\" data-animation=\"\" data-delay=\"0\" >\n\t\t<div class=\"vc_column-inner\" ><div class=\"column-bg-overlay-wrap column-bg-layer\" data-bg-animation=\"none\"><div class=\"column-bg-overlay\" style=\"opacity: 1; background-color: rgba(255,255,255,0.85);\"><\/div><\/div>\n\t\t\t<div class=\"wpb_wrapper\">\n\t\t\t\t<div class=\"iwithtext\"><div class=\"iwt-icon\"> <img decoding=\"async\" src=\"https:\/\/hotel-webdesign.com\/wp-content\/uploads\/2021\/06\/calling-300x300.png\" alt=\"\" \/> <\/div><div class=\"iwt-text\"> \n<h2><span style=\"color: #333333;\">Planifiez un appel&#8230;<\/span><\/h2>\n <\/div><div class=\"clear\"><\/div><\/div>\n\t<div class=\"wpb_raw_code wpb_raw_html wpb_content_element\" >\n\t\t<div class=\"wpb_wrapper\">\n\t\t\t<!-- Calendly inline widget begin -->\n<div class=\"calendly-inline-widget\" data-url=\"https:\/\/calendly.com\/rdv-webdesign\/prise-de-contact?&hide_gdpr_banner=1\" style=\"min-width:320px;height:730px;\"><\/div>\n<script type=\"text\/javascript\" src=\"https:\/\/assets.calendly.com\/assets\/external\/widget.js\" async><\/script>\n\n<!-- Calendly inline widget end -->\n\n\t\t<\/div>\n\t<\/div>\n\n\t\t\t<\/div> \n\t\t<\/div>\n\t<\/div> \n\n\t<div style=\"\" class=\"vc_col-sm-6 writecolomn wpb_column column_container vc_column_container col padding-3-percent inherit_tablet inherit_phone \" data-using-bg=\"true\" data-border-radius=\"10px\" data-shadow=\"medium_depth\" data-padding-pos=\"all\" data-has-bg-color=\"true\" data-bg-color=\"rgba(255,255,255,0.85)\" data-bg-opacity=\"1\" data-animation=\"\" data-delay=\"0\" >\n\t\t<div class=\"vc_column-inner\" ><div class=\"column-bg-overlay-wrap column-bg-layer\" data-bg-animation=\"none\"><div class=\"column-bg-overlay\" style=\"opacity: 1; background-color: rgba(255,255,255,0.85);\"><\/div><\/div>\n\t\t\t<div class=\"wpb_wrapper\">\n\t\t\t\t<div class=\"iwithtext\"><div class=\"iwt-icon\"> <img decoding=\"async\" src=\"https:\/\/hotel-webdesign.com\/wp-content\/uploads\/2021\/06\/chat-300x300.png\" alt=\"\" \/> <\/div><div class=\"iwt-text\"> \n<h2><span style=\"color: #333333;\">&#8230; Ou laissez-nous un message<\/span><\/h2>\n <\/div><div class=\"clear\"><\/div><\/div>\n\t<div class=\"wpb_raw_code wpb_raw_html wpb_content_element\" >\n\t\t<div class=\"wpb_wrapper\">\n\t\t\t<div class=\"wpforms-container wpforms-form-abandonment\" id=\"wpforms-10690\"><form id=\"wpforms-form-10690\" class=\"wpforms-validate wpforms-form\" data-formid=\"10690\" method=\"post\" enctype=\"multipart\/form-data\" action=\"\/it\/wp-json\/wp\/v2\/pages\/237\" data-token=\"57b77a75cfb983d18c6ef5568ea48b6a\" data-token-time=\"1776473240\"><noscript class=\"wpforms-error-noscript\">Abilita JavaScript nel browser per completare questo modulo.<\/noscript><div class=\"wpforms-field-container\"><div id=\"wpforms-10690-field_0-container\" class=\"wpforms-field wpforms-field-name\" data-field-id=\"0\"><label class=\"wpforms-field-label wpforms-label-hide\" for=\"wpforms-10690-field_0\">Nom <span class=\"wpforms-required-label\">*<\/span><\/label><input type=\"text\" id=\"wpforms-10690-field_0\" class=\"wpforms-field-large wpforms-field-required\" name=\"wpforms[fields][0]\" placeholder=\"Nom*\" required><\/div><div id=\"wpforms-10690-field_1-container\" class=\"wpforms-field wpforms-field-email wpforms-one-half wpforms-first\" data-field-id=\"1\"><label class=\"wpforms-field-label wpforms-label-hide\" for=\"wpforms-10690-field_1\">E-mail <span class=\"wpforms-required-label\">*<\/span><\/label><input type=\"email\" id=\"wpforms-10690-field_1\" class=\"wpforms-field-large wpforms-field-required\" name=\"wpforms[fields][1]\" placeholder=\"Email*\" spellcheck=\"false\" required><\/div><div id=\"wpforms-10690-field_10-container\" class=\"wpforms-field wpforms-field-text wpforms-one-half\" data-field-id=\"10\"><label class=\"wpforms-field-label wpforms-label-hide\" for=\"wpforms-10690-field_10\">Ligne de texte <span class=\"wpforms-required-label\">*<\/span><\/label><input type=\"text\" id=\"wpforms-10690-field_10\" class=\"wpforms-field-large wpforms-field-required\" name=\"wpforms[fields][10]\" placeholder=\"T\u00e9l\u00e9phone*\" required><\/div><div id=\"wpforms-10690-field_9-container\" class=\"wpforms-field wpforms-field-url\" data-field-id=\"9\"><label class=\"wpforms-field-label wpforms-label-hide\" for=\"wpforms-10690-field_9\">Site \/ URL (facultatif)<\/label><input type=\"url\" id=\"wpforms-10690-field_9\" class=\"wpforms-field-large\" name=\"wpforms[fields][9]\" placeholder=\"Votre site internet actuel (facultatif)\" ><\/div><div id=\"wpforms-10690-field_6-container\" class=\"wpforms-field wpforms-field-textarea\" data-field-id=\"6\"><label class=\"wpforms-field-label wpforms-label-hide\" for=\"wpforms-10690-field_6\">Message <span class=\"wpforms-required-label\">*<\/span><\/label><textarea id=\"wpforms-10690-field_6\" class=\"wpforms-field-medium wpforms-field-required\" name=\"wpforms[fields][6]\" placeholder=\"Message\" required><\/textarea><\/div><\/div><!-- .wpforms-field-container --><div class=\"wpforms-submit-container\" ><input type=\"hidden\" name=\"wpforms[id]\" value=\"10690\"><input type=\"hidden\" name=\"page_title\" value=\"\"><input type=\"hidden\" name=\"page_url\" value=\"https:\/\/hotel-webdesign.com\/it\/wp-json\/wp\/v2\/pages\/237\"><button type=\"submit\" name=\"wpforms[submit]\" id=\"wpforms-submit-10690\" class=\"wpforms-submit\" data-alt-text=\"En cours... \" data-submit-text=\"Envoyer la demande\" aria-live=\"assertive\" value=\"wpforms-submit\">Envoyer la demande<\/button><\/div><\/form><\/div>  <!-- .wpforms-container -->\n\t\t<\/div>\n\t<\/div>\n\n\t\t\t<\/div> \n\t\t<\/div>\n\t<\/div> \n<\/div><\/div>\n\t\t<div id=\"fws_69e2d498a2da0\"  data-column-margin=\"default\" data-midnight=\"dark\"  class=\"wpb_row vc_row-fluid vc_row\"  style=\"padding-top: 0px; padding-bottom: 0px; \"><div class=\"row-bg-wrap\" data-bg-animation=\"none\" data-bg-animation-delay=\"\" data-bg-overlay=\"false\"><div class=\"inner-wrap row-bg-layer\" ><div class=\"row-bg viewport-desktop\"  style=\"\"><\/div><\/div><\/div><div class=\"row_col_wrap_12 col span_12 dark left\">\n\t<div  class=\"vc_col-sm-12 wpb_column column_container vc_column_container col no-extra-padding inherit_tablet inherit_phone \"  data-padding-pos=\"all\" data-has-bg-color=\"false\" data-bg-color=\"\" data-bg-opacity=\"1\" data-animation=\"\" data-delay=\"0\" >\n\t\t<div class=\"vc_column-inner\" >\n\t\t\t<div class=\"wpb_wrapper\">\n\t\t\t\t\n\t\t\t<\/div> \n\t\t<\/div>\n\t<\/div> \n<\/div><\/div>\n","protected":false},"excerpt":{"rendered":"Pianificare una chiamata... ... Oppure lasciaci un messaggio Abilita JavaScript nel browser per completare questo modulo.Nome *E-mail *Testo *Sito \/ URL (opzionale)Messaggio *Invia richiesta","protected":false},"author":1,"featured_media":0,"parent":0,"menu_order":0,"comment_status":"closed","ping_status":"closed","template":"","meta":{"footnotes":""},"class_list":["post-237","page","type-page","status-publish"],"yoast_head":"<!-- This site is optimized with the Yoast SEO plugin v27.4 - https:\/\/yoast.com\/product\/yoast-seo-wordpress\/ -->\n<title>Contact | Hotel Web-Design<\/title>\n<meta name=\"description\" content=\"Hotel Web Design creation site hotel restaurant, contactez nous aujourd&#039;hui pour votre projet de refonte creation de site r\u00e9f\u00e9rencement pour l&#039;h\u00f4tellerie\" \/>\n<meta name=\"robots\" content=\"index, follow, max-snippet:-1, max-image-preview:large, max-video-preview:-1\" \/>\n<link rel=\"canonical\" href=\"https:\/\/hotel-webdesign.com\/it\/contatto\/\" \/>\n<meta property=\"og:locale\" content=\"it_IT\" \/>\n<meta property=\"og:type\" content=\"article\" \/>\n<meta property=\"og:title\" content=\"Contact | Hotel Web-Design\" \/>\n<meta property=\"og:description\" content=\"Hotel Web Design creation site hotel restaurant, contactez nous aujourd&#039;hui pour votre projet de refonte creation de site r\u00e9f\u00e9rencement pour l&#039;h\u00f4tellerie\" \/>\n<meta property=\"og:url\" content=\"https:\/\/hotel-webdesign.com\/it\/contatto\/\" \/>\n<meta property=\"og:site_name\" content=\"Cr\u00e9ation Site H\u00f4tellerie &amp; Tourisme | Hotel Web Design\" \/>\n<meta property=\"article:publisher\" content=\"https:\/\/www.facebook.com\/hotelwebd\" \/>\n<meta property=\"article:modified_time\" content=\"2026-03-17T13:29:20+00:00\" \/>\n<meta property=\"og:image\" content=\"https:\/\/hotel-webdesign.com\/wp-content\/uploads\/2021\/05\/2-Home-version-noir.jpg\" \/>\n\t<meta property=\"og:image:width\" content=\"2185\" \/>\n\t<meta property=\"og:image:height\" content=\"1966\" \/>\n\t<meta property=\"og:image:type\" content=\"image\/jpeg\" \/>\n<script type=\"application\/ld+json\" class=\"yoast-schema-graph\">{\"@context\":\"https:\\\/\\\/schema.org\",\"@graph\":[{\"@type\":\"WebPage\",\"@id\":\"https:\\\/\\\/hotel-webdesign.com\\\/it\\\/wp-json\\\/wp\\\/v2\\\/pages\\\/237\",\"url\":\"https:\\\/\\\/hotel-webdesign.com\\\/it\\\/wp-json\\\/wp\\\/v2\\\/pages\\\/237\",\"name\":\"Contact | Hotel Web-Design\",\"isPartOf\":{\"@id\":\"https:\\\/\\\/hotel-webdesign.com\\\/#website\"},\"datePublished\":\"2014-12-18T10:56:33+00:00\",\"dateModified\":\"2026-03-17T13:29:20+00:00\",\"description\":\"Hotel Web Design creation site hotel restaurant, contactez nous aujourd'hui pour votre projet de refonte creation de site r\u00e9f\u00e9rencement pour l'h\u00f4tellerie\",\"breadcrumb\":{\"@id\":\"https:\\\/\\\/hotel-webdesign.com\\\/contact\\\/#breadcrumb\"},\"inLanguage\":\"it-IT\",\"potentialAction\":[{\"@type\":\"ReadAction\",\"target\":[\"https:\\\/\\\/hotel-webdesign.com\\\/contact\\\/\"]}]},{\"@type\":\"BreadcrumbList\",\"@id\":\"https:\\\/\\\/hotel-webdesign.com\\\/contact\\\/#breadcrumb\",\"itemListElement\":[{\"@type\":\"ListItem\",\"position\":1,\"name\":\"Accueil\",\"item\":\"https:\\\/\\\/hotel-webdesign.com\\\/es\\\/\"},{\"@type\":\"ListItem\",\"position\":2,\"name\":\"Contact\"}]},{\"@type\":\"WebSite\",\"@id\":\"https:\\\/\\\/hotel-webdesign.com\\\/#website\",\"url\":\"https:\\\/\\\/hotel-webdesign.com\\\/\",\"name\":\"Hotel Web Design\",\"description\":\"Agence Web H\u00f4tels Restaurants\",\"publisher\":{\"@id\":\"https:\\\/\\\/hotel-webdesign.com\\\/#organization\"},\"alternateName\":\"Agence Web Hotels Restaurants\",\"potentialAction\":[{\"@type\":\"SearchAction\",\"target\":{\"@type\":\"EntryPoint\",\"urlTemplate\":\"https:\\\/\\\/hotel-webdesign.com\\\/?s={search_term_string}\"},\"query-input\":{\"@type\":\"PropertyValueSpecification\",\"valueRequired\":true,\"valueName\":\"search_term_string\"}}],\"inLanguage\":\"it-IT\"},{\"@type\":\"Organization\",\"@id\":\"https:\\\/\\\/hotel-webdesign.com\\\/#organization\",\"name\":\"Hotel Web Design\",\"url\":\"https:\\\/\\\/hotel-webdesign.com\\\/\",\"logo\":{\"@type\":\"ImageObject\",\"inLanguage\":\"it-IT\",\"@id\":\"https:\\\/\\\/hotel-webdesign.com\\\/#\\\/schema\\\/logo\\\/image\\\/\",\"url\":\"https:\\\/\\\/hotel-webdesign.com\\\/wp-content\\\/uploads\\\/2019\\\/11\\\/Hotel-Web-Design-logo-v2-version-grise.png\",\"contentUrl\":\"https:\\\/\\\/hotel-webdesign.com\\\/wp-content\\\/uploads\\\/2019\\\/11\\\/Hotel-Web-Design-logo-v2-version-grise.png\",\"width\":497,\"height\":181,\"caption\":\"Hotel Web Design\"},\"image\":{\"@id\":\"https:\\\/\\\/hotel-webdesign.com\\\/#\\\/schema\\\/logo\\\/image\\\/\"},\"sameAs\":[\"https:\\\/\\\/www.facebook.com\\\/hotelwebd\"]}]}<\/script>\n<!-- \/ Yoast SEO plugin. -->","yoast_head_json":{"title":"Contatto | Hotel Web-Design","description":"Hotel Web Design creazione sito hotel ristorante, contattaci oggi stesso per il tuo progetto di redesign creazione sito SEO per l'industria alberghiera","robots":{"index":"index","follow":"follow","max-snippet":"max-snippet:-1","max-image-preview":"max-image-preview:large","max-video-preview":"max-video-preview:-1"},"canonical":"https:\/\/hotel-webdesign.com\/it\/contatto\/","og_locale":"it_IT","og_type":"article","og_title":"Contact | Hotel Web-Design","og_description":"Hotel Web Design creation site hotel restaurant, contactez nous aujourd'hui pour votre projet de refonte creation de site r\u00e9f\u00e9rencement pour l'h\u00f4tellerie","og_url":"https:\/\/hotel-webdesign.com\/it\/contatto\/","og_site_name":"Cr\u00e9ation Site H\u00f4tellerie &amp; Tourisme | Hotel Web Design","article_publisher":"https:\/\/www.facebook.com\/hotelwebd","article_modified_time":"2026-03-17T13:29:20+00:00","og_image":[{"width":2185,"height":1966,"url":"https:\/\/hotel-webdesign.com\/wp-content\/uploads\/2021\/05\/2-Home-version-noir.jpg","type":"image\/jpeg"}],"schema":{"@context":"https:\/\/schema.org","@graph":[{"@type":"WebPage","@id":"https:\/\/hotel-webdesign.com\/it\/wp-json\/wp\/v2\/pages\/237","url":"https:\/\/hotel-webdesign.com\/it\/wp-json\/wp\/v2\/pages\/237","name":"Contatto | Hotel Web-Design","isPartOf":{"@id":"https:\/\/hotel-webdesign.com\/#website"},"datePublished":"2014-12-18T10:56:33+00:00","dateModified":"2026-03-17T13:29:20+00:00","description":"Hotel Web Design creazione sito hotel ristorante, contattaci oggi stesso per il tuo progetto di redesign creazione sito SEO per l'industria alberghiera","breadcrumb":{"@id":"https:\/\/hotel-webdesign.com\/contact\/#breadcrumb"},"inLanguage":"it-IT","potentialAction":[{"@type":"ReadAction","target":["https:\/\/hotel-webdesign.com\/contact\/"]}]},{"@type":"BreadcrumbList","@id":"https:\/\/hotel-webdesign.com\/contact\/#breadcrumb","itemListElement":[{"@type":"ListItem","position":1,"name":"Accueil","item":"https:\/\/hotel-webdesign.com\/es\/"},{"@type":"ListItem","position":2,"name":"Contact"}]},{"@type":"WebSite","@id":"https:\/\/hotel-webdesign.com\/#website","url":"https:\/\/hotel-webdesign.com\/","name":"Web design per hotel","description":"Web Agency Alberghi Ristoranti","publisher":{"@id":"https:\/\/hotel-webdesign.com\/#organization"},"alternateName":"Agence Web Hotels Restaurants","potentialAction":[{"@type":"SearchAction","target":{"@type":"EntryPoint","urlTemplate":"https:\/\/hotel-webdesign.com\/?s={search_term_string}"},"query-input":{"@type":"PropertyValueSpecification","valueRequired":true,"valueName":"search_term_string"}}],"inLanguage":"it-IT"},{"@type":"Organization","@id":"https:\/\/hotel-webdesign.com\/#organization","name":"Web design per hotel","url":"https:\/\/hotel-webdesign.com\/","logo":{"@type":"ImageObject","inLanguage":"it-IT","@id":"https:\/\/hotel-webdesign.com\/#\/schema\/logo\/image\/","url":"https:\/\/hotel-webdesign.com\/wp-content\/uploads\/2019\/11\/Hotel-Web-Design-logo-v2-version-grise.png","contentUrl":"https:\/\/hotel-webdesign.com\/wp-content\/uploads\/2019\/11\/Hotel-Web-Design-logo-v2-version-grise.png","width":497,"height":181,"caption":"Hotel Web Design"},"image":{"@id":"https:\/\/hotel-webdesign.com\/#\/schema\/logo\/image\/"},"sameAs":["https:\/\/www.facebook.com\/hotelwebd"]}]}},"_links":{"self":[{"href":"https:\/\/hotel-webdesign.com\/it\/wp-json\/wp\/v2\/pages\/237","targetHints":{"allow":["GET"]}}],"collection":[{"href":"https:\/\/hotel-webdesign.com\/it\/wp-json\/wp\/v2\/pages"}],"about":[{"href":"https:\/\/hotel-webdesign.com\/it\/wp-json\/wp\/v2\/types\/page"}],"author":[{"embeddable":true,"href":"https:\/\/hotel-webdesign.com\/it\/wp-json\/wp\/v2\/users\/1"}],"replies":[{"embeddable":true,"href":"https:\/\/hotel-webdesign.com\/it\/wp-json\/wp\/v2\/comments?post=237"}],"version-history":[{"count":6,"href":"https:\/\/hotel-webdesign.com\/it\/wp-json\/wp\/v2\/pages\/237\/revisions"}],"predecessor-version":[{"id":16988,"href":"https:\/\/hotel-webdesign.com\/it\/wp-json\/wp\/v2\/pages\/237\/revisions\/16988"}],"wp:attachment":[{"href":"https:\/\/hotel-webdesign.com\/it\/wp-json\/wp\/v2\/media?parent=237"}],"curies":[{"name":"wp","href":"https:\/\/api.w.org\/{rel}","templated":true}]}}