{"id":2907,"date":"2020-11-19T21:29:57","date_gmt":"2020-11-19T20:29:57","guid":{"rendered":"https:\/\/hotel-webdesign.com\/?page_id=2907"},"modified":"2024-02-22T13:28:12","modified_gmt":"2024-02-22T11:28:12","slug":"riferimento-google-annunci-hotel-ristorante","status":"publish","type":"page","link":"https:\/\/hotel-webdesign.com\/it\/riferimento-google-annunci-hotel-ristorante\/","title":{"rendered":"Annunci Google hotel e ristoranti"},"content":{"rendered":"<div id=\"fws_69d3bac52abe5\"  data-column-margin=\"default\" data-midnight=\"dark\"  class=\"wpb_row vc_row-fluid vc_row full-width-content vc_row-o-equal-height vc_row-flex vc_row-o-content-middle\"  style=\"padding-top: 51px; padding-bottom: 51px; \"><div class=\"row-bg-wrap\" data-bg-animation=\"none\" data-bg-animation-delay=\"\" data-bg-overlay=\"false\"><div class=\"inner-wrap row-bg-layer\" ><div class=\"row-bg viewport-desktop\"  style=\"\"><\/div><\/div><\/div><div class=\"nectar-shape-divider-wrap\" style=\" height:130px;\"  data-height=\"130\" data-front=\"true\" data-style=\"mountains\" data-position=\"bottom\" ><svg class=\"nectar-shape-divider\" fill=\"#ffffff\" xmlns=\"http:\/\/www.w3.org\/2000\/svg\" viewbox=\"0 0 1000 300\" preserveaspectratio=\"none\">\n          <path d=\"M 1014 264 v 122 h -808 l -172 -86 s 310.42 -22.84 402 -79 c 106 -65 154 -61 268 -12 c 107 46 195.11 5.94 275 137 z\"><\/path>   <path d=\"M -302 55 s 235.27 208.25 352 159 c 128 -54 233 -98 303 -73 c 92.68 33.1 181.28 115.19 235 108 c 104.9 -14 176.52 -173.06 267 -118 c 85.61 52.09 145 123 145 123 v 74 l -1306 10 z\"><\/path>\n          <path d=\"M -286 255 s 214 -103 338 -129 s 203 29 384 101 c 145.57 57.91 178.7 50.79 272 0 c 79 -43 301 -224 385 -63 c 53 101.63 -62 129 -62 129 l -107 84 l -1212 12 z\"><\/path>\n          <path d=\"M -24 69 s 299.68 301.66 413 245 c 8 -4 233 2 284 42 c 17.47 13.7 172 -132 217 -174 c 54.8 -51.15 128 -90 188 -39 c 76.12 64.7 118 99 118 99 l -12 132 l -1212 12 z\"><\/path>\n          <path d=\"M -12 201 s 70 83 194 57 s 160.29 -36.77 274 6 c 109 41 184.82 24.36 265 -15 c 55 -27 116.5 -57.69 214 4 c 49 31 95 26 95 26 l -6 151 l -1036 10 z\"><\/path> <\/svg><\/div><div class=\"row_col_wrap_12 col span_12 dark left\">\n\t<div style=\"\" class=\"vc_col-sm-8 wpb_column column_container vc_column_container col centered-text padding-3-percent vc_custom_1488375555725 inherit_tablet inherit_phone\" data-using-bg=\"true\" data-overlay-color=\"true\" data-padding-pos=\"left-right\" data-has-bg-color=\"true\" data-bg-color=\"rgba(255,255,255,0.01)\" data-bg-opacity=\"0.1\" data-hover-bg=\"#ffffff\" data-hover-bg-opacity=\"0.1\" data-animation=\"\" data-delay=\"0\" >\n\t\t<div class=\"vc_column-inner\" ><div class=\"column-image-bg-wrap column-bg-layer viewport-desktop\" data-bg-pos=\"center center\" data-bg-animation=\"none\" data-bg-overlay=\"true\"><div class=\"inner-wrap\"><div class=\"column-image-bg\" style=\" background-image: url('https:\/\/hotel-webdesign.com\/wp-content\/uploads\/2019\/09\/google-ads-hotel.jpg'); \"><\/div><\/div><\/div><div class=\"column-bg-overlay-wrap column-bg-layer\" data-bg-animation=\"none\"><div class=\"column-bg-overlay\" style=\"opacity: 0.1; background-color: rgba(255,255,255,0.01);\"><\/div><div class=\"column-overlay-layer\" style=\"background-color:#ffffff;  opacity: 0.95; \"><\/div><\/div>\n\t\t\t<div class=\"wpb_wrapper\">\n\t\t\t\t\n<div class=\"wpb_text_column wpb_content_element\" >\n\t<p class=\"surtitre\">Annunci Google per hotel e ristoranti<\/p>\n<h2>Riferimento a Google Ads<\/h2>\n<p><span style=\"color: #333333;\">Riferimento sponsorizzato a Google Ads (ex Adwords)<\/span><span style=\"color: #333333;\"> \u00e8 una strategia che consente di apparire molto rapidamente in cima ai risultati di ricerca di Google per determinate parole chiave, indipendentemente da qualsiasi riferimento \"naturale\" specifico al vostro nome di dominio.<\/span><\/p>\n<p><span style=\"color: #333333;\">Questa strategia altamente misurabile pu\u00f2 essere utilizzata una tantum (ad esempio, quando viene lanciato un sito web e il referenziamento naturale \u00e8 ancora debole) o a lungo termine (per l'acquisizione o la protezione di un marchio).<\/span><\/p>\n<p><span style=\"color: #333333;\">Una campagna Google Ads \u00e8 una potente leva di conversione quando \u00e8 configurata e mantenuta con cura.<\/span><\/p>\n<p><span style=\"color: #333333;\"><i class=\"icon-normal icon-angle-down accent-color\"><\/i><\/span><\/p>\n<\/div>\n\n\n\n\n\t\t\t<\/div> \n\t\t<\/div>\n\t<\/div> \n\n\t<div  class=\"vc_col-sm-4 wpb_column column_container vc_column_container col no-extra-padding inherit_tablet inherit_phone\"  data-padding-pos=\"all\" data-has-bg-color=\"false\" data-bg-color=\"\" data-bg-opacity=\"1\" data-animation=\"\" data-delay=\"0\" >\n\t\t<div class=\"vc_column-inner\" >\n\t\t\t<div class=\"wpb_wrapper\">\n\t\t\t\t<div class=\"nectar_video_player_self_hosted wpb_video_widget wpb_content_element vc_clearfix vc_video-aspect-ratio-11 vc_video-el-width-100 vc_video-align-left\" data-border-radius=\"none\" data-shadow=\"none\">\n<div class=\"wpb_wrapper\"><div class=\"wpb_video_wrapper\"><video width=\"1280\" height=\"720\" class=\"nectar-video-self-hosted\" preload=\"auto\" loop autoplay muted playsinline><source src=\"https:\/\/hotel-webdesign.com\/wp-content\/uploads\/2024\/02\/Video-Ads-Hotel.mp4\" type=\"video\/webm\"><\/video><\/div><\/div><\/div>\n\t\t\t<\/div> \n\t\t<\/div>\n\t<\/div> \n<\/div><\/div>\n\t\t<div id=\"fws_69d3bac52c77b\"  data-column-margin=\"default\" data-midnight=\"dark\"  class=\"wpb_row vc_row-fluid vc_row full-width-section vc_row-o-equal-height vc_row-flex vc_row-o-content-middle padddinquatre\"  style=\"padding-top: 30px; padding-bottom: 100px; \"><div class=\"row-bg-wrap\" data-bg-animation=\"none\" data-bg-animation-delay=\"\" data-bg-overlay=\"true\"><div class=\"inner-wrap row-bg-layer using-image\" ><div class=\"row-bg viewport-desktop using-image\"  style=\"background-image: url(); background-position: center center; background-repeat: no-repeat; \"><\/div><\/div><div class=\"row-bg-overlay row-bg-layer\" style=\"background-color:#ffffff;  opacity: 0.8; \"><\/div><\/div><div class=\"nectar-shape-divider-wrap\" style=\" height:130px;\"  data-height=\"130\" data-front=\"\" data-style=\"mountains\" data-position=\"top\" ><svg class=\"nectar-shape-divider\" fill=\"#f7f7f7\" xmlns=\"http:\/\/www.w3.org\/2000\/svg\" viewbox=\"0 0 1000 300\" preserveaspectratio=\"none\">\n          <path d=\"M 1014 264 v 122 h -808 l -172 -86 s 310.42 -22.84 402 -79 c 106 -65 154 -61 268 -12 c 107 46 195.11 5.94 275 137 z\"><\/path>   <path d=\"M -302 55 s 235.27 208.25 352 159 c 128 -54 233 -98 303 -73 c 92.68 33.1 181.28 115.19 235 108 c 104.9 -14 176.52 -173.06 267 -118 c 85.61 52.09 145 123 145 123 v 74 l -1306 10 z\"><\/path>\n          <path d=\"M -286 255 s 214 -103 338 -129 s 203 29 384 101 c 145.57 57.91 178.7 50.79 272 0 c 79 -43 301 -224 385 -63 c 53 101.63 -62 129 -62 129 l -107 84 l -1212 12 z\"><\/path>\n          <path d=\"M -24 69 s 299.68 301.66 413 245 c 8 -4 233 2 284 42 c 17.47 13.7 172 -132 217 -174 c 54.8 -51.15 128 -90 188 -39 c 76.12 64.7 118 99 118 99 l -12 132 l -1212 12 z\"><\/path>\n          <path d=\"M -12 201 s 70 83 194 57 s 160.29 -36.77 274 6 c 109 41 184.82 24.36 265 -15 c 55 -27 116.5 -57.69 214 4 c 49 31 95 26 95 26 l -6 151 l -1036 10 z\"><\/path> <\/svg><\/div><div class=\"nectar-shape-divider-wrap\" style=\" height:130px;\"  data-height=\"130\" data-front=\"\" data-style=\"mountains\" data-position=\"bottom\" ><svg class=\"nectar-shape-divider\" fill=\"#f7f7f7\" xmlns=\"http:\/\/www.w3.org\/2000\/svg\" viewbox=\"0 0 1000 300\" preserveaspectratio=\"none\">\n          <path d=\"M 1014 264 v 122 h -808 l -172 -86 s 310.42 -22.84 402 -79 c 106 -65 154 -61 268 -12 c 107 46 195.11 5.94 275 137 z\"><\/path>   <path d=\"M -302 55 s 235.27 208.25 352 159 c 128 -54 233 -98 303 -73 c 92.68 33.1 181.28 115.19 235 108 c 104.9 -14 176.52 -173.06 267 -118 c 85.61 52.09 145 123 145 123 v 74 l -1306 10 z\"><\/path>\n          <path d=\"M -286 255 s 214 -103 338 -129 s 203 29 384 101 c 145.57 57.91 178.7 50.79 272 0 c 79 -43 301 -224 385 -63 c 53 101.63 -62 129 -62 129 l -107 84 l -1212 12 z\"><\/path>\n          <path d=\"M -24 69 s 299.68 301.66 413 245 c 8 -4 233 2 284 42 c 17.47 13.7 172 -132 217 -174 c 54.8 -51.15 128 -90 188 -39 c 76.12 64.7 118 99 118 99 l -12 132 l -1212 12 z\"><\/path>\n          <path d=\"M -12 201 s 70 83 194 57 s 160.29 -36.77 274 6 c 109 41 184.82 24.36 265 -15 c 55 -27 116.5 -57.69 214 4 c 49 31 95 26 95 26 l -6 151 l -1036 10 z\"><\/path> <\/svg><\/div><div class=\"row_col_wrap_12 col span_12 dark left\">\n\t<div style=\"\" class=\"vc_col-sm-4 wpb_column column_container vc_column_container col has-animation padding-2-percent inherit_tablet inherit_phone\" data-using-bg=\"true\" data-padding-pos=\"all\" data-has-bg-color=\"true\" data-bg-color=\"rgba(0,0,0,0.01)\" data-bg-opacity=\"1\" data-animation=\"fade-in-from-left\" data-delay=\"0\" >\n\t\t<div class=\"vc_column-inner\" ><div class=\"column-bg-overlay-wrap column-bg-layer\" data-bg-animation=\"none\"><div class=\"column-bg-overlay\" style=\"opacity: 1; background-color: rgba(0,0,0,0.01);\"><\/div><\/div>\n\t\t\t<div class=\"wpb_wrapper\">\n\t\t\t\t\n<div class=\"wpb_text_column wpb_content_element\" >\n\t<h2 style=\"text-align: left; font-size: 40px !important;\"><span style=\"color: #333333;\"><br \/>\nRIFERIMENTO<br \/>\nANNUNCI GOOGLE<br \/>\n<\/span><\/h2>\n<h2>-<br \/>\nMARE - PEY PER CLICK<\/h2>\n<\/div>\n\n\n\n\n\t\t\t<\/div> \n\t\t<\/div>\n\t<\/div> \n\n\t<div  class=\"vc_col-sm-8 wpb_column column_container vc_column_container col padding-4-percent inherit_tablet inherit_phone\"  data-padding-pos=\"all\" data-has-bg-color=\"false\" data-bg-color=\"\" data-bg-opacity=\"1\" data-animation=\"\" data-delay=\"0\" >\n\t\t<div class=\"vc_column-inner\" >\n\t\t\t<div class=\"wpb_wrapper\">\n\t\t\t\t\n<div class=\"wpb_text_column wpb_content_element\" >\n\t<p class=\"surtitre\" style=\"text-align: center;\">Campagne Google Ads \/ Adwords<\/p>\n<h3 style=\"text-align: center;\">Una strategia di marketing sponsorizzato per la vostra attivit\u00e0 turistica<\/h3>\n<p style=\"text-align: left;\">A differenza del <a href=\"https:\/\/hotel-webdesign.com\/it\/riferimento-naturel-hotel-ristorante\/\">referenziazione naturale<\/a> che pu\u00f2 essere misurato dopo diversi mesi, il <strong>Riferimento a Google Ads<\/strong> consente di calcolare il ROI in modo rapido e preciso, analizzando i costi per conversione e il valore della conversione. Questo prezioso feedback consente di adeguare in modo costante e misurato i budget, gli annunci e il posizionamento della campagna Ads dell'hotel.<\/p>\n<p style=\"text-align: left;\">In questo settore altamente competitivo, i clienti passano molto tempo a confrontare le offerte prima di effettuare la prenotazione finale. Per avere un impatto positivo sulla visibilit\u00e0 e sul tasso di conversione, un'azienda turistica deve avere una strategia ben studiata e dotata di budget. Un budget per Google Ads vi permetter\u00e0 di generare conversioni dirette sul vostro sito web in modo rapido e controllato.<\/p>\n<p>La strategia di riferimento degli annunci pu\u00f2 essere attuata in due modi: attraverso la rete di ricerca \"classica\" di Google (ricerche su Google tramite la barra di ricerca) e\/o attraverso la \"rete display\" di Google, che rappresenta tutti gli altri media su cui gli inserzionisti pubblicano i loro annunci: YouTube, siti di media online, blog, ecc.<\/p>\n<p>Nel <strong>referenziazione<\/strong><strong>\u00a0Annunci di Google<\/strong>Il motore di ricerca sar\u00e0 pagato in base al \"costo per clic\" (CPC). Questo metodo si basa su un sistema di offerte. Ogni inserzionista definisce il proprio budget. Questi vengono confrontati e valutati in relazione al budget giornaliero che l'inserzionista (hotel, ristorante, agenzia di viaggi) desidera spendere. Questo costo per clic - l'offerta vincente - varia notevolmente a seconda della competitivit\u00e0 della localit\u00e0 e del settore. Per il settore alberghiero e della ristorazione, pu\u00f2 variare da pochi centesimi a qualche euro.<\/p>\n<\/div>\n\n\n\n<div class=\"tilt-button-wrap\"> <div class=\"tilt-button-inner\"><a class=\"nectar-button medium regular-tilt accent-color tilt has-icon  regular-button uppercase\" id=\"boutonalbatros\" role=\"button\" style=\"margin-top: 26px; color: #ffffff; background-color: #acb9ca;\" target=\"_blank\" href=\"https:\/\/hotel-webdesign.com\/wp-content\/uploads\/2024\/02\/Strategies-de-referencement.pdf\" data-color-override=\"#acb9ca\" data-hover-color-override=\"false\" data-hover-text-color-override=\"#fff\"><span>Scoprite le strategie di referenziazione alberghiera<\/span><i style=\"color: #ffffff;\"  class=\"fa fa-lightbulb-o\"><\/i><\/a><\/div><\/div>\n\t\t\t<\/div> \n\t\t<\/div>\n\t<\/div> \n<\/div><\/div>","protected":false},"excerpt":{"rendered":"Annunci di Google per hotel e ristoranti Annunci di Google per referenze Gli annunci sponsorizzati di Google (ex Adwords) sono una strategia che consente di apparire molto rapidamente in cima ai risultati di ricerca di Google sul...","protected":false},"author":1,"featured_media":0,"parent":0,"menu_order":0,"comment_status":"closed","ping_status":"closed","template":"","meta":{"footnotes":""},"class_list":["post-2907","page","type-page","status-publish"],"yoast_head":"<!-- This site is optimized with the Yoast SEO plugin v27.1.1 - https:\/\/yoast.com\/product\/yoast-seo-wordpress\/ -->\n<title>R\u00e9f\u00e9rencement Google Ads h\u00f4tels &amp; restaurants | Hotel Web-Design<\/title>\n<meta name=\"description\" content=\"R\u00e9f\u00e9rencement Adwords Google Ads pour hotel et restaurant, g\u00eete, chambres d&#039;h\u00f4tes, hotellerie tourisme. Stat\u00e9gie de r\u00e9f\u00e9rencement payant\" \/>\n<meta name=\"robots\" content=\"index, follow, max-snippet:-1, max-image-preview:large, max-video-preview:-1\" \/>\n<link rel=\"canonical\" href=\"https:\/\/hotel-webdesign.com\/it\/riferimento-google-annunci-hotel-ristorante\/\" \/>\n<meta property=\"og:locale\" content=\"it_IT\" \/>\n<meta property=\"og:type\" content=\"article\" \/>\n<meta property=\"og:title\" content=\"R\u00e9f\u00e9rencement Google Ads h\u00f4tels &amp; restaurants | Hotel Web-Design\" \/>\n<meta property=\"og:description\" content=\"R\u00e9f\u00e9rencement Adwords Google Ads pour hotel et restaurant, g\u00eete, chambres d&#039;h\u00f4tes, hotellerie tourisme. Stat\u00e9gie de r\u00e9f\u00e9rencement payant\" \/>\n<meta property=\"og:url\" content=\"https:\/\/hotel-webdesign.com\/it\/riferimento-google-annunci-hotel-ristorante\/\" \/>\n<meta property=\"og:site_name\" content=\"Cr\u00e9ation Site H\u00f4tellerie &amp; Tourisme | Hotel Web Design\" \/>\n<meta property=\"article:publisher\" content=\"https:\/\/www.facebook.com\/hotelwebd\" \/>\n<meta property=\"article:modified_time\" content=\"2024-02-22T11:28:12+00:00\" \/>\n<meta property=\"og:image\" content=\"https:\/\/hotel-webdesign.com\/wp-content\/uploads\/2021\/05\/2-Home-version-noir.jpg\" \/>\n\t<meta property=\"og:image:width\" content=\"2185\" \/>\n\t<meta property=\"og:image:height\" content=\"1966\" \/>\n\t<meta property=\"og:image:type\" content=\"image\/jpeg\" \/>\n<script type=\"application\/ld+json\" class=\"yoast-schema-graph\">{\"@context\":\"https:\/\/schema.org\",\"@graph\":[{\"@type\":\"WebPage\",\"@id\":\"https:\/\/hotel-webdesign.com\/referencement-google-ads-hotel-restaurant\/\",\"url\":\"https:\/\/hotel-webdesign.com\/referencement-google-ads-hotel-restaurant\/\",\"name\":\"R\u00e9f\u00e9rencement Google Ads h\u00f4tels & restaurants | Hotel Web-Design\",\"isPartOf\":{\"@id\":\"https:\/\/hotel-webdesign.com\/#website\"},\"datePublished\":\"2020-11-19T20:29:57+00:00\",\"dateModified\":\"2024-02-22T11:28:12+00:00\",\"description\":\"R\u00e9f\u00e9rencement Adwords Google Ads pour hotel et restaurant, g\u00eete, chambres d'h\u00f4tes, hotellerie tourisme. Stat\u00e9gie de r\u00e9f\u00e9rencement payant\",\"breadcrumb\":{\"@id\":\"https:\/\/hotel-webdesign.com\/referencement-google-ads-hotel-restaurant\/#breadcrumb\"},\"inLanguage\":\"it-IT\",\"potentialAction\":[{\"@type\":\"ReadAction\",\"target\":[\"https:\/\/hotel-webdesign.com\/referencement-google-ads-hotel-restaurant\/\"]}]},{\"@type\":\"BreadcrumbList\",\"@id\":\"https:\/\/hotel-webdesign.com\/referencement-google-ads-hotel-restaurant\/#breadcrumb\",\"itemListElement\":[{\"@type\":\"ListItem\",\"position\":1,\"name\":\"Accueil\",\"item\":\"https:\/\/hotel-webdesign.com\/es\/\"},{\"@type\":\"ListItem\",\"position\":2,\"name\":\"R\u00e9f\u00e9rencement Google Ads h\u00f4tels &#038; restaurants\"}]},{\"@type\":\"WebSite\",\"@id\":\"https:\/\/hotel-webdesign.com\/#website\",\"url\":\"https:\/\/hotel-webdesign.com\/\",\"name\":\"Hotel Web Design\",\"description\":\"Agence Web H\u00f4tels Restaurants\",\"publisher\":{\"@id\":\"https:\/\/hotel-webdesign.com\/#organization\"},\"alternateName\":\"Agence Web Hotels Restaurants\",\"potentialAction\":[{\"@type\":\"SearchAction\",\"target\":{\"@type\":\"EntryPoint\",\"urlTemplate\":\"https:\/\/hotel-webdesign.com\/?s={search_term_string}\"},\"query-input\":{\"@type\":\"PropertyValueSpecification\",\"valueRequired\":true,\"valueName\":\"search_term_string\"}}],\"inLanguage\":\"it-IT\"},{\"@type\":\"Organization\",\"@id\":\"https:\/\/hotel-webdesign.com\/#organization\",\"name\":\"Hotel Web Design\",\"url\":\"https:\/\/hotel-webdesign.com\/\",\"logo\":{\"@type\":\"ImageObject\",\"inLanguage\":\"it-IT\",\"@id\":\"https:\/\/hotel-webdesign.com\/#\/schema\/logo\/image\/\",\"url\":\"https:\/\/hotel-webdesign.com\/wp-content\/uploads\/2019\/11\/Hotel-Web-Design-logo-v2-version-grise.png\",\"contentUrl\":\"https:\/\/hotel-webdesign.com\/wp-content\/uploads\/2019\/11\/Hotel-Web-Design-logo-v2-version-grise.png\",\"width\":497,\"height\":181,\"caption\":\"Hotel Web Design\"},\"image\":{\"@id\":\"https:\/\/hotel-webdesign.com\/#\/schema\/logo\/image\/\"},\"sameAs\":[\"https:\/\/www.facebook.com\/hotelwebd\"]}]}<\/script>\n<!-- \/ Yoast SEO plugin. -->","yoast_head_json":{"title":"Google Ads hotels &amp; restaurants | Hotel Web-Design","description":"Annunci Google Adwords per hotel e ristoranti, gites, bed and breakfast, alberghi e turismo. Strategia di ricerca a pagamento","robots":{"index":"index","follow":"follow","max-snippet":"max-snippet:-1","max-image-preview":"max-image-preview:large","max-video-preview":"max-video-preview:-1"},"canonical":"https:\/\/hotel-webdesign.com\/it\/riferimento-google-annunci-hotel-ristorante\/","og_locale":"it_IT","og_type":"article","og_title":"R\u00e9f\u00e9rencement Google Ads h\u00f4tels & restaurants | Hotel Web-Design","og_description":"R\u00e9f\u00e9rencement Adwords Google Ads pour hotel et restaurant, g\u00eete, chambres d'h\u00f4tes, hotellerie tourisme. Stat\u00e9gie de r\u00e9f\u00e9rencement payant","og_url":"https:\/\/hotel-webdesign.com\/it\/riferimento-google-annunci-hotel-ristorante\/","og_site_name":"Cr\u00e9ation Site H\u00f4tellerie &amp; Tourisme | Hotel Web Design","article_publisher":"https:\/\/www.facebook.com\/hotelwebd","article_modified_time":"2024-02-22T11:28:12+00:00","og_image":[{"width":2185,"height":1966,"url":"https:\/\/hotel-webdesign.com\/wp-content\/uploads\/2021\/05\/2-Home-version-noir.jpg","type":"image\/jpeg"}],"schema":{"@context":"https:\/\/schema.org","@graph":[{"@type":"WebPage","@id":"https:\/\/hotel-webdesign.com\/referencement-google-ads-hotel-restaurant\/","url":"https:\/\/hotel-webdesign.com\/referencement-google-ads-hotel-restaurant\/","name":"Google Ads hotels &amp; restaurants | Hotel Web-Design","isPartOf":{"@id":"https:\/\/hotel-webdesign.com\/#website"},"datePublished":"2020-11-19T20:29:57+00:00","dateModified":"2024-02-22T11:28:12+00:00","description":"Annunci Google Adwords per hotel e ristoranti, gites, bed and breakfast, alberghi e turismo. Strategia di ricerca a pagamento","breadcrumb":{"@id":"https:\/\/hotel-webdesign.com\/referencement-google-ads-hotel-restaurant\/#breadcrumb"},"inLanguage":"it-IT","potentialAction":[{"@type":"ReadAction","target":["https:\/\/hotel-webdesign.com\/referencement-google-ads-hotel-restaurant\/"]}]},{"@type":"BreadcrumbList","@id":"https:\/\/hotel-webdesign.com\/referencement-google-ads-hotel-restaurant\/#breadcrumb","itemListElement":[{"@type":"ListItem","position":1,"name":"Accueil","item":"https:\/\/hotel-webdesign.com\/es\/"},{"@type":"ListItem","position":2,"name":"R\u00e9f\u00e9rencement Google Ads h\u00f4tels &#038; restaurants"}]},{"@type":"WebSite","@id":"https:\/\/hotel-webdesign.com\/#website","url":"https:\/\/hotel-webdesign.com\/","name":"Web design per hotel","description":"Web Agency Alberghi Ristoranti","publisher":{"@id":"https:\/\/hotel-webdesign.com\/#organization"},"alternateName":"Agence Web Hotels Restaurants","potentialAction":[{"@type":"SearchAction","target":{"@type":"EntryPoint","urlTemplate":"https:\/\/hotel-webdesign.com\/?s={search_term_string}"},"query-input":{"@type":"PropertyValueSpecification","valueRequired":true,"valueName":"search_term_string"}}],"inLanguage":"it-IT"},{"@type":"Organization","@id":"https:\/\/hotel-webdesign.com\/#organization","name":"Web design per hotel","url":"https:\/\/hotel-webdesign.com\/","logo":{"@type":"ImageObject","inLanguage":"it-IT","@id":"https:\/\/hotel-webdesign.com\/#\/schema\/logo\/image\/","url":"https:\/\/hotel-webdesign.com\/wp-content\/uploads\/2019\/11\/Hotel-Web-Design-logo-v2-version-grise.png","contentUrl":"https:\/\/hotel-webdesign.com\/wp-content\/uploads\/2019\/11\/Hotel-Web-Design-logo-v2-version-grise.png","width":497,"height":181,"caption":"Hotel Web Design"},"image":{"@id":"https:\/\/hotel-webdesign.com\/#\/schema\/logo\/image\/"},"sameAs":["https:\/\/www.facebook.com\/hotelwebd"]}]}},"_links":{"self":[{"href":"https:\/\/hotel-webdesign.com\/it\/wp-json\/wp\/v2\/pages\/2907","targetHints":{"allow":["GET"]}}],"collection":[{"href":"https:\/\/hotel-webdesign.com\/it\/wp-json\/wp\/v2\/pages"}],"about":[{"href":"https:\/\/hotel-webdesign.com\/it\/wp-json\/wp\/v2\/types\/page"}],"author":[{"embeddable":true,"href":"https:\/\/hotel-webdesign.com\/it\/wp-json\/wp\/v2\/users\/1"}],"replies":[{"embeddable":true,"href":"https:\/\/hotel-webdesign.com\/it\/wp-json\/wp\/v2\/comments?post=2907"}],"version-history":[{"count":42,"href":"https:\/\/hotel-webdesign.com\/it\/wp-json\/wp\/v2\/pages\/2907\/revisions"}],"predecessor-version":[{"id":12912,"href":"https:\/\/hotel-webdesign.com\/it\/wp-json\/wp\/v2\/pages\/2907\/revisions\/12912"}],"wp:attachment":[{"href":"https:\/\/hotel-webdesign.com\/it\/wp-json\/wp\/v2\/media?parent=2907"}],"curies":[{"name":"wp","href":"https:\/\/api.w.org\/{rel}","templated":true}]}}