{"id":3289,"date":"2019-02-26T16:19:53","date_gmt":"2019-02-26T15:19:53","guid":{"rendered":"https:\/\/hotel-webdesign.com\/?page_id=3289"},"modified":"2025-08-13T09:34:53","modified_gmt":"2025-08-13T07:34:53","slug":"offerta-di-referenziamento-alberghiero","status":"publish","type":"page","link":"https:\/\/hotel-webdesign.com\/it\/offre-referencement-hotel\/","title":{"rendered":"Offerta di referenziazione naturale per gli hotel"},"content":{"rendered":"<div id=\"fws_69e5036a74e8a\"  data-column-margin=\"default\" data-midnight=\"dark\"  class=\"wpb_row vc_row-fluid vc_row full-width-section\"  style=\"padding-top: 0px; padding-bottom: 0px; \"><div class=\"row-bg-wrap\" data-bg-animation=\"none\" data-bg-animation-delay=\"\" data-bg-overlay=\"false\"><div class=\"inner-wrap row-bg-layer\" ><div class=\"row-bg viewport-desktop\"  style=\"\"><\/div><\/div><\/div><div class=\"row_col_wrap_12 col span_12 dark left\">\n\t<div  class=\"vc_col-sm-12 wpb_column column_container vc_column_container col no-extra-padding inherit_tablet inherit_phone\"  data-padding-pos=\"all\" data-has-bg-color=\"false\" data-bg-color=\"\" data-bg-opacity=\"1\" data-animation=\"\" data-delay=\"0\" >\n\t\t<div class=\"vc_column-inner\" >\n\t\t\t<div class=\"wpb_wrapper\">\n\t\t\t\t<div class=\"row pricing-table four-cols\" data-style=\"default\"><div class=\"pricing-column no-highlight extra-color-2\">\n\t\t\t<h3>caratteristiche-<\/h3>\n          <div class=\"pricing-column-content\">\n\t\t\t<h4> <span class=\"dollar-sign\">$<\/span> -- <\/h4>\n\t\t\t<span class=\"interval\">Al mese<\/span>\n<div class=\"wpb_text_column wpb_content_element\" >\n\t<ul>\n<li>Numero di link di riferimento (annuale)<\/li>\n<li>Qualit\u00e0 della legatura<br \/>\n(Autorit\u00e0 di dominio)<\/li>\n<li>Scelta principale delle parole chiave di posizionamento<\/li>\n<li>Come utilizzare gli Strumenti per i Webmaster e l'account Analytics di Google<\/li>\n<li>Rapporto di referenziazione naturale per il vostro sito<\/li>\n<li>Monitoraggio del posizionamento sulle parole chiave di vostra scelta<\/li>\n<li><span style=\"line-height: 1.5\">Manutenzione \/ controllo e aggiornamento di Google Maps - My Business<\/span><\/li>\n<li>Audit completo del vostro sito web<br \/>\n(contenuto, testo, maglia, tag)<\/li>\n<li>Rapporto di referenziazione trimestrale per un concorrente di vostra scelta<\/li>\n<li>Rapporti sulla campagna<\/li>\n<\/ul>\n<\/div>\n\n\n\n<\/div><\/div><div class=\"pricing-column no-highlight accent-color\">\n\t\t\t<h3>Gamma essenziale<\/h3>\n          <div class=\"pricing-column-content\">\n\t\t\t<h4> <span class=\"dollar-sign\">\u20ac<\/span> 79.90 <\/h4>\n\t\t\t<span class=\"interval\">Al mese, impegno di 12 mesi<\/span>\n<div class=\"wpb_text_column wpb_content_element\" >\n\t<ul class=\"features\">\n<li><span style=\"color: #333333;font-size: 200%\">10<\/span><\/li>\n<li><span style=\"color: #333333;font-size: 200%\">5 - 25<\/span><\/li>\n<li><span style=\"color: #333333;font-size: 200%\">2 \u00e0 3<\/span><\/li>\n<li><strong><span style=\"color: #339966;font-size: 200%\">\u2713<\/span><\/strong><\/li>\n<li><strong><span style=\"color: #339966;font-size: 200%\">\u2713<\/span><\/strong><\/li>\n<li><strong><span style=\"color: #339966;font-size: 200%\">\u2713<\/span><\/strong><\/li>\n<li><span style=\"font-size: 200%\">-<\/span><\/li>\n<li><span style=\"font-size: 200%\">-<\/span><\/li>\n<li><span style=\"font-size: 200%\">-<\/span><\/li>\n<li><span style=\"font-size: 200%;color: #333333\">Continuo<\/span><\/li>\n<\/ul>\n<\/div>\n\n\n\n<\/div><\/div><div class=\"pricing-column highlight accent-color\">\n\t\t\t<h3>Gamma di prestazioni<span class=\"highlight-reason\">Offerta popolare<\/span><\/h3>\n          <div class=\"pricing-column-content\">\n\t\t\t<h4> <span class=\"dollar-sign\">\u20ac<\/span> 139.90 <\/h4>\n\t\t\t<span class=\"interval\">Al mese, impegno di 12 mesi<\/span>\n<div class=\"wpb_text_column wpb_content_element\" >\n\t<ul class=\"features\">\n<li><span style=\"font-size: 200%;color: #333333\">18<\/span><\/li>\n<li><span style=\"font-size: 200%;color: #333333\">10 - 35<\/span><\/li>\n<li><span style=\"color: #333333;font-size: 200%\">2 \u00e0 4<\/span><\/li>\n<li><strong><span style=\"color: #339966;font-size: 200%\">\u2713<\/span><\/strong><\/li>\n<li><strong><span style=\"color: #339966;font-size: 200%\">\u2713<\/span><\/strong><\/li>\n<li><strong><span style=\"color: #339966;font-size: 200%\">\u2713<\/span><\/strong><\/li>\n<li><strong><span style=\"color: #339966;font-size: 200%\">\u2713<\/span><\/strong><\/li>\n<li><strong><span style=\"color: #339966;font-size: 200%\">\u2713<\/span><\/strong><\/li>\n<li><span style=\"font-size: 200%\">-<\/span><\/li>\n<li><span style=\"font-size: 200%;color: #333333\">Continuo<\/span><\/li>\n<\/ul>\n<\/div>\n\n\n\n<\/div><\/div><div class=\"pricing-column no-highlight accent-color\">\n\t\t\t<h3>Gamma Premium<\/h3>\n          <div class=\"pricing-column-content\">\n\t\t\t<h4> <span class=\"dollar-sign\">\u20ac<\/span> 189.00 <\/h4>\n\t\t\t<span class=\"interval\">Al mese, impegno di 12 mesi<\/span>\n<div class=\"wpb_text_column wpb_content_element\" >\n\t<ul class=\"features\">\n<li><span style=\"font-size: 200%;color: #333333\">24<\/span><\/li>\n<li><span style=\"font-size: 200%;color: #333333\">15 - 60<\/span><\/li>\n<li><span style=\"color: #333333;font-size: 200%\">3 \u00e0 5<\/span><\/li>\n<li><strong><span style=\"color: #339966;font-size: 200%\">\u2713<\/span><\/strong><\/li>\n<li><strong><span style=\"color: #339966;font-size: 200%\">\u2713<\/span><\/strong><\/li>\n<li><strong><span style=\"color: #339966;font-size: 200%\">\u2713<\/span><\/strong><\/li>\n<li><strong><span style=\"color: #339966;font-size: 200%\">\u2713<\/span><\/strong><\/li>\n<li><strong><span style=\"color: #339966;font-size: 200%\">\u2713<\/span><\/strong><\/li>\n<li><strong><span style=\"color: #339966;font-size: 200%\">\u2713<\/span><\/strong><\/li>\n<li><span style=\"font-size: 200%;color: #333333\">Continuo<\/span><\/li>\n<\/ul>\n<\/div>\n\n\n\n<\/div><\/div><\/div>\n\t\t\t<\/div> \n\t\t<\/div>\n\t<\/div> \n<\/div><\/div>\n\t\t<div id=\"fws_69e5036a77a95\"  data-column-margin=\"default\" data-midnight=\"dark\"  class=\"wpb_row vc_row-fluid vc_row\"  style=\"padding-top: 30px; padding-bottom: 0px; \"><div class=\"row-bg-wrap\" data-bg-animation=\"none\" data-bg-animation-delay=\"\" data-bg-overlay=\"false\"><div class=\"inner-wrap row-bg-layer\" ><div class=\"row-bg viewport-desktop\"  style=\"\"><\/div><\/div><\/div><div class=\"row_col_wrap_12 col span_12 dark left\">\n\t<div  class=\"vc_col-sm-6 wpb_column column_container vc_column_container col no-extra-padding inherit_tablet inherit_phone\"  data-padding-pos=\"all\" data-has-bg-color=\"false\" data-bg-color=\"\" data-bg-opacity=\"1\" data-animation=\"\" data-delay=\"0\" >\n\t\t<div class=\"vc_column-inner\" >\n\t\t\t<div class=\"wpb_wrapper\">\n\t\t\t\t\n<div class=\"wpb_text_column wpb_content_element\" >\n\t<h2 style=\"text-align: center; color: #acb9ca;\">Definizioni<\/h2>\n<\/div>\n\n\n\n\n<div class=\"wpb_text_column wpb_content_element\" >\n\t<p><strong><span style=\"color: #acb9ca;\">Numero di link di riferimento<br \/>\n<\/span><\/strong>Il numero di link annuali che inseriremo su diversi siti per aumentare il vostro referenziamento.<\/p>\n<p>Il numero di link a un sito web \u00e8 un fattore importante nella SEO, poich\u00e9 i motori di ricerca come Google considerano i link come voti di fiducia al sito. In altre parole, pi\u00f9 link ha un sito da altri siti di qualit\u00e0, pi\u00f9 \u00e8 probabile che sia considerato un sito di qualit\u00e0 e pi\u00f9 \u00e8 probabile che si posizioni in cima ai risultati di ricerca per parole chiave pertinenti.<\/p>\n<p>Tuttavia, l'efficacia delle campagne non si basa solo sul numero di link, ma anche sulla loro qualit\u00e0. I link provenienti da siti affidabili e rilevanti hanno un peso maggiore rispetto a quelli provenienti da siti meno rilevanti o di scarsa qualit\u00e0.<\/p>\n<p><strong><span style=\"color: #acb9ca;\">Scelta principale delle parole chiave di posizionamento<br \/>\n<\/span><\/strong>Le parole chiave per le quali si desidera posizionarsi in modo prioritario. Si noti che maggiore \u00e8 il numero di parole chiave scelte, minore sar\u00e0 l'efficacia del posizionamento per ogni parola chiave, poich\u00e9 il numero di link di riferimento creati per ogni parola chiave sar\u00e0 diviso per il numero di parole chiave da posizionare.<\/p>\n<p><strong><span style=\"color: #acb9ca;\">Autorit\u00e0 di dominio<\/span><\/strong><\/p>\n<p>La Domain Authority misura la reputazione di un sito web. Si tratta di un punteggio numerico che indica quanto un sito sia considerato affidabile, utile e importante dai motori di ricerca come Google.<\/p>\n<p>Il punteggio di Domain Authority \u00e8 determinato da una serie di fattori, come il numero e la qualit\u00e0 dei link che puntano al sito, la qualit\u00e0 dei contenuti, la facilit\u00e0 d'uso dell'interfaccia e altri fattori SEO.<\/p>\n<p>Pi\u00f9 alto \u00e8 il punteggio di Domain Authority di un sito, pi\u00f9 \u00e8 probabile che si posizioni in cima ai risultati di ricerca per parole chiave pertinenti.<\/p>\n<p><strong><span style=\"color: #acb9ca;\">Monitoraggio - relazione sulle prestazioni<br \/>\n<\/span><\/strong>Il vostro sito web viene analizzato da diversi punti di vista: qualit\u00e0 e quantit\u00e0 delle parole chiave, tagging, tempo di caricamento, backlink. Gli strumenti professionali che utilizziamo sono sviluppati da aziende indipendenti.<\/p>\n<p><strong><span style=\"color: #acb9ca;\">Account Strumenti per i Webmaster<br \/>\n<\/span><\/strong>Un'interfaccia dedicata consente di vedere quali parole chiave fanno apparire il vostro sito su Google, nonch\u00e9 il tasso di clic e la posizione media.<\/p>\n<\/div>\n\n\n\n\n\t\t\t<\/div> \n\t\t<\/div>\n\t<\/div> \n\n\t<div  class=\"vc_col-sm-6 wpb_column column_container vc_column_container col no-extra-padding inherit_tablet inherit_phone\"  data-padding-pos=\"all\" data-has-bg-color=\"false\" data-bg-color=\"\" data-bg-opacity=\"1\" data-animation=\"\" data-delay=\"0\" >\n\t\t<div class=\"vc_column-inner\" >\n\t\t\t<div class=\"wpb_wrapper\">\n\t\t\t\t\n<div class=\"wpb_text_column wpb_content_element\" >\n\t<h2 style=\"text-align: center; color: #acb9ca;\">Referenziazione naturale<\/h2>\n<\/div>\n\n\n\n\n<div class=\"wpb_text_column wpb_content_element\" >\n\t<p>Le campagne di ottimizzazione per i motori di ricerca (SEO) sono sforzi per migliorare la visibilit\u00e0 e la rilevanza di un sito web nei risultati organici di un motore di ricerca (come Google, Bing, Yahoo, ecc.).<\/p>\n<p>Ci\u00f2 avviene ottimizzando vari aspetti del sito web, come le parole chiave utilizzate nel contenuto, la struttura del sito, i meta tag, i backlink (link da altri siti web), ecc. in modo che il sito sia visto come pi\u00f9 pertinente alle query di ricerca relative alla vostra attivit\u00e0.<\/p>\n<p>L'obiettivo principale di queste campagne \u00e8 quello di ottenere un posizionamento pi\u00f9 elevato nei risultati di ricerca naturali, che pu\u00f2 portare a un aumento del traffico e delle vendite per il vostro sito web. Le campagne SEO sono spesso una parte fondamentale della strategia di marketing digitale di un'azienda per migliorare la sua visibilit\u00e0 online.<\/p>\n<p><img loading=\"lazy\" decoding=\"async\" class=\"size-full wp-image-8401 alignnone\" style=\"display: none;\" src=\"https:\/\/hotel-webdesign.com\/wp-content\/uploads\/2022\/05\/referencement-hotel.png\" alt=\"\" width=\"262\" height=\"86\" \/><\/p>\n<\/div>\n\n\n\n\n<div class=\"wpb_text_column wpb_content_element\" >\n\t<h2 style=\"text-align: center; color: #acb9ca;\">Riferimento a Google Ads<\/h2>\n<\/div>\n\n\n\n\n<div class=\"wpb_text_column wpb_content_element\" >\n\t<p>Le campagne di ricerca a pagamento \u00abGoogle Ads\u00bb (diverse dalle offerte di cui sopra), note anche come campagne PPC (Pay-Per-Click), sono sforzi per attirare visitatori su un sito web pagando per gli annunci che appaiono nei risultati di ricerca a pagamento di Google.<\/p>\n<p>Le campagne Google Ads consentono di apparire rapidamente in cima ai risultati di ricerca di Google, sotto forma di annunci sponsorizzati. Queste campagne si basano su un modello di asta pay-per-click, il cui importo \u00e8 determinato dalla competitivit\u00e0 del vostro settore e dalle parole chiave scelte.<\/p>\n<p>Quando creiamo una campagna di ricerca a pagamento, scegliamo parole chiave specifiche che corrispondono alle query di ricerca che volete indirizzare. Si creano quindi annunci che appariranno in cima o in fondo alla pagina dei risultati di ricerca, a seconda delle offerte e della pertinenza dell'annuncio rispetto alle parole chiave mirate.<\/p>\n<p>L'obiettivo principale di queste campagne \u00e8 quello di portare traffico di qualit\u00e0 al vostro sito web e aumentare le vendite utilizzando pubblicit\u00e0 mirate e pertinenti alle ricerche degli utenti. Le campagne di ricerca a pagamento sono spesso una strategia di marketing digitale essenziale per le aziende che vogliono aumentare la propria visibilit\u00e0 online in modo rapido ed efficace.<\/p>\n<p>Le nostre offerte di Google Ads comprendono l'impostazione e la configurazione dell'account con proposte di parole chiave all'inizio del contratto, nonch\u00e9 la manutenzione mensile per monitorare e regolare le parole chiave, se necessario. I rapporti sulle prestazioni sono disponibili online.<\/p>\n<p><img loading=\"lazy\" decoding=\"async\" class=\"wp-image-8403 alignleft\" src=\"https:\/\/hotel-webdesign.com\/wp-content\/uploads\/2022\/05\/google-hotel-ads-certified-partner-1.png\" alt=\"\" width=\"240\" height=\"67\" \/><img loading=\"lazy\" decoding=\"async\" class=\"wp-image-3245 alignleft\" style=\"max-width: 140px;\" src=\"https:\/\/hotel-webdesign.com\/wp-content\/uploads\/2019\/02\/hotel-restaurant-google-seo-2-300x175.png\" alt=\"\" width=\"130\" height=\"76\" \/><\/p>\n<p>&nbsp;<\/p>\n<p><img loading=\"lazy\" decoding=\"async\" class=\"size-full wp-image-8401 alignnone\" style=\"display: none;\" src=\"https:\/\/hotel-webdesign.com\/wp-content\/uploads\/2022\/05\/referencement-hotel.png\" alt=\"\" width=\"262\" height=\"86\" \/><\/p>\n<\/div>\n\n\n\n\n\t\t\t<\/div> \n\t\t<\/div>\n\t<\/div> \n<\/div><\/div>","protected":false},"excerpt":{"rendered":"Caratteristiche - $ -- Al mese Numero di link di riferimento (annuale) Qualit\u00e0 del link (Domain Authority) Scelta principale delle parole chiave per il posizionamento Account Google Webmasters Tools...","protected":false},"author":1,"featured_media":0,"parent":0,"menu_order":0,"comment_status":"closed","ping_status":"closed","template":"","meta":{"footnotes":""},"class_list":["post-3289","page","type-page","status-publish"],"yoast_head":"<!-- This site is optimized with the Yoast SEO plugin v27.4 - https:\/\/yoast.com\/product\/yoast-seo-wordpress\/ -->\n<title>Offre R\u00e9f\u00e9rencement Naturel H\u00f4tels | Cr\u00e9ation Site H\u00f4tellerie &amp; Tourisme | Hotel Web Design<\/title>\n<meta name=\"description\" content=\"Offres de r\u00e9f\u00e9rencement pour h\u00f4tel restaurant gites et chambres d&#039;h\u00f4tes. R\u00e9f\u00e9rencement naturel et Google Ads avec Hotel Web Design\" \/>\n<meta name=\"robots\" content=\"index, follow, max-snippet:-1, max-image-preview:large, max-video-preview:-1\" \/>\n<link rel=\"canonical\" href=\"https:\/\/hotel-webdesign.com\/it\/offerta-di-referenziamento-alberghiero\/\" \/>\n<meta property=\"og:locale\" content=\"it_IT\" \/>\n<meta property=\"og:type\" content=\"article\" \/>\n<meta property=\"og:title\" content=\"Offre R\u00e9f\u00e9rencement Naturel H\u00f4tels | Cr\u00e9ation Site H\u00f4tellerie &amp; Tourisme | Hotel Web Design\" \/>\n<meta property=\"og:description\" content=\"Offres de r\u00e9f\u00e9rencement pour h\u00f4tel restaurant gites et chambres d&#039;h\u00f4tes. R\u00e9f\u00e9rencement naturel et Google Ads avec Hotel Web Design\" \/>\n<meta property=\"og:url\" content=\"https:\/\/hotel-webdesign.com\/it\/offerta-di-referenziamento-alberghiero\/\" \/>\n<meta property=\"og:site_name\" content=\"Cr\u00e9ation Site H\u00f4tellerie &amp; Tourisme | Hotel Web Design\" \/>\n<meta property=\"article:publisher\" content=\"https:\/\/www.facebook.com\/hotelwebd\" \/>\n<meta property=\"article:modified_time\" content=\"2025-08-13T07:34:53+00:00\" \/>\n<meta property=\"og:image\" content=\"https:\/\/hotel-webdesign.com\/wp-content\/uploads\/2022\/05\/referencement-hotel.png\" \/>\n<script type=\"application\/ld+json\" class=\"yoast-schema-graph\">{\"@context\":\"https:\\\/\\\/schema.org\",\"@graph\":[{\"@type\":\"WebPage\",\"@id\":\"https:\\\/\\\/hotel-webdesign.com\\\/it\\\/wp-json\\\/wp\\\/v2\\\/pages\\\/3289\",\"url\":\"https:\\\/\\\/hotel-webdesign.com\\\/it\\\/wp-json\\\/wp\\\/v2\\\/pages\\\/3289\",\"name\":\"Offre R\u00e9f\u00e9rencement Naturel H\u00f4tels | Cr\u00e9ation Site H\u00f4tellerie &amp; Tourisme | Hotel Web Design\",\"isPartOf\":{\"@id\":\"https:\\\/\\\/hotel-webdesign.com\\\/#website\"},\"primaryImageOfPage\":{\"@id\":\"https:\\\/\\\/hotel-webdesign.com\\\/offre-referencement-hotel\\\/#primaryimage\"},\"image\":{\"@id\":\"https:\\\/\\\/hotel-webdesign.com\\\/offre-referencement-hotel\\\/#primaryimage\"},\"thumbnailUrl\":\"https:\\\/\\\/hotel-webdesign.com\\\/wp-content\\\/uploads\\\/2022\\\/05\\\/referencement-hotel.png\",\"datePublished\":\"2019-02-26T15:19:53+00:00\",\"dateModified\":\"2025-08-13T07:34:53+00:00\",\"description\":\"Offres de r\u00e9f\u00e9rencement pour h\u00f4tel restaurant gites et chambres d'h\u00f4tes. R\u00e9f\u00e9rencement naturel et Google Ads avec Hotel Web Design\",\"breadcrumb\":{\"@id\":\"https:\\\/\\\/hotel-webdesign.com\\\/offre-referencement-hotel\\\/#breadcrumb\"},\"inLanguage\":\"it-IT\",\"potentialAction\":[{\"@type\":\"ReadAction\",\"target\":[\"https:\\\/\\\/hotel-webdesign.com\\\/offre-referencement-hotel\\\/\"]}]},{\"@type\":\"ImageObject\",\"inLanguage\":\"it-IT\",\"@id\":\"https:\\\/\\\/hotel-webdesign.com\\\/offre-referencement-hotel\\\/#primaryimage\",\"url\":\"https:\\\/\\\/hotel-webdesign.com\\\/wp-content\\\/uploads\\\/2022\\\/05\\\/referencement-hotel.png\",\"contentUrl\":\"https:\\\/\\\/hotel-webdesign.com\\\/wp-content\\\/uploads\\\/2022\\\/05\\\/referencement-hotel.png\"},{\"@type\":\"BreadcrumbList\",\"@id\":\"https:\\\/\\\/hotel-webdesign.com\\\/offre-referencement-hotel\\\/#breadcrumb\",\"itemListElement\":[{\"@type\":\"ListItem\",\"position\":1,\"name\":\"Accueil\",\"item\":\"https:\\\/\\\/hotel-webdesign.com\\\/es\\\/\"},{\"@type\":\"ListItem\",\"position\":2,\"name\":\"Offre R\u00e9f\u00e9rencement Naturel H\u00f4tels\"}]},{\"@type\":\"WebSite\",\"@id\":\"https:\\\/\\\/hotel-webdesign.com\\\/#website\",\"url\":\"https:\\\/\\\/hotel-webdesign.com\\\/\",\"name\":\"Hotel Web Design\",\"description\":\"Agence Web H\u00f4tels Restaurants\",\"publisher\":{\"@id\":\"https:\\\/\\\/hotel-webdesign.com\\\/#organization\"},\"alternateName\":\"Agence Web Hotels Restaurants\",\"potentialAction\":[{\"@type\":\"SearchAction\",\"target\":{\"@type\":\"EntryPoint\",\"urlTemplate\":\"https:\\\/\\\/hotel-webdesign.com\\\/?s={search_term_string}\"},\"query-input\":{\"@type\":\"PropertyValueSpecification\",\"valueRequired\":true,\"valueName\":\"search_term_string\"}}],\"inLanguage\":\"it-IT\"},{\"@type\":\"Organization\",\"@id\":\"https:\\\/\\\/hotel-webdesign.com\\\/#organization\",\"name\":\"Hotel Web Design\",\"url\":\"https:\\\/\\\/hotel-webdesign.com\\\/\",\"logo\":{\"@type\":\"ImageObject\",\"inLanguage\":\"it-IT\",\"@id\":\"https:\\\/\\\/hotel-webdesign.com\\\/#\\\/schema\\\/logo\\\/image\\\/\",\"url\":\"https:\\\/\\\/hotel-webdesign.com\\\/wp-content\\\/uploads\\\/2019\\\/11\\\/Hotel-Web-Design-logo-v2-version-grise.png\",\"contentUrl\":\"https:\\\/\\\/hotel-webdesign.com\\\/wp-content\\\/uploads\\\/2019\\\/11\\\/Hotel-Web-Design-logo-v2-version-grise.png\",\"width\":497,\"height\":181,\"caption\":\"Hotel Web Design\"},\"image\":{\"@id\":\"https:\\\/\\\/hotel-webdesign.com\\\/#\\\/schema\\\/logo\\\/image\\\/\"},\"sameAs\":[\"https:\\\/\\\/www.facebook.com\\\/hotelwebd\"]}]}<\/script>\n<!-- \/ Yoast SEO plugin. -->","yoast_head_json":{"title":"| Web design per hotel | Ottimizzazione naturale dei motori di ricerca per gli hotel","description":"Offerte di ottimizzazione dei motori di ricerca per hotel, ristoranti, gites e bed and breakfast. Ottimizzazione dei motori di ricerca e Google Ads con Hotel Web Design","robots":{"index":"index","follow":"follow","max-snippet":"max-snippet:-1","max-image-preview":"max-image-preview:large","max-video-preview":"max-video-preview:-1"},"canonical":"https:\/\/hotel-webdesign.com\/it\/offerta-di-referenziamento-alberghiero\/","og_locale":"it_IT","og_type":"article","og_title":"Offre R\u00e9f\u00e9rencement Naturel H\u00f4tels | Cr\u00e9ation Site H\u00f4tellerie &amp; Tourisme | Hotel Web Design","og_description":"Offres de r\u00e9f\u00e9rencement pour h\u00f4tel restaurant gites et chambres d'h\u00f4tes. R\u00e9f\u00e9rencement naturel et Google Ads avec Hotel Web Design","og_url":"https:\/\/hotel-webdesign.com\/it\/offerta-di-referenziamento-alberghiero\/","og_site_name":"Cr\u00e9ation Site H\u00f4tellerie &amp; Tourisme | Hotel Web Design","article_publisher":"https:\/\/www.facebook.com\/hotelwebd","article_modified_time":"2025-08-13T07:34:53+00:00","og_image":[{"url":"https:\/\/hotel-webdesign.com\/wp-content\/uploads\/2022\/05\/referencement-hotel.png","type":"","width":"","height":""}],"schema":{"@context":"https:\/\/schema.org","@graph":[{"@type":"WebPage","@id":"https:\/\/hotel-webdesign.com\/it\/wp-json\/wp\/v2\/pages\/3289","url":"https:\/\/hotel-webdesign.com\/it\/wp-json\/wp\/v2\/pages\/3289","name":"| Web design per hotel | Ottimizzazione naturale dei motori di ricerca per gli hotel","isPartOf":{"@id":"https:\/\/hotel-webdesign.com\/#website"},"primaryImageOfPage":{"@id":"https:\/\/hotel-webdesign.com\/offre-referencement-hotel\/#primaryimage"},"image":{"@id":"https:\/\/hotel-webdesign.com\/offre-referencement-hotel\/#primaryimage"},"thumbnailUrl":"https:\/\/hotel-webdesign.com\/wp-content\/uploads\/2022\/05\/referencement-hotel.png","datePublished":"2019-02-26T15:19:53+00:00","dateModified":"2025-08-13T07:34:53+00:00","description":"Offerte di ottimizzazione dei motori di ricerca per hotel, ristoranti, gites e bed and breakfast. Ottimizzazione dei motori di ricerca e Google Ads con Hotel Web Design","breadcrumb":{"@id":"https:\/\/hotel-webdesign.com\/offre-referencement-hotel\/#breadcrumb"},"inLanguage":"it-IT","potentialAction":[{"@type":"ReadAction","target":["https:\/\/hotel-webdesign.com\/offre-referencement-hotel\/"]}]},{"@type":"ImageObject","inLanguage":"it-IT","@id":"https:\/\/hotel-webdesign.com\/offre-referencement-hotel\/#primaryimage","url":"https:\/\/hotel-webdesign.com\/wp-content\/uploads\/2022\/05\/referencement-hotel.png","contentUrl":"https:\/\/hotel-webdesign.com\/wp-content\/uploads\/2022\/05\/referencement-hotel.png"},{"@type":"BreadcrumbList","@id":"https:\/\/hotel-webdesign.com\/offre-referencement-hotel\/#breadcrumb","itemListElement":[{"@type":"ListItem","position":1,"name":"Accueil","item":"https:\/\/hotel-webdesign.com\/es\/"},{"@type":"ListItem","position":2,"name":"Offre R\u00e9f\u00e9rencement Naturel H\u00f4tels"}]},{"@type":"WebSite","@id":"https:\/\/hotel-webdesign.com\/#website","url":"https:\/\/hotel-webdesign.com\/","name":"Web design per hotel","description":"Web Agency Alberghi Ristoranti","publisher":{"@id":"https:\/\/hotel-webdesign.com\/#organization"},"alternateName":"Agence Web Hotels Restaurants","potentialAction":[{"@type":"SearchAction","target":{"@type":"EntryPoint","urlTemplate":"https:\/\/hotel-webdesign.com\/?s={search_term_string}"},"query-input":{"@type":"PropertyValueSpecification","valueRequired":true,"valueName":"search_term_string"}}],"inLanguage":"it-IT"},{"@type":"Organization","@id":"https:\/\/hotel-webdesign.com\/#organization","name":"Web design per hotel","url":"https:\/\/hotel-webdesign.com\/","logo":{"@type":"ImageObject","inLanguage":"it-IT","@id":"https:\/\/hotel-webdesign.com\/#\/schema\/logo\/image\/","url":"https:\/\/hotel-webdesign.com\/wp-content\/uploads\/2019\/11\/Hotel-Web-Design-logo-v2-version-grise.png","contentUrl":"https:\/\/hotel-webdesign.com\/wp-content\/uploads\/2019\/11\/Hotel-Web-Design-logo-v2-version-grise.png","width":497,"height":181,"caption":"Hotel Web Design"},"image":{"@id":"https:\/\/hotel-webdesign.com\/#\/schema\/logo\/image\/"},"sameAs":["https:\/\/www.facebook.com\/hotelwebd"]}]}},"_links":{"self":[{"href":"https:\/\/hotel-webdesign.com\/it\/wp-json\/wp\/v2\/pages\/3289","targetHints":{"allow":["GET"]}}],"collection":[{"href":"https:\/\/hotel-webdesign.com\/it\/wp-json\/wp\/v2\/pages"}],"about":[{"href":"https:\/\/hotel-webdesign.com\/it\/wp-json\/wp\/v2\/types\/page"}],"author":[{"embeddable":true,"href":"https:\/\/hotel-webdesign.com\/it\/wp-json\/wp\/v2\/users\/1"}],"replies":[{"embeddable":true,"href":"https:\/\/hotel-webdesign.com\/it\/wp-json\/wp\/v2\/comments?post=3289"}],"version-history":[{"count":30,"href":"https:\/\/hotel-webdesign.com\/it\/wp-json\/wp\/v2\/pages\/3289\/revisions"}],"predecessor-version":[{"id":14538,"href":"https:\/\/hotel-webdesign.com\/it\/wp-json\/wp\/v2\/pages\/3289\/revisions\/14538"}],"wp:attachment":[{"href":"https:\/\/hotel-webdesign.com\/it\/wp-json\/wp\/v2\/media?parent=3289"}],"curies":[{"name":"wp","href":"https:\/\/api.w.org\/{rel}","templated":true}]}}