{"id":4456,"date":"2020-04-06T12:48:20","date_gmt":"2020-04-06T11:48:20","guid":{"rendered":"https:\/\/hotel-webdesign.com\/?page_id=4456"},"modified":"2026-03-23T15:57:31","modified_gmt":"2026-03-23T13:57:31","slug":"creazione-offerta-sito-ristorante","status":"publish","type":"page","link":"https:\/\/hotel-webdesign.com\/it\/creazione-offerta-sito-ristorante\/","title":{"rendered":"Offerte web per ristoranti"},"content":{"rendered":"<div id=\"fws_69da606d6df99\"  data-column-margin=\"30px\" data-midnight=\"dark\"  class=\"wpb_row vc_row-fluid vc_row  right_padding_5pct left_padding_5pct\"  style=\"padding-top: 22px; padding-bottom: 0px; \"><div class=\"row-bg-wrap\" data-bg-animation=\"none\" data-bg-animation-delay=\"\" data-bg-overlay=\"false\"><div class=\"inner-wrap row-bg-layer\" ><div class=\"row-bg viewport-desktop\"  style=\"\"><\/div><\/div><\/div><div class=\"row_col_wrap_12 col span_12 dark left\">\n\t<div  class=\"vc_col-sm-12 wpb_column column_container vc_column_container col no-extra-padding inherit_tablet inherit_phone\"  data-padding-pos=\"all\" data-has-bg-color=\"false\" data-bg-color=\"\" data-bg-opacity=\"1\" data-animation=\"\" data-delay=\"0\" >\n\t\t<div class=\"vc_column-inner\" >\n\t\t\t<div class=\"wpb_wrapper\">\n\t\t\t\t\n<div class=\"wpb_text_column wpb_content_element\" >\n\t<p>Le offerte riportate di seguito corrispondono a pacchetti di abbonamento \"tutto compreso\". Preferite un design su misura? Offriamo anche pacchetti che includono l'acquisizione di un sito web a partire da 1790 euro. Contattateci per i dettagli<\/p>\n<\/div>\n\n\n\n<div class=\"row pricing-table four-cols\" data-style=\"default\"><div class=\"pricing-column no-highlight extra-color-2\">\n\t\t\t<h3>caratteristiche-<\/h3>\n          <div class=\"pricing-column-content\">\n\t\t\t<h4> <span class=\"dollar-sign\">$<\/span> -- <\/h4>\n\t\t\t<span class=\"interval\">Al mese<\/span>\n<div class=\"wpb_text_column wpb_content_element\" >\n\t<ul>\n<li><span style=\"line-height: 1.5;color: #333333\">100% sito web responsive personalizzato realizzato in Francia&amp;.<\/span><span style=\"line-height: 1.5;color: #333333\">\u00a0chiavi in mano<\/span><\/li>\n<li><span style=\"line-height: 1.5;color: #333333\">Creazione di Sitemap, G. Analytics e G. File Mappe<\/span><\/li>\n<li><span style=\"line-height: 1.5;color: #333333\">Modulo di contatto<\/span><\/li>\n<li><span style=\"line-height: 1.5;color: #333333\">Reti sociali e portali di opinione<\/span><\/li>\n<li><span style=\"line-height: 1.5;color: #333333\">Acquisto \/ Creazione o trasferimento di un nome di dominio<\/span><\/li>\n<li><span style=\"line-height: 1.5;color: #333333\">Maggiore sicurezza per il vostro sito web \/ HTTPS<\/span><\/li>\n<li><span style=\"line-height: 1.5;color: #333333\">Scrittura ottimizzata di contenuti web<\/span><\/li>\n<li><span style=\"line-height: 1.5;color: #333333\">Strumento di amministrazione del sito, formazione e manuali di consegna<\/span><\/li>\n<li><span style=\"line-height: 1.5;color: #333333\">Modulo di prenotazione tavoli<\/span><\/li>\n<li><span style=\"line-height: 1.5;color: #333333\">Moduli per newsletter, live chat e pop-up<\/span><\/li>\n<li><span style=\"line-height: 1.5;color: #333333\">Integrazione di un catalogo prodotti<\/span><\/li>\n<li><span style=\"line-height: 1.5;color: #333333\">Pagamenti sicuri \/ Negozio click-collect<\/span><\/li>\n<li><span style=\"line-height: 1.5;color: #333333\">Referenze specifiche per i ristoranti<\/span><\/li>\n<li><span style=\"line-height: 1.5;color: #333333\">Numero di lingue<\/span><\/li>\n<li><span style=\"line-height: 1.5;color: #333333\">Numero di pagine (Premium: +20 prodotti del negozio inclusi)<\/span><\/li>\n<li><span style=\"line-height: 1.5;color: #333333\">Ottimizzazione del sito (SEO)<\/span><\/li>\n<li><span style=\"line-height: 1.5;color: #333333\">Dominio, e-mail, hosting, manutenzione + 5 modifiche all'anno<\/span><\/li>\n<\/ul>\n<\/div>\n\n\n\n<\/div><\/div><div class=\"pricing-column no-highlight accent-color\">\n\t\t\t<h3>Gamma di ristoranti<\/h3>\n          <div class=\"pricing-column-content\">\n\t\t\t<h4> <span class=\"dollar-sign\">\u20ac<\/span> 54,90 <\/h4>\n\t\t\t<span class=\"interval\">Prezzo al mese, IVA esclusa. Impegno di 24 mesi. Installazione: \u20ac 99<\/span>\n<div class=\"wpb_text_column wpb_content_element\" >\n\t<ul class=\"features\">\n<li><strong><span style=\"color: #339966;font-size: 200%\">\u2713<\/span><\/strong><\/li>\n<li><strong><span style=\"color: #339966;font-size: 200%\">\u2713<\/span><\/strong><\/li>\n<li><strong><span style=\"color: #339966;font-size: 200%\">\u2713<\/span><\/strong><\/li>\n<li><strong><span style=\"color: #339966;font-size: 200%\">\u2713<\/span><\/strong><\/li>\n<li><strong><span style=\"color: #339966;font-size: 200%\">\u2713<\/span><\/strong><\/li>\n<li><strong><span style=\"color: #339966;font-size: 200%\">\u2713<\/span><\/strong><\/li>\n<li><strong><span style=\"color: #339966;font-size: 200%\">\u2713<\/span><\/strong><\/li>\n<li><strong><span style=\"color: #339966;font-size: 200%\">\u2713<\/span><\/strong><\/li>\n<li><strong>Forma<\/strong><\/li>\n<li><strong>-<\/strong><\/li>\n<li><strong>-<\/strong><\/li>\n<li><strong>-<\/strong><\/li>\n<li><strong>-<\/strong><\/li>\n<li><strong>1<\/strong><\/li>\n<li><strong>5<\/strong><\/li>\n<li><span style=\"font-size: 16px\"><b>AVANZATO<\/b><\/span><\/li>\n<li><strong>Incluso<\/strong><\/li>\n<\/ul>\n<\/div>\n\n\n\n<\/div><\/div><div class=\"pricing-column highlight accent-color\">\n\t\t\t<h3>Gamma Restaurant Pro<span class=\"highlight-reason\">Offerta popolare<\/span><\/h3>\n          <div class=\"pricing-column-content\">\n\t\t\t<h4> <span class=\"dollar-sign\">\u20ac<\/span> 69,90 <\/h4>\n\t\t\t<span class=\"interval\">Prezzo al mese, IVA esclusa. Impegno di 24 mesi. Installazione: \u20ac149<\/span>\n<div class=\"wpb_text_column wpb_content_element\" >\n\t<ul class=\"features\">\n<li><strong><span style=\"color: #339966;font-size: 200%\">\u2713<\/span><\/strong><\/li>\n<li><strong><span style=\"color: #339966;font-size: 200%\">\u2713<\/span><\/strong><\/li>\n<li><strong><span style=\"color: #339966;font-size: 200%\">\u2713<\/span><\/strong><\/li>\n<li><strong><span style=\"color: #339966;font-size: 200%\">\u2713<\/span><\/strong><\/li>\n<li><strong><span style=\"color: #339966;font-size: 200%\">\u2713<\/span><\/strong><\/li>\n<li><strong><span style=\"color: #339966;font-size: 200%\">\u2713<\/span><\/strong><\/li>\n<li><strong><span style=\"color: #339966;font-size: 200%\">\u2713<\/span><\/strong><\/li>\n<li><strong><span style=\"color: #339966;font-size: 200%\">\u2713<\/span><\/strong><\/li>\n<li><strong><span style=\"color: #339966;font-size: 200%\">\u2713<\/span><\/strong><\/li>\n<li><strong><span style=\"color: #339966;font-size: 200%\">\u2713<\/span><\/strong><\/li>\n<li><strong><span style=\"color: #339966;font-size: 200%\">\u2713<\/span><\/strong><\/li>\n<li><strong>-<\/strong><\/li>\n<li><strong>-<\/strong><\/li>\n<li><strong>3<\/strong><\/li>\n<li><strong>10<\/strong><\/li>\n<li><span style=\"font-size: 16px\"><b>AVANZATO<\/b><\/span><\/li>\n<li><strong>Incluso<\/strong><\/li>\n<\/ul>\n<\/div>\n\n\n\n<\/div><\/div><div class=\"pricing-column no-highlight accent-color\">\n\t\t\t<h3>Gamma di ristoranti Premium<\/h3>\n          <div class=\"pricing-column-content\">\n\t\t\t<h4> <span class=\"dollar-sign\">\u20ac<\/span> 99,90 <\/h4>\n\t\t\t<span class=\"interval\">Prezzo al mese, IVA esclusa. Impegno di 24 mesi. Installazione: 349 euro<\/span>\n<div class=\"wpb_text_column wpb_content_element\" >\n\t<ul class=\"features\">\n<li><strong><span style=\"color: #339966;font-size: 200%\">\u2713<\/span><\/strong><\/li>\n<li><strong><span style=\"color: #339966;font-size: 200%\">\u2713<\/span><\/strong><\/li>\n<li><strong><span style=\"color: #339966;font-size: 200%\">\u2713<\/span><\/strong><\/li>\n<li><strong><span style=\"color: #339966;font-size: 200%\">\u2713<\/span><\/strong><\/li>\n<li><strong><span style=\"color: #339966;font-size: 200%\">\u2713<\/span><\/strong><\/li>\n<li><strong><span style=\"color: #339966;font-size: 200%\">\u2713<\/span><\/strong><\/li>\n<li><strong><span style=\"color: #339966;font-size: 200%\">\u2713<\/span><\/strong><b><\/b><\/li>\n<li><strong><span style=\"color: #339966;font-size: 200%\">\u2713<\/span><\/strong><\/li>\n<li><strong><span style=\"color: #339966;font-size: 200%\">\u2713<\/span><\/strong><\/li>\n<li><strong><span style=\"color: #339966;font-size: 200%\">\u2713<\/span><\/strong><\/li>\n<li><strong><span style=\"color: #339966;font-size: 200%\">\u2713<\/span><\/strong><\/li>\n<li><strong><span style=\"color: #339966;font-size: 200%\">\u2713<\/span><\/strong><\/li>\n<li><strong><span style=\"color: #339966;font-size: 200%\">\u2713<\/span><\/strong><\/li>\n<li><strong>4<\/strong><\/li>\n<li><strong>15<\/strong><\/li>\n<li><span style=\"font-size: 16px\"><b>AVANZATO<\/b><\/span><\/li>\n<li><strong>Incluso<\/strong><\/li>\n<\/ul>\n<\/div>\n\n\n\n<\/div><\/div><\/div>\n\t\t\t<\/div> \n\t\t<\/div>\n\t<\/div> \n<\/div><\/div>\n\t\t<div id=\"fws_69da606d71f68\"  data-column-margin=\"default\" data-midnight=\"dark\"  class=\"wpb_row vc_row-fluid vc_row\"  style=\"padding-top: 30px; padding-bottom: 0px; \"><div class=\"row-bg-wrap\" data-bg-animation=\"none\" data-bg-animation-delay=\"\" data-bg-overlay=\"false\"><div class=\"inner-wrap row-bg-layer\" ><div class=\"row-bg viewport-desktop\"  style=\"\"><\/div><\/div><\/div><div class=\"row_col_wrap_12 col span_12 dark left\">\n\t<div  class=\"vc_col-sm-6 wpb_column column_container vc_column_container col no-extra-padding inherit_tablet inherit_phone\"  data-padding-pos=\"all\" data-has-bg-color=\"false\" data-bg-color=\"\" data-bg-opacity=\"1\" data-animation=\"\" data-delay=\"0\" >\n\t\t<div class=\"vc_column-inner\" >\n\t\t\t<div class=\"wpb_wrapper\">\n\t\t\t\t\n<div class=\"wpb_text_column wpb_content_element\" >\n\t<h2 style=\"text-align: center; color: #acb9ca;\"><span style=\"color: #333333;\">RIFERIMENTI<\/span><\/h2>\n<\/div>\n\n\n\n\n<div class=\"wpb_text_column wpb_content_element\" >\n\t<p><span style=\"color: #acb9ca;\"><strong>Consultate le ultime creazioni e referenze per ristoranti<\/strong><\/span><\/p>\n<p>Le offerte di cui sopra sono pacchetti \"modello\", creati a partire da un modello di sito web definito. Offriamo anche pacchetti \"su misura\": contattateci.<\/p>\n<p>Esempio \"Pacchetto vetrina ristorante\":<\/p>\n<ul>\n<li><a href=\"https:\/\/restaurantwilliam.com\/\" target=\"_blank\" rel=\"noopener\">Ristorante William<\/a><\/li>\n<li><a href=\"https:\/\/www.le7restaurant.fr\/\">Ristorante Le 7<\/a><\/li>\n<li><a href=\"http:\/\/casadorita.com\/fr\/\" target=\"_blank\" rel=\"noopener noreferrer\">La Casa Dorita<\/a><\/li>\n<\/ul>\n<p>Esempio di \"Restaurant Pack Pro<\/p>\n<ul>\n<li><a href=\"https:\/\/www.restaurantguyancourt.com\/\" target=\"_blank\" rel=\"noopener\">Ristorante La Chalosse\u00a0<\/a><\/li>\n<li><a href=\"https:\/\/goodgameparis.fr\/\">Il buon gioco di Parigi<\/a><\/li>\n<li><a href=\"https:\/\/lemiramar.fr\/\">Le Miramar<\/a><\/li>\n<\/ul>\n<p>Esempio di \"Premium Restaurant Pack<\/p>\n<ul>\n<li><a href=\"https:\/\/www.hermes-hotel.fr\/\">Albergo Hermes<\/a><\/li>\n<\/ul>\n<div>\n<div class=\"gmail_quote\">\n<div class=\"gmail_quote\">\n<div>\n<div>\n<div>\n<div>\n<div>\n<div class=\"gmail_quote\">\n<div>\n<div>\n<div>\n<div>\n<div dir=\"ltr\">\n<div>* L'agenzia non prende alcuna commissione sulle vendite. Il nostro partner bancario online offre tassi di circa 1,4% per transazione. Contattateci per i dettagli.<\/div>\n<\/div>\n<\/div>\n<\/div>\n<\/div>\n<\/div>\n<\/div>\n<\/div>\n<\/div>\n<\/div>\n<\/div>\n<\/div>\n<\/div>\n<\/div>\n<\/div>\n<\/div>\n\n\n\n\n\t\t\t<\/div> \n\t\t<\/div>\n\t<\/div> \n\n\t<div  class=\"vc_col-sm-6 wpb_column column_container vc_column_container col no-extra-padding inherit_tablet inherit_phone\"  data-padding-pos=\"all\" data-has-bg-color=\"false\" data-bg-color=\"\" data-bg-opacity=\"1\" data-animation=\"\" data-delay=\"0\" >\n\t\t<div class=\"vc_column-inner\" >\n\t\t\t<div class=\"wpb_wrapper\">\n\t\t\t\t\n<div class=\"wpb_text_column wpb_content_element\" >\n\t<h2 style=\"text-align: center; color: #acb9ca;\"><span style=\"color: #333333;\">+ SERVIZI<\/span><\/h2>\n<\/div>\n\n\n\n\n<div class=\"wpb_text_column wpb_content_element\" >\n\t<div style=\"display: none;\"><strong><span style=\"color: #acb9ca;\">Supporto\u00a0<span style=\"caret-color: #acb9ca;\">Tecnica<\/span>\u00a0e Editoriale <i>-\u00a0 <\/i><span style=\"color: #333333;\">extra facoltativo <\/span><\/span><\/strong><span style=\"color: #acb9ca;\"><span style=\"color: #333333;\"><em>14<\/em><\/span><\/span><span style=\"color: #acb9ca;\"><span style=\"color: #333333;\"><em>90 \/ 15 minuti - per tutto il supporto tecnico ed editoriale. (Aggiunta\/eliminazione di pagine, scrittura di contenuti, modifica di prezzi, foto, ecc. Esempio: modifica del testo o del listino prezzi o aggiornamento del menu = 1 ticket.\u00a0<\/em><br \/>\n<span style=\"text-decoration: underline;\">Nota<\/span>Avrete accesso all'interfaccia utente e sarete addestrati a modificare i contenuti da soli. I ticket di assistenza vi permettono semplicemente di scaricare queste modifiche, che noi faremo per voi.<\/span><\/span><\/div>\n<p>Hotel Web-Design \u00e8 leader nella SEO nel settore alberghiero e della ristorazione. Qualunque gamma scegliate, beneficerete di un significativo aumento delle referenze non appena il vostro nuovo sito sar\u00e0 online, grazie all'aggiunta di un link dal sito di Hotel Web-Design al vostro.<\/p>\n<p>Ulteriori informazioni sull'ottimizzazione dei motori di ricerca : <a href=\"https:\/\/hotel-webdesign.com\/it\/riferimento-naturel-hotel-ristorante\/\">https:\/\/hotel-webdesign.com\/referencement-naturel-hotel-restaurant<\/a><\/p>\n<p>Contattateci per ulteriori dettagli. Tutti i prezzi sono al netto dell'IVA e sono soggetti all'IVA 20%, ove applicabile.<br \/>\nLe offerte sono soggette alle Condizioni Generali di Vendita disponibili sul sito https:\/\/hotel-webdesign.com\/conditions-generales\/.<\/p>\n<div>\n<div class=\"gmail_quote\">\n<div class=\"gmail_quote\">\n<div>\n<div>\n<div>\n<div>\n<div>\n<div class=\"gmail_quote\">\n<div>\n<div>\n<div>\n<div>\n<div dir=\"ltr\">\n<div>\n<p><span style=\"color: #acb9ca;\"><strong>Ottimizzazione SEO <\/strong><\/span><\/p>\n<p><strong>Base<\/strong>creazione e dichiarazione della sitemap e dichiarazione ai motori di ricerca, informazioni di meta-descrizione, caching, inserimento e adattamento dei tag \"h\".<\/p>\n<\/div>\n<\/div>\n<\/div>\n<\/div>\n<\/div>\n<\/div>\n<\/div>\n<\/div>\n<\/div>\n<\/div>\n<\/div>\n<\/div>\n<\/div>\n<\/div>\n<\/div>\n<div>\n<div class=\"gmail_quote\">\n<div class=\"gmail_quote\">\n<div class=\"gmail_quote\">\n<div dir=\"ltr\">\n<div>\n<p><strong>Anticipo<\/strong>: Basic + compressione e caching delle immagini, ottimizzazione dei link interni, raggruppamento dei fogli CSS e JS<\/p>\n<\/div>\n<\/div>\n<\/div>\n<\/div>\n<\/div>\n<\/div>\n<p>Guardate le nostre creazioni su <a href=\"https:\/\/hotel-webdesign.com\/it\/portafoglio\/\">https:\/\/hotel-webdesign.com\/portfolio<\/a><\/p>\n<\/div>\n\n\n\n\n\t\t\t<\/div> \n\t\t<\/div>\n\t<\/div> \n<\/div><\/div>\n\t\t<div id=\"fws_69da606d74237\"  data-column-margin=\"default\" data-midnight=\"dark\"  class=\"wpb_row vc_row-fluid vc_row\"  style=\"padding-top: 20px; padding-bottom: 20px; \"><div class=\"row-bg-wrap\" data-bg-animation=\"none\" data-bg-animation-delay=\"\" data-bg-overlay=\"false\"><div class=\"inner-wrap row-bg-layer using-image\" ><div class=\"row-bg viewport-desktop using-image\"  style=\"background-image: url(https:\/\/hotel-webdesign.com\/wp-content\/uploads\/2021\/06\/webdesign-hotel-websitedownload-8-1.jpg); background-position: left top; background-repeat: no-repeat; \"><\/div><\/div><\/div><div class=\"row_col_wrap_12 col span_12 dark center\">\n\t<div  class=\"vc_col-sm-12 wpb_column column_container vc_column_container col no-extra-padding inherit_tablet inherit_phone\"  data-padding-pos=\"all\" data-has-bg-color=\"false\" data-bg-color=\"\" data-bg-opacity=\"1\" data-animation=\"\" data-delay=\"0\" >\n\t\t<div class=\"vc_column-inner\" >\n\t\t\t<div class=\"wpb_wrapper\">\n\t\t\t\t<a class=\"nectar-button jumbo regular accent-color  regular-button popupbtn\"  role=\"button\" style=\"\"  href=\"#contact\" data-color-override=\"false\" data-hover-color-override=\"false\" data-hover-text-color-override=\"#fff\"><span>Siete interessati a un'offerta? Contattateci!<\/span><\/a>\n\t\t\t<\/div> \n\t\t<\/div>\n\t<\/div> \n<\/div><\/div>","protected":false},"excerpt":{"rendered":"Le offerte riportate di seguito corrispondono a pacchetti di abbonamento \"tutto compreso\". Preferite un design su misura? Offriamo anche pacchetti con l'acquisto del sito web da...","protected":false},"author":1,"featured_media":0,"parent":0,"menu_order":0,"comment_status":"closed","ping_status":"closed","template":"","meta":{"footnotes":""},"class_list":["post-4456","page","type-page","status-publish"],"yoast_head":"<!-- This site is optimized with the Yoast SEO plugin v27.1.1 - https:\/\/yoast.com\/product\/yoast-seo-wordpress\/ -->\n<title>Offres Web Pour Restaurant | Hotel Web-Design<\/title>\n<meta name=\"description\" content=\"Offre web pour restaurant, offres de cr\u00e9ation de site pour restaurateur, gastronomie module de r\u00e9servation de table r\u00e9f\u00e9rencement\" \/>\n<meta name=\"robots\" content=\"index, follow, max-snippet:-1, max-image-preview:large, max-video-preview:-1\" \/>\n<link rel=\"canonical\" href=\"https:\/\/hotel-webdesign.com\/it\/creazione-offerta-sito-ristorante\/\" \/>\n<meta property=\"og:locale\" content=\"it_IT\" \/>\n<meta property=\"og:type\" content=\"article\" \/>\n<meta property=\"og:title\" content=\"Offres Web Pour Restaurant | Hotel Web-Design\" \/>\n<meta property=\"og:description\" content=\"Offre web pour restaurant, offres de cr\u00e9ation de site pour restaurateur, gastronomie module de r\u00e9servation de table r\u00e9f\u00e9rencement\" \/>\n<meta property=\"og:url\" content=\"https:\/\/hotel-webdesign.com\/it\/creazione-offerta-sito-ristorante\/\" \/>\n<meta property=\"og:site_name\" content=\"Cr\u00e9ation Site H\u00f4tellerie &amp; Tourisme | Hotel Web Design\" \/>\n<meta property=\"article:publisher\" content=\"https:\/\/www.facebook.com\/hotelwebd\" \/>\n<meta property=\"article:modified_time\" content=\"2026-03-23T13:57:31+00:00\" \/>\n<meta property=\"og:image\" content=\"https:\/\/hotel-webdesign.com\/wp-content\/uploads\/2021\/05\/2-Home-version-noir.jpg\" \/>\n\t<meta property=\"og:image:width\" content=\"2185\" \/>\n\t<meta property=\"og:image:height\" content=\"1966\" \/>\n\t<meta property=\"og:image:type\" content=\"image\/jpeg\" \/>\n<script type=\"application\/ld+json\" class=\"yoast-schema-graph\">{\"@context\":\"https:\/\/schema.org\",\"@graph\":[{\"@type\":\"WebPage\",\"@id\":\"https:\/\/hotel-webdesign.com\/offre-creation-site-restaurant\/\",\"url\":\"https:\/\/hotel-webdesign.com\/offre-creation-site-restaurant\/\",\"name\":\"Offres Web Pour Restaurant | Hotel Web-Design\",\"isPartOf\":{\"@id\":\"https:\/\/hotel-webdesign.com\/#website\"},\"datePublished\":\"2020-04-06T11:48:20+00:00\",\"dateModified\":\"2026-03-23T13:57:31+00:00\",\"description\":\"Offre web pour restaurant, offres de cr\u00e9ation de site pour restaurateur, gastronomie module de r\u00e9servation de table r\u00e9f\u00e9rencement\",\"breadcrumb\":{\"@id\":\"https:\/\/hotel-webdesign.com\/offre-creation-site-restaurant\/#breadcrumb\"},\"inLanguage\":\"it-IT\",\"potentialAction\":[{\"@type\":\"ReadAction\",\"target\":[\"https:\/\/hotel-webdesign.com\/offre-creation-site-restaurant\/\"]}]},{\"@type\":\"BreadcrumbList\",\"@id\":\"https:\/\/hotel-webdesign.com\/offre-creation-site-restaurant\/#breadcrumb\",\"itemListElement\":[{\"@type\":\"ListItem\",\"position\":1,\"name\":\"Accueil\",\"item\":\"https:\/\/hotel-webdesign.com\/es\/\"},{\"@type\":\"ListItem\",\"position\":2,\"name\":\"Offres Web Pour Restaurant\"}]},{\"@type\":\"WebSite\",\"@id\":\"https:\/\/hotel-webdesign.com\/#website\",\"url\":\"https:\/\/hotel-webdesign.com\/\",\"name\":\"Hotel Web Design\",\"description\":\"Agence Web H\u00f4tels Restaurants\",\"publisher\":{\"@id\":\"https:\/\/hotel-webdesign.com\/#organization\"},\"alternateName\":\"Agence Web Hotels Restaurants\",\"potentialAction\":[{\"@type\":\"SearchAction\",\"target\":{\"@type\":\"EntryPoint\",\"urlTemplate\":\"https:\/\/hotel-webdesign.com\/?s={search_term_string}\"},\"query-input\":{\"@type\":\"PropertyValueSpecification\",\"valueRequired\":true,\"valueName\":\"search_term_string\"}}],\"inLanguage\":\"it-IT\"},{\"@type\":\"Organization\",\"@id\":\"https:\/\/hotel-webdesign.com\/#organization\",\"name\":\"Hotel Web Design\",\"url\":\"https:\/\/hotel-webdesign.com\/\",\"logo\":{\"@type\":\"ImageObject\",\"inLanguage\":\"it-IT\",\"@id\":\"https:\/\/hotel-webdesign.com\/#\/schema\/logo\/image\/\",\"url\":\"https:\/\/hotel-webdesign.com\/wp-content\/uploads\/2019\/11\/Hotel-Web-Design-logo-v2-version-grise.png\",\"contentUrl\":\"https:\/\/hotel-webdesign.com\/wp-content\/uploads\/2019\/11\/Hotel-Web-Design-logo-v2-version-grise.png\",\"width\":497,\"height\":181,\"caption\":\"Hotel Web Design\"},\"image\":{\"@id\":\"https:\/\/hotel-webdesign.com\/#\/schema\/logo\/image\/\"},\"sameAs\":[\"https:\/\/www.facebook.com\/hotelwebd\"]}]}<\/script>\n<!-- \/ Yoast SEO plugin. -->","yoast_head_json":{"title":"Offerte Web per il Web-Design di ristoranti e hotel","description":"Offerta web per il ristorante, offerte di creazione di siti web per il ristoratore, modulo di prenotazione di tavoli di gastronomia con riferimento","robots":{"index":"index","follow":"follow","max-snippet":"max-snippet:-1","max-image-preview":"max-image-preview:large","max-video-preview":"max-video-preview:-1"},"canonical":"https:\/\/hotel-webdesign.com\/it\/creazione-offerta-sito-ristorante\/","og_locale":"it_IT","og_type":"article","og_title":"Offres Web Pour Restaurant | Hotel Web-Design","og_description":"Offre web pour restaurant, offres de cr\u00e9ation de site pour restaurateur, gastronomie module de r\u00e9servation de table r\u00e9f\u00e9rencement","og_url":"https:\/\/hotel-webdesign.com\/it\/creazione-offerta-sito-ristorante\/","og_site_name":"Cr\u00e9ation Site H\u00f4tellerie &amp; Tourisme | Hotel Web Design","article_publisher":"https:\/\/www.facebook.com\/hotelwebd","article_modified_time":"2026-03-23T13:57:31+00:00","og_image":[{"width":2185,"height":1966,"url":"https:\/\/hotel-webdesign.com\/wp-content\/uploads\/2021\/05\/2-Home-version-noir.jpg","type":"image\/jpeg"}],"schema":{"@context":"https:\/\/schema.org","@graph":[{"@type":"WebPage","@id":"https:\/\/hotel-webdesign.com\/offre-creation-site-restaurant\/","url":"https:\/\/hotel-webdesign.com\/offre-creation-site-restaurant\/","name":"Offerte Web per il Web-Design di ristoranti e hotel","isPartOf":{"@id":"https:\/\/hotel-webdesign.com\/#website"},"datePublished":"2020-04-06T11:48:20+00:00","dateModified":"2026-03-23T13:57:31+00:00","description":"Offerta web per il ristorante, offerte di creazione di siti web per il ristoratore, modulo di prenotazione di tavoli di gastronomia con riferimento","breadcrumb":{"@id":"https:\/\/hotel-webdesign.com\/offre-creation-site-restaurant\/#breadcrumb"},"inLanguage":"it-IT","potentialAction":[{"@type":"ReadAction","target":["https:\/\/hotel-webdesign.com\/offre-creation-site-restaurant\/"]}]},{"@type":"BreadcrumbList","@id":"https:\/\/hotel-webdesign.com\/offre-creation-site-restaurant\/#breadcrumb","itemListElement":[{"@type":"ListItem","position":1,"name":"Accueil","item":"https:\/\/hotel-webdesign.com\/es\/"},{"@type":"ListItem","position":2,"name":"Offres Web Pour Restaurant"}]},{"@type":"WebSite","@id":"https:\/\/hotel-webdesign.com\/#website","url":"https:\/\/hotel-webdesign.com\/","name":"Web design per hotel","description":"Web Agency Alberghi Ristoranti","publisher":{"@id":"https:\/\/hotel-webdesign.com\/#organization"},"alternateName":"Agence Web Hotels Restaurants","potentialAction":[{"@type":"SearchAction","target":{"@type":"EntryPoint","urlTemplate":"https:\/\/hotel-webdesign.com\/?s={search_term_string}"},"query-input":{"@type":"PropertyValueSpecification","valueRequired":true,"valueName":"search_term_string"}}],"inLanguage":"it-IT"},{"@type":"Organization","@id":"https:\/\/hotel-webdesign.com\/#organization","name":"Web design per hotel","url":"https:\/\/hotel-webdesign.com\/","logo":{"@type":"ImageObject","inLanguage":"it-IT","@id":"https:\/\/hotel-webdesign.com\/#\/schema\/logo\/image\/","url":"https:\/\/hotel-webdesign.com\/wp-content\/uploads\/2019\/11\/Hotel-Web-Design-logo-v2-version-grise.png","contentUrl":"https:\/\/hotel-webdesign.com\/wp-content\/uploads\/2019\/11\/Hotel-Web-Design-logo-v2-version-grise.png","width":497,"height":181,"caption":"Hotel Web Design"},"image":{"@id":"https:\/\/hotel-webdesign.com\/#\/schema\/logo\/image\/"},"sameAs":["https:\/\/www.facebook.com\/hotelwebd"]}]}},"_links":{"self":[{"href":"https:\/\/hotel-webdesign.com\/it\/wp-json\/wp\/v2\/pages\/4456","targetHints":{"allow":["GET"]}}],"collection":[{"href":"https:\/\/hotel-webdesign.com\/it\/wp-json\/wp\/v2\/pages"}],"about":[{"href":"https:\/\/hotel-webdesign.com\/it\/wp-json\/wp\/v2\/types\/page"}],"author":[{"embeddable":true,"href":"https:\/\/hotel-webdesign.com\/it\/wp-json\/wp\/v2\/users\/1"}],"replies":[{"embeddable":true,"href":"https:\/\/hotel-webdesign.com\/it\/wp-json\/wp\/v2\/comments?post=4456"}],"version-history":[{"count":28,"href":"https:\/\/hotel-webdesign.com\/it\/wp-json\/wp\/v2\/pages\/4456\/revisions"}],"predecessor-version":[{"id":17002,"href":"https:\/\/hotel-webdesign.com\/it\/wp-json\/wp\/v2\/pages\/4456\/revisions\/17002"}],"wp:attachment":[{"href":"https:\/\/hotel-webdesign.com\/it\/wp-json\/wp\/v2\/media?parent=4456"}],"curies":[{"name":"wp","href":"https:\/\/api.w.org\/{rel}","templated":true}]}}